{"id":38946,"date":"2024-02-18T20:40:31","date_gmt":"2024-02-18T18:40:31","guid":{"rendered":"https:\/\/ddt.lv\/lv\/product\/lukturis-uzlad-led-plastic-ip44-110lm-1200mah-usb-melns-emos\/"},"modified":"2026-04-08T14:42:27","modified_gmt":"2026-04-08T11:42:27","slug":"lukturis-uzlad-led-plastic-ip44-110lm-1200mah-usb-melns-emos","status":"publish","type":"product","link":"https:\/\/ddt.lv\/lv\/product\/lukturis-uzlad-led-plastic-ip44-110lm-1200mah-usb-melns-emos\/","title":{"rendered":"Lukturis uzl\u0101d.LED plastic IP44 110lm 1200mAh USB melns EMOS"},"content":{"rendered":"<p>Lukturis uzl\u0101d\u0113jams LED plastic IP44 110lm 1200mAh USB melns no ra\u017eot\u0101ja EMOS<\/p>","protected":false},"excerpt":{"rendered":"<p>Lukturis uzl\u0101d\u0113jams LED plastic IP44 110lm 1200mAh USB melns no ra\u017eot\u0101ja EMOS<\/p>\n","protected":false},"featured_media":39072,"comment_status":"closed","ping_status":"closed","template":"","meta":{"inline_featured_image":false},"product_cat":[726],"product_tag":[],"yst_prominent_words":[],"class_list":{"0":"post-38946","1":"product","2":"type-product","3":"status-publish","4":"has-post-thumbnail","6":"product_cat-kabatas","8":"first","9":"instock","10":"taxable","11":"shipping-taxable","12":"purchasable","13":"product-type-simple"},"jetpack_sharing_enabled":true,"_links":{"self":[{"href":"https:\/\/ddt.lv\/lv\/wp-json\/wp\/v2\/product\/38946"}],"collection":[{"href":"https:\/\/ddt.lv\/lv\/wp-json\/wp\/v2\/product"}],"about":[{"href":"https:\/\/ddt.lv\/lv\/wp-json\/wp\/v2\/types\/product"}],"replies":[{"embeddable":true,"href":"https:\/\/ddt.lv\/lv\/wp-json\/wp\/v2\/comments?post=38946"}],"wp:featuredmedia":[{"embeddable":true,"href":"https:\/\/ddt.lv\/lv\/wp-json\/wp\/v2\/media\/39072"}],"wp:attachment":[{"href":"https:\/\/ddt.lv\/lv\/wp-json\/wp\/v2\/media?parent=38946"}],"wp:term":[{"taxonomy":"product_cat","embeddable":true,"href":"https:\/\/ddt.lv\/lv\/wp-json\/wp\/v2\/product_cat?post=38946"},{"taxonomy":"product_tag","embeddable":true,"href":"https:\/\/ddt.lv\/lv\/wp-json\/wp\/v2\/product_tag?post=38946"},{"taxonomy":"yst_prominent_words","embeddable":true,"href":"https:\/\/ddt.lv\/lv\/wp-json\/wp\/v2\/yst_prominent_words?post=38946"}],"curies":[{"name":"wp","href":"https:\/\/api.w.org\/{rel}","templated":true}]}}