{"id":38939,"date":"2024-02-18T20:20:31","date_gmt":"2024-02-18T18:20:31","guid":{"rendered":"https:\/\/ddt.lv\/lv\/product\/universals-celoj-adapt-pareja-eur-asv-azija-afrika-emos\/"},"modified":"2026-04-13T10:02:40","modified_gmt":"2026-04-13T07:02:40","slug":"universals-celoj-adapt-pareja-eur-asv-azija-afrika-emos","status":"publish","type":"product","link":"https:\/\/ddt.lv\/lv\/product\/universals-celoj-adapt-pareja-eur-asv-azija-afrika-emos\/","title":{"rendered":"Univers\u0101ls ce\u013coj. adapt.(p\u0101reja EUR\/ASV\/\u0100ZIJA\/\u0100FRIKA) EMOS"},"content":{"rendered":"<p>Univers\u0101ls ce\u013cojuma adapteris (p\u0101reja EUR\/ASV\/\u0100ZIJA\/\u0100FRIKA) no ra\u017eot\u0101ja EMOS<\/p>\n<p>Gr\u016bti iedom\u0101ties lab\u0101ku ce\u013cabiedru. Ar univers\u0101lo adapteri eiropie\u0161iem \u0101rzem\u0113s EMOS P0056N SKROSS PA34 j\u016bs varat piesl\u0113gt savu ier\u012bci viet\u0113jam spriegumam jebkur\u0101 pasaules viet\u0101! Adapteris nemaina t\u012bkla spriegumu un frekvenci. EMOS P0056N ce\u013cojumu adapteris ir paredz\u0113ts eiropie\u0161iem, kuri ce\u013co uz \u0101rzem\u0113m, jo \u200b\u200batbalsta ligzdas, kas tiek izmantotas Dienvidamerik\u0101, \u0100zij\u0101, Austr\u0101lij\u0101, Jaunz\u0113land\u0113, \u0136\u012bn\u0101, \u0100frik\u0101, Tuvajos Austrumos, Lielbrit\u0101nij\u0101, \u0160veic\u0113, It\u0101lij\u0101, Honkong\u0101, Indij\u0101 u.c.<\/p>\n<p>Izmantojot \u0161o adapteri, j\u016bs varat savienot ier\u012bci ar C (EURO), F (SCHUKO), E tipa spraudni vairumam divu un tr\u012bs polu iezem\u0113tu I un II aizsardz\u012bbas klases kontaktligzdu, kur\u0101m ir B tips (Anglija, \u012arija ), G (Anglija, \u012arija), I (Austr\u0101lija\/\u0136\u012bna), J (\u0160veice), L (It\u0101lija), N (Braz\u012blija).<\/p>\n<p>Tom\u0113r paturiet pr\u0101t\u0101, ka da\u017e\u0101d\u0101s \u0161o valstu da\u013c\u0101s var b\u016bt re\u0123ion\u0101las at\u0161\u0137ir\u012bbas elektriskajos standartos un specifik\u0101cij\u0101s, t\u0101p\u0113c vienm\u0113r ir ieteicams p\u0101rbaud\u012bt viet\u0113jos elektriskos kodus vai elektroiek\u0101rtu izmanto\u0161anu prec\u012bz\u0101 atra\u0161an\u0101s viet\u0101 un viesn\u012bc\u0101. uzturas pie. Prec\u012bz\u0101 dz\u012bvesviet\u0101 var b\u016bt vair\u0101ki varianti un novirzes. Piem. It\u0101lij\u0101 sastapsies ar F,L un C tipa spraud\u0146iem. Da\u017eviet It\u0101lij\u0101 der\u0113s m\u016bsu E tipa spraudnis,bet piem\u0113ram Ap\u016blijas da\u013c\u0101 atrad\u012bsi tikai L tipa, pieejams kioskos,elektronikas veikalos utt. .<\/p>\n<p>C tips (CEE 7\/16)\u00a0\u2014 Austrija, Be\u013c\u0123ija, Bulg\u0101rija, Horv\u0101tija, Igaunija, Somija, Francija, Grie\u0137ija, Ung\u0101rija, Islande, Luksemburga, N\u012bderlande, Norv\u0113\u0123ija, Polija, Portug\u0101le, Rum\u0101nija, Slov\u0101kija, Slov\u0113nija, Sp\u0101nija, Zviedrija , Turcija, Ukraina, Argent\u012bna, Urugvaja<\/p>\n<p>F tips (CEE 7\/4): Austrija, Be\u013c\u0123ija, Bulg\u0101rija, Horv\u0101tija, Igaunija, Somija, Francija, Grie\u0137ija, Ung\u0101rija, Islande, Luksemburga, N\u012bderlande, Norv\u0113\u0123ija, Polija, Portug\u0101le, Rum\u0101nija, Slov\u0101kija, Slov\u0113nija, Sp\u0101nija, Zviedrija , Turcija, Ukraina<\/p>\n<p>E tips (CEE 7\/5): Francija, Be\u013c\u0123ija, Luksemburga, Polija, Slov\u0101kija, \u010cehija<\/p>\n<p>B tips (NEMA 5-15): ASV, Kan\u0101da, Meksika<\/p>\n<p>G tips (BS 1363): Apvienot\u0101 Karaliste\u00a0\u2014 Lielbrit\u0101nija, \u012arija, Malaizija, Singap\u016bra, Honkonga<\/p>\n<p>I tips (AS 3112): Austr\u0101lija, Jaunz\u0113lande, Argent\u012bna, \u0136\u012bna<\/p>\n<p>J tips (SEV 1011): \u0160veice, Lihten\u0161teina<\/p>\n<p>L tips (CEI 23-16\/VII): It\u0101lija, \u010c\u012ble<\/p>\n<p>N tips (NBR 14136): Braz\u012blija<\/p>","protected":false},"excerpt":{"rendered":"<p>Univers\u0101ls ce\u013cojuma adapteris (p\u0101reja EUR\/ASV\/\u0100ZIJA\/\u0100FRIKA) no ra\u017eot\u0101ja EMOS Gr\u016bti iedom\u0101ties lab\u0101ku ce\u013cabiedru. Ar univers\u0101lo adapteri eiropie\u0161iem \u0101rzem\u0113s EMOS P0056N SKROSS PA34 j\u016bs varat piesl\u0113gt savu ier\u012bci viet\u0113jam spriegumam jebkur\u0101 pasaules viet\u0101! Adapteris nemaina t\u012bkla spriegumu un frekvenci. EMOS P0056N ce\u013cojumu adapteris ir paredz\u0113ts eiropie\u0161iem, kuri ce\u013co uz \u0101rzem\u0113m, jo \u200b\u200batbalsta ligzdas, kas tiek izmantotas Dienvidamerik\u0101, [&hellip;]<\/p>\n","protected":false},"featured_media":39032,"comment_status":"closed","ping_status":"closed","template":"","meta":{"inline_featured_image":false},"product_cat":[772,747],"product_tag":[],"yst_prominent_words":[],"class_list":{"0":"post-38939","1":"product","2":"type-product","3":"status-publish","4":"has-post-thumbnail","6":"product_cat-atlaides","7":"product_cat-sadalitaji-adapteri","9":"first","10":"instock","11":"sale","12":"taxable","13":"shipping-taxable","14":"purchasable","15":"product-type-simple"},"jetpack_sharing_enabled":true,"_links":{"self":[{"href":"https:\/\/ddt.lv\/lv\/wp-json\/wp\/v2\/product\/38939"}],"collection":[{"href":"https:\/\/ddt.lv\/lv\/wp-json\/wp\/v2\/product"}],"about":[{"href":"https:\/\/ddt.lv\/lv\/wp-json\/wp\/v2\/types\/product"}],"replies":[{"embeddable":true,"href":"https:\/\/ddt.lv\/lv\/wp-json\/wp\/v2\/comments?post=38939"}],"wp:featuredmedia":[{"embeddable":true,"href":"https:\/\/ddt.lv\/lv\/wp-json\/wp\/v2\/media\/39032"}],"wp:attachment":[{"href":"https:\/\/ddt.lv\/lv\/wp-json\/wp\/v2\/media?parent=38939"}],"wp:term":[{"taxonomy":"product_cat","embeddable":true,"href":"https:\/\/ddt.lv\/lv\/wp-json\/wp\/v2\/product_cat?post=38939"},{"taxonomy":"product_tag","embeddable":true,"href":"https:\/\/ddt.lv\/lv\/wp-json\/wp\/v2\/product_tag?post=38939"},{"taxonomy":"yst_prominent_words","embeddable":true,"href":"https:\/\/ddt.lv\/lv\/wp-json\/wp\/v2\/yst_prominent_words?post=38939"}],"curies":[{"name":"wp","href":"https:\/\/api.w.org\/{rel}","templated":true}]}}