{"id":38938,"date":"2024-02-18T20:20:31","date_gmt":"2024-02-18T18:20:31","guid":{"rendered":"https:\/\/ddt.lv\/lv\/product\/ladejama-ierice-bcn-40-usb-4v-aa-aaa-nimh-max-300ma-emos\/"},"modified":"2026-04-08T14:42:26","modified_gmt":"2026-04-08T11:42:26","slug":"ladejama-ierice-bcn-40-usb-4v-aa-aaa-nimh-max-300ma-emos","status":"publish","type":"product","link":"https:\/\/ddt.lv\/lv\/product\/ladejama-ierice-bcn-40-usb-4v-aa-aaa-nimh-max-300ma-emos\/","title":{"rendered":"L\u0101d\u0113jam\u0101 ier\u012bce BCN-40 USB 4v. AA\/AAA NiMH max 300mA EMOS"},"content":{"rendered":"<p>L\u0101d\u0113jam\u0101 ier\u012bce BCN-40 USB\u00a0 4 veidu AA\/AAA NiMH max 300mA no ra\u017eot\u0101ja EMOS.<\/p>","protected":false},"excerpt":{"rendered":"<p>L\u0101d\u0113jam\u0101 ier\u012bce BCN-40 USB\u00a0 4 veidu AA\/AAA NiMH max 300mA no ra\u017eot\u0101ja EMOS.<\/p>\n","protected":false},"featured_media":39038,"comment_status":"closed","ping_status":"closed","template":"","meta":{"inline_featured_image":false},"product_cat":[453],"product_tag":[],"yst_prominent_words":[],"class_list":{"0":"post-38938","1":"product","2":"type-product","3":"status-publish","4":"has-post-thumbnail","6":"product_cat-ladesanas-ierices","8":"first","9":"instock","10":"taxable","11":"shipping-taxable","12":"purchasable","13":"product-type-simple"},"jetpack_sharing_enabled":true,"_links":{"self":[{"href":"https:\/\/ddt.lv\/lv\/wp-json\/wp\/v2\/product\/38938"}],"collection":[{"href":"https:\/\/ddt.lv\/lv\/wp-json\/wp\/v2\/product"}],"about":[{"href":"https:\/\/ddt.lv\/lv\/wp-json\/wp\/v2\/types\/product"}],"replies":[{"embeddable":true,"href":"https:\/\/ddt.lv\/lv\/wp-json\/wp\/v2\/comments?post=38938"}],"wp:featuredmedia":[{"embeddable":true,"href":"https:\/\/ddt.lv\/lv\/wp-json\/wp\/v2\/media\/39038"}],"wp:attachment":[{"href":"https:\/\/ddt.lv\/lv\/wp-json\/wp\/v2\/media?parent=38938"}],"wp:term":[{"taxonomy":"product_cat","embeddable":true,"href":"https:\/\/ddt.lv\/lv\/wp-json\/wp\/v2\/product_cat?post=38938"},{"taxonomy":"product_tag","embeddable":true,"href":"https:\/\/ddt.lv\/lv\/wp-json\/wp\/v2\/product_tag?post=38938"},{"taxonomy":"yst_prominent_words","embeddable":true,"href":"https:\/\/ddt.lv\/lv\/wp-json\/wp\/v2\/yst_prominent_words?post=38938"}],"curies":[{"name":"wp","href":"https:\/\/api.w.org\/{rel}","templated":true}]}}