{"id":38935,"date":"2024-02-18T20:20:30","date_gmt":"2024-02-18T18:20:30","guid":{"rendered":"https:\/\/ddt.lv\/lv\/product\/powerbank-betaq10-10-000mah-wh-micro-usb-a-usb-c-melns-emos\/"},"modified":"2026-04-13T10:02:39","modified_gmt":"2026-04-13T07:02:39","slug":"powerbank-betaq10-10-000mah-wh-micro-usb-a-usb-c-melns-emos","status":"publish","type":"product","link":"https:\/\/ddt.lv\/lv\/product\/powerbank-betaq10-10-000mah-wh-micro-usb-a-usb-c-melns-emos\/","title":{"rendered":"Powerbank BETAQ10 10 000mAh Wh Micro USB-A\/USB-C melns EMOS"},"content":{"rendered":"<p>Powerbank BETAQ10 10 000mAh Wh Micro USB-A\/USB-C melna no ra\u017eot\u0101ja EMOS.<\/p>\n<p>EMOS B0532B Powerbank BetaQ 10 20000 B ir lielisks p\u0101rn\u0113s\u0101jamas uzl\u0101des ier\u012bces piem\u0113rs, kas apmierin\u0101s j\u016bsu vajadz\u012bbas gan m\u0101j\u0101s, gan ce\u013c\u0101. Ar 10 000 mAh ietilp\u012bbu tas pied\u0101v\u0101 pietiekami daudz jaudas, lai uzl\u0101d\u0113tu j\u016bsu ier\u012bces, piem\u0113ram, viedt\u0101lru\u0146us, plan\u0161etdatorus, e-las\u012bt\u0101jus un citas.<\/p>\n<p>T\u0101 izm\u0113ri ir 14,3\u00a0x\u00a06,8\u00a0x\u00a02,8\u00a0cm, un tas ir \u0113rti ievietojams kabat\u0101 vai som\u0101, lieliski piem\u0113rots ce\u013cojumiem vai gar\u0101m dien\u0101m prom no m\u0101j\u0101m. Un, sverot tikai 409 gramus, tas j\u016bs p\u0101r\u0101k neapgr\u016btin\u0101s.<\/p>","protected":false},"excerpt":{"rendered":"<p>Powerbank BETAQ10 10 000mAh Wh Micro USB-A\/USB-C melna no ra\u017eot\u0101ja EMOS. EMOS B0532B Powerbank BetaQ 10 20000 B ir lielisks p\u0101rn\u0113s\u0101jamas uzl\u0101des ier\u012bces piem\u0113rs, kas apmierin\u0101s j\u016bsu vajadz\u012bbas gan m\u0101j\u0101s, gan ce\u013c\u0101. Ar 10 000 mAh ietilp\u012bbu tas pied\u0101v\u0101 pietiekami daudz jaudas, lai uzl\u0101d\u0113tu j\u016bsu ier\u012bces, piem\u0113ram, viedt\u0101lru\u0146us, plan\u0161etdatorus, e-las\u012bt\u0101jus un citas. T\u0101 izm\u0113ri ir [&hellip;]<\/p>\n","protected":false},"featured_media":39017,"comment_status":"closed","ping_status":"closed","template":"","meta":{"inline_featured_image":false},"product_cat":[460],"product_tag":[],"yst_prominent_words":[],"class_list":{"0":"post-38935","1":"product","2":"type-product","3":"status-publish","4":"has-post-thumbnail","6":"product_cat-uzlades-stacijas","8":"first","9":"instock","10":"taxable","11":"shipping-taxable","12":"purchasable","13":"product-type-simple"},"jetpack_sharing_enabled":true,"_links":{"self":[{"href":"https:\/\/ddt.lv\/lv\/wp-json\/wp\/v2\/product\/38935"}],"collection":[{"href":"https:\/\/ddt.lv\/lv\/wp-json\/wp\/v2\/product"}],"about":[{"href":"https:\/\/ddt.lv\/lv\/wp-json\/wp\/v2\/types\/product"}],"replies":[{"embeddable":true,"href":"https:\/\/ddt.lv\/lv\/wp-json\/wp\/v2\/comments?post=38935"}],"wp:featuredmedia":[{"embeddable":true,"href":"https:\/\/ddt.lv\/lv\/wp-json\/wp\/v2\/media\/39017"}],"wp:attachment":[{"href":"https:\/\/ddt.lv\/lv\/wp-json\/wp\/v2\/media?parent=38935"}],"wp:term":[{"taxonomy":"product_cat","embeddable":true,"href":"https:\/\/ddt.lv\/lv\/wp-json\/wp\/v2\/product_cat?post=38935"},{"taxonomy":"product_tag","embeddable":true,"href":"https:\/\/ddt.lv\/lv\/wp-json\/wp\/v2\/product_tag?post=38935"},{"taxonomy":"yst_prominent_words","embeddable":true,"href":"https:\/\/ddt.lv\/lv\/wp-json\/wp\/v2\/yst_prominent_words?post=38935"}],"curies":[{"name":"wp","href":"https:\/\/api.w.org\/{rel}","templated":true}]}}