{"id":38867,"date":"2024-02-01T11:40:23","date_gmt":"2024-02-01T09:40:23","guid":{"rendered":"https:\/\/ddt.lv\/lv\/product\/riekstinu-panna-adler-ad3039-1600w-balta\/"},"modified":"2026-04-08T14:42:14","modified_gmt":"2026-04-08T11:42:14","slug":"riekstinu-panna-adler-ad3039-1600w-balta","status":"publish","type":"product","link":"https:\/\/ddt.lv\/lv\/product\/riekstinu-panna-adler-ad3039-1600w-balta\/","title":{"rendered":"Rieksti\u0146u panna Adler AD3039 1600W balta"},"content":{"rendered":"<p>Rieksti\u0146u \/ cepumu cep\u0161anas ier\u012bce no ra\u017eot\u0101ja Adler.<br \/>\nVien\u0101 pieg\u0101jien\u0101 var izcept 24 rieksti\u0146u cepumu pus\u012btes<\/p>\n<p>\u0100tra cep\u0161ana: 12 cepumi 2 min\u016bt\u0113s<br \/>\nSiltumizol\u0101cijas rokturi<br \/>\nKontroles gaisma<br \/>\nBez sl\u012bd\u0113\u0161anas p\u0101rkl\u0101jums<br \/>\nKabe\u013ca garums 80 cm<br \/>\n220-240V ~ 50\/60Hz<br \/>\nNov\u0113rt\u0113ta jauda: 1400W<br \/>\nMaksim\u0101l\u0101 jauda: 1600W<\/p>","protected":false},"excerpt":{"rendered":"<p>Rieksti\u0146u \/ cepumu cep\u0161anas ier\u012bce no ra\u017eot\u0101ja Adler. Vien\u0101 pieg\u0101jien\u0101 var izcept 24 rieksti\u0146u cepumu pus\u012btes \u0100tra cep\u0161ana: 12 cepumi 2 min\u016bt\u0113s Siltumizol\u0101cijas rokturi Kontroles gaisma Bez sl\u012bd\u0113\u0161anas p\u0101rkl\u0101jums Kabe\u013ca garums 80 cm 220-240V ~ 50\/60Hz Nov\u0113rt\u0113ta jauda: 1400W Maksim\u0101l\u0101 jauda: 1600W<\/p>\n","protected":false},"featured_media":38964,"comment_status":"closed","ping_status":"closed","template":"","meta":{"inline_featured_image":false},"product_cat":[532],"product_tag":[],"yst_prominent_words":[],"class_list":{"0":"post-38867","1":"product","2":"type-product","3":"status-publish","4":"has-post-thumbnail","6":"product_cat-vafelu-pankuku-pannas","8":"first","9":"instock","10":"taxable","11":"shipping-taxable","12":"purchasable","13":"product-type-simple"},"jetpack_sharing_enabled":true,"_links":{"self":[{"href":"https:\/\/ddt.lv\/lv\/wp-json\/wp\/v2\/product\/38867"}],"collection":[{"href":"https:\/\/ddt.lv\/lv\/wp-json\/wp\/v2\/product"}],"about":[{"href":"https:\/\/ddt.lv\/lv\/wp-json\/wp\/v2\/types\/product"}],"replies":[{"embeddable":true,"href":"https:\/\/ddt.lv\/lv\/wp-json\/wp\/v2\/comments?post=38867"}],"wp:featuredmedia":[{"embeddable":true,"href":"https:\/\/ddt.lv\/lv\/wp-json\/wp\/v2\/media\/38964"}],"wp:attachment":[{"href":"https:\/\/ddt.lv\/lv\/wp-json\/wp\/v2\/media?parent=38867"}],"wp:term":[{"taxonomy":"product_cat","embeddable":true,"href":"https:\/\/ddt.lv\/lv\/wp-json\/wp\/v2\/product_cat?post=38867"},{"taxonomy":"product_tag","embeddable":true,"href":"https:\/\/ddt.lv\/lv\/wp-json\/wp\/v2\/product_tag?post=38867"},{"taxonomy":"yst_prominent_words","embeddable":true,"href":"https:\/\/ddt.lv\/lv\/wp-json\/wp\/v2\/yst_prominent_words?post=38867"}],"curies":[{"name":"wp","href":"https:\/\/api.w.org\/{rel}","templated":true}]}}