{"id":38866,"date":"2024-02-01T11:40:22","date_gmt":"2024-02-01T09:40:22","guid":{"rendered":"https:\/\/ddt.lv\/lv\/product\/dubultais-sledzis-a-z-ip54-10a-250v-v-a-balts-emos\/"},"modified":"2026-04-13T10:05:58","modified_gmt":"2026-04-13T07:05:58","slug":"dubultais-sledzis-a-z-ip54-10a-250v-v-a-balts-emos","status":"publish","type":"product","link":"https:\/\/ddt.lv\/lv\/product\/dubultais-sledzis-a-z-ip54-10a-250v-v-a-balts-emos\/","title":{"rendered":"Dubultais sl\u0113dzis a\/z IP54 10A 250V v\/a balts EMOS"},"content":{"rendered":"<p>Dubultais sl\u0113dzis a\/z IP54 10A 250V v\/a balts no ra\u017eot\u0101ja EMOS.<\/p>\n<p>EMOS sl\u0113d\u017ea sl\u0113dzis A1398.4, \u0101ra, dubult\u0101, balts<\/p>\n<p>Divk\u0101r\u0161\u0101s komutatora sl\u0113dzis, \u0101ra, piem\u0113rots vair\u0101ku gaismas \u0137erme\u0146u vad\u012b\u0161anai.<\/p>\n<p>Specifik\u0101cijas<br \/>\nProdukts: S\u0113rijas sl\u0113dzis Nr. 5 (lustra)<br \/>\nStiprin\u0101juma veids: uz sienas<br \/>\nVersija: 2 pogas, klasiska \u016bdensiztur\u012bga<br \/>\nTips: 250 V~\/10 AX<br \/>\nIP\u00a0v\u0113rt\u0113jums: IP54<br \/>\nKr\u0101sa: balta<\/p>","protected":false},"excerpt":{"rendered":"<p>Dubultais sl\u0113dzis a\/z IP54 10A 250V v\/a balts no ra\u017eot\u0101ja EMOS. EMOS sl\u0113d\u017ea sl\u0113dzis A1398.4, \u0101ra, dubult\u0101, balts Divk\u0101r\u0161\u0101s komutatora sl\u0113dzis, \u0101ra, piem\u0113rots vair\u0101ku gaismas \u0137erme\u0146u vad\u012b\u0161anai. Specifik\u0101cijas Produkts: S\u0113rijas sl\u0113dzis Nr. 5 (lustra) Stiprin\u0101juma veids: uz sienas Versija: 2 pogas, klasiska \u016bdensiztur\u012bga Tips: 250 V~\/10 AX IP\u00a0v\u0113rt\u0113jums: IP54 Kr\u0101sa: balta<\/p>\n","protected":false},"featured_media":38960,"comment_status":"closed","ping_status":"closed","template":"","meta":{"inline_featured_image":false},"product_cat":[1302],"product_tag":[],"yst_prominent_words":[],"class_list":{"0":"post-38866","1":"product","2":"type-product","3":"status-publish","4":"has-post-thumbnail","6":"product_cat-sledzi","8":"first","9":"instock","10":"taxable","11":"shipping-taxable","12":"purchasable","13":"product-type-simple"},"jetpack_sharing_enabled":true,"_links":{"self":[{"href":"https:\/\/ddt.lv\/lv\/wp-json\/wp\/v2\/product\/38866"}],"collection":[{"href":"https:\/\/ddt.lv\/lv\/wp-json\/wp\/v2\/product"}],"about":[{"href":"https:\/\/ddt.lv\/lv\/wp-json\/wp\/v2\/types\/product"}],"replies":[{"embeddable":true,"href":"https:\/\/ddt.lv\/lv\/wp-json\/wp\/v2\/comments?post=38866"}],"wp:featuredmedia":[{"embeddable":true,"href":"https:\/\/ddt.lv\/lv\/wp-json\/wp\/v2\/media\/38960"}],"wp:attachment":[{"href":"https:\/\/ddt.lv\/lv\/wp-json\/wp\/v2\/media?parent=38866"}],"wp:term":[{"taxonomy":"product_cat","embeddable":true,"href":"https:\/\/ddt.lv\/lv\/wp-json\/wp\/v2\/product_cat?post=38866"},{"taxonomy":"product_tag","embeddable":true,"href":"https:\/\/ddt.lv\/lv\/wp-json\/wp\/v2\/product_tag?post=38866"},{"taxonomy":"yst_prominent_words","embeddable":true,"href":"https:\/\/ddt.lv\/lv\/wp-json\/wp\/v2\/yst_prominent_words?post=38866"}],"curies":[{"name":"wp","href":"https:\/\/api.w.org\/{rel}","templated":true}]}}