{"id":38865,"date":"2024-02-01T11:40:22","date_gmt":"2024-02-01T09:40:22","guid":{"rendered":"https:\/\/ddt.lv\/lv\/product\/parsledzis-sledzis-a-z-ip54-10a-250v-v-a-balts-emos\/"},"modified":"2026-04-08T14:45:49","modified_gmt":"2026-04-08T11:45:49","slug":"parsledzis-sledzis-a-z-ip54-10a-250v-v-a-balts-emos","status":"publish","type":"product","link":"https:\/\/ddt.lv\/lv\/product\/parsledzis-sledzis-a-z-ip54-10a-250v-v-a-balts-emos\/","title":{"rendered":"P\u0101rsl\u0113dzis\/sl\u0113dzis a\/z IP54 10A 250V v\/a balts EMOS"},"content":{"rendered":"<p>P\u0101rsl\u0113dzis\/sl\u0113dzis a\/z IP54 10A 250V v\/a balts no ra\u017eot\u0101ja EMOS.<\/p>\n<p>EMOS p\u0101rsl\u0113g\u0161anas sl\u0113dzis A1398.3, \u0101ra, viens divvirzienu, balts<\/p>\n<p>Viens \u0101ra sienas sl\u0113dzis apgaismojuma vad\u012bbai. Tas ir piem\u0113rots lampas vad\u012b\u0161anai no 2 da\u017e\u0101diem punktiem (novietojot 2 vien\u0101dus sl\u0113d\u017eus).<\/p>\n<p>Specifik\u0101cijas<br \/>\nProdukts: Mai\u0146str\u0101vas sl\u0113dzis Nr. 6<br \/>\nStiprin\u0101juma veids: uz sienas<br \/>\nVersija: 1 pogas k\u0101pnes, \u016bdensiztur\u012bgas<br \/>\nTips: 250 V~\/10 AX<br \/>\nIP\u00a0v\u0113rt\u0113jums: IP54<br \/>\nKr\u0101sa: balta<\/p>","protected":false},"excerpt":{"rendered":"<p>P\u0101rsl\u0113dzis\/sl\u0113dzis a\/z IP54 10A 250V v\/a balts no ra\u017eot\u0101ja EMOS. EMOS p\u0101rsl\u0113g\u0161anas sl\u0113dzis A1398.3, \u0101ra, viens divvirzienu, balts Viens \u0101ra sienas sl\u0113dzis apgaismojuma vad\u012bbai. Tas ir piem\u0113rots lampas vad\u012b\u0161anai no 2 da\u017e\u0101diem punktiem (novietojot 2 vien\u0101dus sl\u0113d\u017eus). Specifik\u0101cijas Produkts: Mai\u0146str\u0101vas sl\u0113dzis Nr. 6 Stiprin\u0101juma veids: uz sienas Versija: 1 pogas k\u0101pnes, \u016bdensiztur\u012bgas Tips: 250 V~\/10 [&hellip;]<\/p>\n","protected":false},"featured_media":38957,"comment_status":"closed","ping_status":"closed","template":"","meta":{"inline_featured_image":false},"product_cat":[1302],"product_tag":[],"yst_prominent_words":[],"class_list":{"0":"post-38865","1":"product","2":"type-product","3":"status-publish","4":"has-post-thumbnail","6":"product_cat-sledzi","8":"first","9":"instock","10":"taxable","11":"shipping-taxable","12":"purchasable","13":"product-type-simple"},"jetpack_sharing_enabled":true,"_links":{"self":[{"href":"https:\/\/ddt.lv\/lv\/wp-json\/wp\/v2\/product\/38865"}],"collection":[{"href":"https:\/\/ddt.lv\/lv\/wp-json\/wp\/v2\/product"}],"about":[{"href":"https:\/\/ddt.lv\/lv\/wp-json\/wp\/v2\/types\/product"}],"replies":[{"embeddable":true,"href":"https:\/\/ddt.lv\/lv\/wp-json\/wp\/v2\/comments?post=38865"}],"wp:featuredmedia":[{"embeddable":true,"href":"https:\/\/ddt.lv\/lv\/wp-json\/wp\/v2\/media\/38957"}],"wp:attachment":[{"href":"https:\/\/ddt.lv\/lv\/wp-json\/wp\/v2\/media?parent=38865"}],"wp:term":[{"taxonomy":"product_cat","embeddable":true,"href":"https:\/\/ddt.lv\/lv\/wp-json\/wp\/v2\/product_cat?post=38865"},{"taxonomy":"product_tag","embeddable":true,"href":"https:\/\/ddt.lv\/lv\/wp-json\/wp\/v2\/product_tag?post=38865"},{"taxonomy":"yst_prominent_words","embeddable":true,"href":"https:\/\/ddt.lv\/lv\/wp-json\/wp\/v2\/yst_prominent_words?post=38865"}],"curies":[{"name":"wp","href":"https:\/\/api.w.org\/{rel}","templated":true}]}}