{"id":38792,"date":"2024-01-19T08:40:23","date_gmt":"2024-01-19T06:40:23","guid":{"rendered":"https:\/\/ddt.lv\/lv\/product\/elektroenergijas-skaititajs-3x230-400v-0-5-100a-1000ipm-kwh\/"},"modified":"2026-04-13T09:48:16","modified_gmt":"2026-04-13T06:48:16","slug":"elektroenergijas-skaititajs-3x230-400v-0-5-100a-1000ipm-kwh","status":"publish","type":"product","link":"https:\/\/ddt.lv\/lv\/product\/elektroenergijas-skaititajs-3x230-400v-0-5-100a-1000ipm-kwh\/","title":{"rendered":"Elektroener\u0123ijas skait\u012bt\u0101js 3&#215;230\/400V 0.5-100A 1000ipm\/kWh"},"content":{"rendered":"<p>Elektroener\u0123ijas skait\u012bt\u0101js 3&#215;230\/400V 0.5-100A 1000ipm\/kWh.<\/p>\n<p>Tr\u012bsf\u0101zu elektroener\u0123ijas apak\u0161skait\u012bt\u0101ju SL03B izmanto, lai nor\u0101d\u012btu tr\u012bsf\u0101zu mai\u0146str\u0101vas elektroener\u0123ijas pat\u0113ri\u0146u tie\u0161\u0101 sist\u0113m\u0101. LCD ekr\u0101n\u0101 redzam\u0101 v\u0113rt\u012bba ir tr\u012bs f\u0101\u017eu impulsu summa, kas tiek p\u0101rv\u0113rsta tr\u012bsf\u0101zu sist\u0113m\u0101 pat\u0113r\u0113taj\u0101 ener\u0123ij\u0101. Ener\u0123ijas pat\u0113ri\u0146\u0161 tiek par\u0101d\u012bts kilovatstund\u0101s (kWh). Produktam ir rakstur\u012bga augsta precizit\u0101te. Tam ir indikatora gaismas, kas nor\u0101da uz impulsa izvades indik\u0101ciju &#8211; LED mirgo\u0161anas frekvence ir liel\u0101ka, jo liel\u0101ks ir ener\u0123ijas pat\u0113ri\u0146\u0161. Skait\u012bt\u0101js atbilst ES MID direkt\u012bvai.<\/p>","protected":false},"excerpt":{"rendered":"<p>Elektroener\u0123ijas skait\u012bt\u0101js 3&#215;230\/400V 0.5-100A 1000ipm\/kWh. Tr\u012bsf\u0101zu elektroener\u0123ijas apak\u0161skait\u012bt\u0101ju SL03B izmanto, lai nor\u0101d\u012btu tr\u012bsf\u0101zu mai\u0146str\u0101vas elektroener\u0123ijas pat\u0113ri\u0146u tie\u0161\u0101 sist\u0113m\u0101. LCD ekr\u0101n\u0101 redzam\u0101 v\u0113rt\u012bba ir tr\u012bs f\u0101\u017eu impulsu summa, kas tiek p\u0101rv\u0113rsta tr\u012bsf\u0101zu sist\u0113m\u0101 pat\u0113r\u0113taj\u0101 ener\u0123ij\u0101. Ener\u0123ijas pat\u0113ri\u0146\u0161 tiek par\u0101d\u012bts kilovatstund\u0101s (kWh). Produktam ir rakstur\u012bga augsta precizit\u0101te. Tam ir indikatora gaismas, kas nor\u0101da uz impulsa izvades indik\u0101ciju [&hellip;]<\/p>\n","protected":false},"featured_media":38799,"comment_status":"closed","ping_status":"closed","template":"","meta":{"inline_featured_image":false},"product_cat":[1380],"product_tag":[],"yst_prominent_words":[],"class_list":{"0":"post-38792","1":"product","2":"type-product","3":"status-publish","4":"has-post-thumbnail","6":"product_cat-elektroenergijas-skaititaji","8":"first","9":"instock","10":"taxable","11":"shipping-taxable","12":"purchasable","13":"product-type-simple"},"jetpack_sharing_enabled":true,"_links":{"self":[{"href":"https:\/\/ddt.lv\/lv\/wp-json\/wp\/v2\/product\/38792"}],"collection":[{"href":"https:\/\/ddt.lv\/lv\/wp-json\/wp\/v2\/product"}],"about":[{"href":"https:\/\/ddt.lv\/lv\/wp-json\/wp\/v2\/types\/product"}],"replies":[{"embeddable":true,"href":"https:\/\/ddt.lv\/lv\/wp-json\/wp\/v2\/comments?post=38792"}],"wp:featuredmedia":[{"embeddable":true,"href":"https:\/\/ddt.lv\/lv\/wp-json\/wp\/v2\/media\/38799"}],"wp:attachment":[{"href":"https:\/\/ddt.lv\/lv\/wp-json\/wp\/v2\/media?parent=38792"}],"wp:term":[{"taxonomy":"product_cat","embeddable":true,"href":"https:\/\/ddt.lv\/lv\/wp-json\/wp\/v2\/product_cat?post=38792"},{"taxonomy":"product_tag","embeddable":true,"href":"https:\/\/ddt.lv\/lv\/wp-json\/wp\/v2\/product_tag?post=38792"},{"taxonomy":"yst_prominent_words","embeddable":true,"href":"https:\/\/ddt.lv\/lv\/wp-json\/wp\/v2\/yst_prominent_words?post=38792"}],"curies":[{"name":"wp","href":"https:\/\/api.w.org\/{rel}","templated":true}]}}