{"id":38776,"date":"2024-01-17T22:20:33","date_gmt":"2024-01-17T20:20:33","guid":{"rendered":"https:\/\/ddt.lv\/lv\/product\/galda-lampa-kalend-uzlad-led-5w-320lm-4000k-dim-avide-melna\/"},"modified":"2026-04-13T10:02:36","modified_gmt":"2026-04-13T07:02:36","slug":"galda-lampa-kalend-uzlad-led-5w-320lm-4000k-dim-avide-melna","status":"publish","type":"product","link":"https:\/\/ddt.lv\/lv\/product\/galda-lampa-kalend-uzlad-led-5w-320lm-4000k-dim-avide-melna\/","title":{"rendered":"Galda lampa\/kalend.uzl\u0101d.LED 5W 320lm 4000K dim AVIDE melna"},"content":{"rendered":"<p>Galda lampa ar iebuv\u0113tu kalend\u0101ru un termometru, uzl\u0101d\u0113jama, LED dio\u017eu melna 5W 320lm 4000K dimm\u0113jama lampa no ra\u017eot\u0101ja AVIDE.<\/p>\n<p>Nodro\u0161iniet apgaismojumu uz sava rakst\u0101mgalda ar Avide 5 W displeja galda lampu. Ar savu vienk\u0101r\u0161o, minim\u0101lisma dizainu lampa nodro\u0161ina patiesi modernu efektu j\u016bsu istab\u0101m. Pateicoties ieb\u016bv\u0113tajam akumulatoram, bez uzl\u0101des varam to lietot l\u012bdz pat 4 stund\u0101m. Produkts pieejams balt\u0101 un meln\u0101 kr\u0101s\u0101. Papildus apgaismojam lampa ir apr\u012bkota ar kalend\u0101ru un termometru, j\u016bs var\u0113siet sekot l\u012bdzi gan ikdienas datumam, gan ar\u012b istabas temperat\u016brai.<\/p>","protected":false},"excerpt":{"rendered":"<p>Galda lampa ar iebuv\u0113tu kalend\u0101ru un termometru, uzl\u0101d\u0113jama, LED dio\u017eu melna 5W 320lm 4000K dimm\u0113jama lampa no ra\u017eot\u0101ja AVIDE. Nodro\u0161iniet apgaismojumu uz sava rakst\u0101mgalda ar Avide 5 W displeja galda lampu. Ar savu vienk\u0101r\u0161o, minim\u0101lisma dizainu lampa nodro\u0161ina patiesi modernu efektu j\u016bsu istab\u0101m. Pateicoties ieb\u016bv\u0113tajam akumulatoram, bez uzl\u0101des varam to lietot l\u012bdz pat 4 stund\u0101m. [&hellip;]<\/p>\n","protected":false},"featured_media":38809,"comment_status":"closed","ping_status":"closed","template":"","meta":{"inline_featured_image":false},"product_cat":[1292],"product_tag":[],"yst_prominent_words":[],"class_list":{"0":"post-38776","1":"product","2":"type-product","3":"status-publish","4":"has-post-thumbnail","6":"product_cat-galda-lampas-un-stavlampas-apgaismojums","8":"first","9":"instock","10":"taxable","11":"shipping-taxable","12":"purchasable","13":"product-type-simple"},"jetpack_sharing_enabled":true,"_links":{"self":[{"href":"https:\/\/ddt.lv\/lv\/wp-json\/wp\/v2\/product\/38776"}],"collection":[{"href":"https:\/\/ddt.lv\/lv\/wp-json\/wp\/v2\/product"}],"about":[{"href":"https:\/\/ddt.lv\/lv\/wp-json\/wp\/v2\/types\/product"}],"replies":[{"embeddable":true,"href":"https:\/\/ddt.lv\/lv\/wp-json\/wp\/v2\/comments?post=38776"}],"wp:featuredmedia":[{"embeddable":true,"href":"https:\/\/ddt.lv\/lv\/wp-json\/wp\/v2\/media\/38809"}],"wp:attachment":[{"href":"https:\/\/ddt.lv\/lv\/wp-json\/wp\/v2\/media?parent=38776"}],"wp:term":[{"taxonomy":"product_cat","embeddable":true,"href":"https:\/\/ddt.lv\/lv\/wp-json\/wp\/v2\/product_cat?post=38776"},{"taxonomy":"product_tag","embeddable":true,"href":"https:\/\/ddt.lv\/lv\/wp-json\/wp\/v2\/product_tag?post=38776"},{"taxonomy":"yst_prominent_words","embeddable":true,"href":"https:\/\/ddt.lv\/lv\/wp-json\/wp\/v2\/yst_prominent_words?post=38776"}],"curies":[{"name":"wp","href":"https:\/\/api.w.org\/{rel}","templated":true}]}}