{"id":38775,"date":"2024-01-17T22:20:33","date_gmt":"2024-01-17T20:20:33","guid":{"rendered":"https:\/\/ddt.lv\/lv\/product\/galda-lampa-kalend-uzlad-18led-5w-320lm-4000k-dim-avide\/"},"modified":"2026-04-22T08:47:31","modified_gmt":"2026-04-22T05:47:31","slug":"galda-lampa-kalend-uzlad-18led-5w-320lm-4000k-dim-avide","status":"publish","type":"product","link":"https:\/\/ddt.lv\/lv\/product\/galda-lampa-kalend-uzlad-18led-5w-320lm-4000k-dim-avide\/","title":{"rendered":"Galda lampa\/kalend.uzl\u0101d.18LED 5W 320lm 4000K dim AVIDE"},"content":{"rendered":"<p>Galda lampa ar kalend\u0101ru un termometru, uzl\u0101d\u0113jama, apr\u012bkota ar 18LED diod\u0113m\u00a0 5W un\u00a0 320lm 4000K dimm\u0113jama lampa no ra\u017eot\u0101ja\u00a0 AVIDE.<\/p>\n<p>Nodro\u0161iniet savam galdam nepiecie\u0161amo apgaismojumu ar Avide 5W LED galda lampu. Ar savu vienk\u0101r\u0161o un minim\u0101lisma dizainu lampa pie\u0161\u0137ir j\u016bsu istab\u0101m patiesi modernu izskatu. Avide galda lampai ir neitr\u0101la balt\u0101s kr\u0101sas temperat\u016bra, t\u0101 ir aptum\u0161ojama, k\u0101 ar\u012b apr\u012bkota ar RGB garast\u0101vok\u013ca apgaismojumu un ieb\u016bv\u0113tu akumulatoru. Produktam ir sk\u0101rienj\u016bt\u012bga vad\u012bbas poga, un tas ir aptum\u0161ojams 3 so\u013cos. Pateicoties ieb\u016bv\u0113tajam litija jonu akumulatoram, varat to izmantot l\u012bdz 4 stund\u0101m bez uzl\u0101des. Produkts ir pieejams m\u016bsu produktu kl\u0101st\u0101 da\u017e\u0101dos dizainos un balt\u0101 un meln\u0101 kr\u0101s\u0101. Komplekt\u0101 ietilpst ar\u012b mai\u0146str\u0101vas adapteris.<\/p>","protected":false},"excerpt":{"rendered":"<p>Galda lampa ar kalend\u0101ru un termometru, uzl\u0101d\u0113jama, apr\u012bkota ar 18LED diod\u0113m\u00a0 5W un\u00a0 320lm 4000K dimm\u0113jama lampa no ra\u017eot\u0101ja\u00a0 AVIDE. Nodro\u0161iniet savam galdam nepiecie\u0161amo apgaismojumu ar Avide 5W LED galda lampu. Ar savu vienk\u0101r\u0161o un minim\u0101lisma dizainu lampa pie\u0161\u0137ir j\u016bsu istab\u0101m patiesi modernu izskatu. Avide galda lampai ir neitr\u0101la balt\u0101s kr\u0101sas temperat\u016bra, t\u0101 ir aptum\u0161ojama, [&hellip;]<\/p>\n","protected":false},"featured_media":38815,"comment_status":"closed","ping_status":"closed","template":"","meta":{"inline_featured_image":false},"product_cat":[1292],"product_tag":[],"yst_prominent_words":[],"class_list":{"0":"post-38775","1":"product","2":"type-product","3":"status-publish","4":"has-post-thumbnail","6":"product_cat-galda-lampas-un-stavlampas-apgaismojums","8":"first","9":"instock","10":"taxable","11":"shipping-taxable","12":"purchasable","13":"product-type-simple"},"jetpack_sharing_enabled":true,"_links":{"self":[{"href":"https:\/\/ddt.lv\/lv\/wp-json\/wp\/v2\/product\/38775"}],"collection":[{"href":"https:\/\/ddt.lv\/lv\/wp-json\/wp\/v2\/product"}],"about":[{"href":"https:\/\/ddt.lv\/lv\/wp-json\/wp\/v2\/types\/product"}],"replies":[{"embeddable":true,"href":"https:\/\/ddt.lv\/lv\/wp-json\/wp\/v2\/comments?post=38775"}],"wp:featuredmedia":[{"embeddable":true,"href":"https:\/\/ddt.lv\/lv\/wp-json\/wp\/v2\/media\/38815"}],"wp:attachment":[{"href":"https:\/\/ddt.lv\/lv\/wp-json\/wp\/v2\/media?parent=38775"}],"wp:term":[{"taxonomy":"product_cat","embeddable":true,"href":"https:\/\/ddt.lv\/lv\/wp-json\/wp\/v2\/product_cat?post=38775"},{"taxonomy":"product_tag","embeddable":true,"href":"https:\/\/ddt.lv\/lv\/wp-json\/wp\/v2\/product_tag?post=38775"},{"taxonomy":"yst_prominent_words","embeddable":true,"href":"https:\/\/ddt.lv\/lv\/wp-json\/wp\/v2\/yst_prominent_words?post=38775"}],"curies":[{"name":"wp","href":"https:\/\/api.w.org\/{rel}","templated":true}]}}