{"id":38696,"date":"2024-01-10T22:00:31","date_gmt":"2024-01-10T20:00:31","guid":{"rendered":"https:\/\/ddt.lv\/lv\/product\/led-spuldze-t8-g13-14w-4000k-2100lm-120cm-nw-230v-emos\/"},"modified":"2026-04-09T08:46:05","modified_gmt":"2026-04-09T05:46:05","slug":"led-spuldze-t8-g13-14w-4000k-2100lm-120cm-nw-230v-emos","status":"publish","type":"product","link":"https:\/\/ddt.lv\/lv\/product\/led-spuldze-t8-g13-14w-4000k-2100lm-120cm-nw-230v-emos\/","title":{"rendered":"LED spuldze T8 G13 14W 4000K 2100lm 120cm NW 230V EMOS"},"content":{"rendered":"<p><\/p>\n<pre class=\"box-detail__title__text  box-detail__title__text--with-number\">LED fluorescent\u0101 spuldze PROFI PLUS T8 14W 120cm 2100lm 4000K neitr\u0101ls balta no ra\u017eot\u0101ja Emos.<\/pre>\n<p><\/p>","protected":false},"excerpt":{"rendered":"<p>LED fluorescent\u0101 spuldze PROFI PLUS T8 14W 120cm 2100lm 4000K neitr\u0101ls balta no ra\u017eot\u0101ja Emos.<\/p>\n","protected":false},"featured_media":38739,"comment_status":"closed","ping_status":"closed","template":"","meta":{"inline_featured_image":false},"product_cat":[1122],"product_tag":[],"yst_prominent_words":[],"class_list":{"0":"post-38696","1":"product","2":"type-product","3":"status-publish","4":"has-post-thumbnail","6":"product_cat-t8-spuldzes","8":"first","9":"outofstock","10":"taxable","11":"shipping-taxable","12":"purchasable","13":"product-type-simple"},"jetpack_sharing_enabled":true,"_links":{"self":[{"href":"https:\/\/ddt.lv\/lv\/wp-json\/wp\/v2\/product\/38696"}],"collection":[{"href":"https:\/\/ddt.lv\/lv\/wp-json\/wp\/v2\/product"}],"about":[{"href":"https:\/\/ddt.lv\/lv\/wp-json\/wp\/v2\/types\/product"}],"replies":[{"embeddable":true,"href":"https:\/\/ddt.lv\/lv\/wp-json\/wp\/v2\/comments?post=38696"}],"wp:featuredmedia":[{"embeddable":true,"href":"https:\/\/ddt.lv\/lv\/wp-json\/wp\/v2\/media\/38739"}],"wp:attachment":[{"href":"https:\/\/ddt.lv\/lv\/wp-json\/wp\/v2\/media?parent=38696"}],"wp:term":[{"taxonomy":"product_cat","embeddable":true,"href":"https:\/\/ddt.lv\/lv\/wp-json\/wp\/v2\/product_cat?post=38696"},{"taxonomy":"product_tag","embeddable":true,"href":"https:\/\/ddt.lv\/lv\/wp-json\/wp\/v2\/product_tag?post=38696"},{"taxonomy":"yst_prominent_words","embeddable":true,"href":"https:\/\/ddt.lv\/lv\/wp-json\/wp\/v2\/yst_prominent_words?post=38696"}],"curies":[{"name":"wp","href":"https:\/\/api.w.org\/{rel}","templated":true}]}}