{"id":38692,"date":"2024-01-10T21:40:35","date_gmt":"2024-01-10T19:40:35","guid":{"rendered":"https:\/\/ddt.lv\/lv\/product\/led-lumistr-5m-106w-77lm-w-24v-4000k-8210lm-24v-ip65-lenta-sylvania\/"},"modified":"2026-04-01T00:21:47","modified_gmt":"2026-03-31T21:21:47","slug":"led-lumistr-5m-106w-77lm-w-24v-4000k-8210lm-24v-ip65-lenta-sylvania","status":"publish","type":"product","link":"https:\/\/ddt.lv\/lv\/product\/led-lumistr-5m-106w-77lm-w-24v-4000k-8210lm-24v-ip65-lenta-sylvania\/","title":{"rendered":"LED LUMISTR 5m 106W, 77lm\/W, 24V, 4000K 8210lm 24V IP65 lenta Sylvania"},"content":{"rendered":"<p>5 metrus augsta izvades neitr\u0101la balta IP65\u00a0 LED lenta, kas pieg\u0101d\u0101ta ar 25 x 200 mm caursp\u012bd\u012bg\u0101m polikarbon\u0101ta mont\u0101\u017eas sloksn\u0113m, kas ir iepriek\u0161 piestiprin\u0101tas ar 3M l\u012bmlenti un 10 gala v\u0101ci\u0146iem, 8210 l\u016bmeni, 106W, 77lm\/W, 24V, 0,4000, IP4000, 40 stundas (L70), (LxWxD) 5000x14x4mm.<\/p>\n<p>Lumistrip Standard ir pieejams ra\u017eo\u0161anai dz\u012bvojam\u0101m telp\u0101m, k\u0101 ar\u012b Lumistrip Super un Lumistrip Pro mode\u013ci viet\u0101m, kur nepiecie\u0161ama vislab\u0101k\u0101 iesp\u0113jam\u0101 gaismas atdeve.<br \/>\nKr\u0101su temperat\u016bras to\u0146i silti balti 3000K un balti 4000K<br \/>\nIP67 mode\u013ciem ir plastmasas sloksne ar 3M l\u012bmlenti apak\u0161\u0101<br \/>\nLED sloksnes tiek pieg\u0101d\u0101tas 5 m ru\u013c\u013cos<br \/>\nIlgs kalpo\u0161anas laiks 40 000 stundu<br \/>\nLED kontrolieris pas\u016bt\u0101ms atsevi\u0161\u0137i<br \/>\nUzst\u0101d\u012b\u0161anai ir pieejami da\u017e\u0101di papildu piederumi<\/p>","protected":false},"excerpt":{"rendered":"<p>5 metrus augsta izvades neitr\u0101la balta IP65\u00a0 LED lenta, kas pieg\u0101d\u0101ta ar 25 x 200 mm caursp\u012bd\u012bg\u0101m polikarbon\u0101ta mont\u0101\u017eas sloksn\u0113m, kas ir iepriek\u0161 piestiprin\u0101tas ar 3M l\u012bmlenti un 10 gala v\u0101ci\u0146iem, 8210 l\u016bmeni, 106W, 77lm\/W, 24V, 0,4000, IP4000, 40 stundas (L70), (LxWxD) 5000x14x4mm. Lumistrip Standard ir pieejams ra\u017eo\u0161anai dz\u012bvojam\u0101m telp\u0101m, k\u0101 ar\u012b Lumistrip Super un [&hellip;]<\/p>\n","protected":false},"featured_media":38729,"comment_status":"closed","ping_status":"closed","template":"","meta":{"inline_featured_image":false},"product_cat":[897],"product_tag":[],"yst_prominent_words":[],"class_list":{"0":"post-38692","1":"product","2":"type-product","3":"status-publish","4":"has-post-thumbnail","6":"product_cat-led-lentas-un-piederumi","8":"first","9":"instock","10":"taxable","11":"shipping-taxable","12":"purchasable","13":"product-type-simple"},"jetpack_sharing_enabled":true,"_links":{"self":[{"href":"https:\/\/ddt.lv\/lv\/wp-json\/wp\/v2\/product\/38692"}],"collection":[{"href":"https:\/\/ddt.lv\/lv\/wp-json\/wp\/v2\/product"}],"about":[{"href":"https:\/\/ddt.lv\/lv\/wp-json\/wp\/v2\/types\/product"}],"replies":[{"embeddable":true,"href":"https:\/\/ddt.lv\/lv\/wp-json\/wp\/v2\/comments?post=38692"}],"wp:featuredmedia":[{"embeddable":true,"href":"https:\/\/ddt.lv\/lv\/wp-json\/wp\/v2\/media\/38729"}],"wp:attachment":[{"href":"https:\/\/ddt.lv\/lv\/wp-json\/wp\/v2\/media?parent=38692"}],"wp:term":[{"taxonomy":"product_cat","embeddable":true,"href":"https:\/\/ddt.lv\/lv\/wp-json\/wp\/v2\/product_cat?post=38692"},{"taxonomy":"product_tag","embeddable":true,"href":"https:\/\/ddt.lv\/lv\/wp-json\/wp\/v2\/product_tag?post=38692"},{"taxonomy":"yst_prominent_words","embeddable":true,"href":"https:\/\/ddt.lv\/lv\/wp-json\/wp\/v2\/yst_prominent_words?post=38692"}],"curies":[{"name":"wp","href":"https:\/\/api.w.org\/{rel}","templated":true}]}}