{"id":38691,"date":"2024-01-10T21:40:34","date_gmt":"2024-01-10T19:40:34","guid":{"rendered":"https:\/\/ddt.lv\/lv\/product\/led-lentas-komplekts-12v-22w-rgb-2700k-ip65-5m-wifi-tuya-ir\/"},"modified":"2026-04-01T00:22:23","modified_gmt":"2026-03-31T21:22:23","slug":"led-lentas-komplekts-12v-22w-rgb-2700k-ip65-5m-wifi-tuya-ir","status":"publish","type":"product","link":"https:\/\/ddt.lv\/lv\/product\/led-lentas-komplekts-12v-22w-rgb-2700k-ip65-5m-wifi-tuya-ir\/","title":{"rendered":"LED lentas komplekts 12V 22W RGB+2700K IP65 5m WIFI TUYA + IR"},"content":{"rendered":"<p>Led lente ar RGB apgaismojumu, kuras var main\u012bt izmantojot pulti. Lentai ir \u016bdensnecaurlaid\u012bga aizsardz\u012bba ar IP65 pak\u0101pi, kas nodro\u0161ina piln\u012bgu aizsardz\u012bbu pret \u0161\u013cakat\u0101m, tvaiku, un to var uzst\u0101d\u012bt pat virtuv\u0113 un vannas istab\u0101. Komplekt\u0101 ietilpst tikai lenta, t\u0101p\u0113c t\u0101s darb\u012bbai j\u0101ieg\u0101d\u0101jas 12V baro\u0161anas bloks, kas atbalsta vismaz 43,2 vatus. Ja pl\u0101nojat LED lentai pievienot papla\u0161in\u0101jumu, b\u016bs j\u0101izmanto attiec\u012bgi liel\u0101ks baro\u0161anas bloks, ir iesp\u0113ja apgaismoju vad\u012bt izmantojot telefona aplik\u0101ciju.<\/p>","protected":false},"excerpt":{"rendered":"<p>Led lente ar RGB apgaismojumu, kuras var main\u012bt izmantojot pulti. Lentai ir \u016bdensnecaurlaid\u012bga aizsardz\u012bba ar IP65 pak\u0101pi, kas nodro\u0161ina piln\u012bgu aizsardz\u012bbu pret \u0161\u013cakat\u0101m, tvaiku, un to var uzst\u0101d\u012bt pat virtuv\u0113 un vannas istab\u0101. Komplekt\u0101 ietilpst tikai lenta, t\u0101p\u0113c t\u0101s darb\u012bbai j\u0101ieg\u0101d\u0101jas 12V baro\u0161anas bloks, kas atbalsta vismaz 43,2 vatus. Ja pl\u0101nojat LED lentai pievienot papla\u0161in\u0101jumu, [&hellip;]<\/p>\n","protected":false},"featured_media":38721,"comment_status":"closed","ping_status":"closed","template":"","meta":{"inline_featured_image":false},"product_cat":[897],"product_tag":[],"yst_prominent_words":[],"class_list":{"0":"post-38691","1":"product","2":"type-product","3":"status-publish","4":"has-post-thumbnail","6":"product_cat-led-lentas-un-piederumi","8":"first","9":"instock","10":"taxable","11":"shipping-taxable","12":"purchasable","13":"product-type-simple"},"jetpack_sharing_enabled":true,"_links":{"self":[{"href":"https:\/\/ddt.lv\/lv\/wp-json\/wp\/v2\/product\/38691"}],"collection":[{"href":"https:\/\/ddt.lv\/lv\/wp-json\/wp\/v2\/product"}],"about":[{"href":"https:\/\/ddt.lv\/lv\/wp-json\/wp\/v2\/types\/product"}],"replies":[{"embeddable":true,"href":"https:\/\/ddt.lv\/lv\/wp-json\/wp\/v2\/comments?post=38691"}],"wp:featuredmedia":[{"embeddable":true,"href":"https:\/\/ddt.lv\/lv\/wp-json\/wp\/v2\/media\/38721"}],"wp:attachment":[{"href":"https:\/\/ddt.lv\/lv\/wp-json\/wp\/v2\/media?parent=38691"}],"wp:term":[{"taxonomy":"product_cat","embeddable":true,"href":"https:\/\/ddt.lv\/lv\/wp-json\/wp\/v2\/product_cat?post=38691"},{"taxonomy":"product_tag","embeddable":true,"href":"https:\/\/ddt.lv\/lv\/wp-json\/wp\/v2\/product_tag?post=38691"},{"taxonomy":"yst_prominent_words","embeddable":true,"href":"https:\/\/ddt.lv\/lv\/wp-json\/wp\/v2\/yst_prominent_words?post=38691"}],"curies":[{"name":"wp","href":"https:\/\/api.w.org\/{rel}","templated":true}]}}