{"id":38690,"date":"2024-01-10T21:40:32","date_gmt":"2024-01-10T19:40:32","guid":{"rendered":"https:\/\/ddt.lv\/lv\/product\/lukturis-uzlad-3w-1w-xpe-led-200lm-zoom-ip44-melns-entac\/"},"modified":"2026-04-14T15:46:11","modified_gmt":"2026-04-14T12:46:11","slug":"lukturis-uzlad-3w-1w-xpe-led-200lm-zoom-ip44-melns-entac","status":"publish","type":"product","link":"https:\/\/ddt.lv\/lv\/product\/lukturis-uzlad-3w-1w-xpe-led-200lm-zoom-ip44-melns-entac\/","title":{"rendered":"Lukturis uzl\u0101d. 3W+1W XPE LED 200lm ZOOM IP44 melns ENTAC"},"content":{"rendered":"<p>Lukturis uzl\u0101d. 3W+1W XPE LED 200lm ZOOM IP44 melns. no ra\u017eot\u0101ja ENTAC.<\/p>\n<p>Entac lukturi ir kvalitat\u012bvi un paroc\u012bgi. Ar kvalitat\u012bviem produktiem un to konkur\u0113tsp\u0113j\u012bgo cenu Entac ir viens no l\u012bderiem lukturu ra\u017eo\u0161an\u0101 person\u012bg\u0101m un profesion\u0101l\u0101m nepiecie\u0161am\u012bb\u0101m!<\/p>","protected":false},"excerpt":{"rendered":"<p>Lukturis uzl\u0101d. 3W+1W XPE LED 200lm ZOOM IP44 melns. no ra\u017eot\u0101ja ENTAC. Entac lukturi ir kvalitat\u012bvi un paroc\u012bgi. Ar kvalitat\u012bviem produktiem un to konkur\u0113tsp\u0113j\u012bgo cenu Entac ir viens no l\u012bderiem lukturu ra\u017eo\u0161an\u0101 person\u012bg\u0101m un profesion\u0101l\u0101m nepiecie\u0161am\u012bb\u0101m!<\/p>\n","protected":false},"featured_media":38707,"comment_status":"closed","ping_status":"closed","template":"","meta":{"inline_featured_image":false},"product_cat":[726],"product_tag":[],"yst_prominent_words":[],"class_list":{"0":"post-38690","1":"product","2":"type-product","3":"status-publish","4":"has-post-thumbnail","6":"product_cat-kabatas","8":"first","9":"instock","10":"taxable","11":"shipping-taxable","12":"purchasable","13":"product-type-simple"},"jetpack_sharing_enabled":true,"_links":{"self":[{"href":"https:\/\/ddt.lv\/lv\/wp-json\/wp\/v2\/product\/38690"}],"collection":[{"href":"https:\/\/ddt.lv\/lv\/wp-json\/wp\/v2\/product"}],"about":[{"href":"https:\/\/ddt.lv\/lv\/wp-json\/wp\/v2\/types\/product"}],"replies":[{"embeddable":true,"href":"https:\/\/ddt.lv\/lv\/wp-json\/wp\/v2\/comments?post=38690"}],"wp:featuredmedia":[{"embeddable":true,"href":"https:\/\/ddt.lv\/lv\/wp-json\/wp\/v2\/media\/38707"}],"wp:attachment":[{"href":"https:\/\/ddt.lv\/lv\/wp-json\/wp\/v2\/media?parent=38690"}],"wp:term":[{"taxonomy":"product_cat","embeddable":true,"href":"https:\/\/ddt.lv\/lv\/wp-json\/wp\/v2\/product_cat?post=38690"},{"taxonomy":"product_tag","embeddable":true,"href":"https:\/\/ddt.lv\/lv\/wp-json\/wp\/v2\/product_tag?post=38690"},{"taxonomy":"yst_prominent_words","embeddable":true,"href":"https:\/\/ddt.lv\/lv\/wp-json\/wp\/v2\/yst_prominent_words?post=38690"}],"curies":[{"name":"wp","href":"https:\/\/api.w.org\/{rel}","templated":true}]}}