{"id":38689,"date":"2024-01-10T21:40:32","date_gmt":"2024-01-10T19:40:32","guid":{"rendered":"https:\/\/ddt.lv\/lv\/product\/plano-vafelu-panna-adler-1500w\/"},"modified":"2026-04-08T14:42:20","modified_gmt":"2026-04-08T11:42:20","slug":"plano-vafelu-panna-adler-1500w","status":"publish","type":"product","link":"https:\/\/ddt.lv\/lv\/product\/plano-vafelu-panna-adler-1500w\/","title":{"rendered":"Pl\u0101no vafe\u013cu panna ADLER 1500W"},"content":{"rendered":"<p><strong>VAFE\u013bU PANNA ADLER AD 3038. Pl\u0101no vafe\u013cu panna no ra\u017eot\u0101ja ADLER 1500W.<\/p>\n<p>AD 3038 vafe\u013cu pagatavo\u0161anas ier\u012bci<\/strong>\u00a0nov\u0113rt\u0113 svaigu vafe\u013cu cien\u012bt\u0101ji, kas m\u012bl \u0113st pat\u012bkami krak\u0161\u0137o\u0161as vafeles. Pateicoties vafe\u013cu pannai, j\u016bs ieg\u016bsiet iesp\u0113ju pagatavot gardu desertu tikai da\u017eu mirk\u013cu laik\u0101, kas nepiecie\u0161ami, lai samais\u012btu m\u012bklu un uzsild\u012btu pl\u0101ksnes. \u0160\u0101d\u0101 veid\u0101, kad rodas v\u0113lme p\u0113c kaut k\u0101 salda, vienm\u0113r var izcept vafeles &#8211; un ap\u0113st t\u0101s vai nu vienas pa\u0161as, vai ar\u012b izv\u0113l\u0113ties t\u0101m citas sast\u0101vda\u013cas. P\u0113d\u0113j\u0101 variant\u0101 ir \u012bpa\u0161i noder\u012bgi cept vafe\u013cu konusus sald\u0113jumam un aug\u013cu desertiem, k\u0101 ar\u012b t\u016bbi\u0146as, ko pild\u0101t ar gardu kr\u0113mu. Labu apet\u012bti!<\/p>\n<p><strong>Negaid\u012btiem viesiem un ne tikai!<\/strong><br \/>\nKonusu veidot\u0101js ir ier\u012bce, pateicoties kurai j\u016bs varat \u0101tri pagatavot gardas caurul\u012btes, konususus un b\u013codas sald\u0113jumam vai desertiem ar aug\u013ciem un putukr\u0113jumu. Vienk\u0101r\u0161i atrodiet perfektu vafe\u013cu m\u012bklas recepti, un da\u017e\u0101s min\u016bt\u0113s rad\u012bsiet saldu br\u012bnumu. Komplekt\u0101 atrad\u012bsiet ar\u012b formu konusu pagatavo\u0161anai. T\u0101p\u0113c acumirkl\u012b varat pacelt savu desertu l\u012bdz restor\u0101na \u0113dienu rangam un saj\u016bsmin\u0101t viesus! Pateicoties lielajai 18 cm diametra pl\u0101tnei ar nel\u012bpo\u0161u p\u0101rkl\u0101jumu un vieglu temperat\u016bras regul\u0113\u0161anu, iespaid\u012bga deserta elementu pagatavo\u0161ana aiz\u0146ems tikai mirkli! Un tas patie\u0161\u0101m neprasa sare\u017e\u0123\u012btas konditorejas zin\u0101\u0161anas! Viss, kas jums nepiecie\u0161ams, ir nedaudz gribassp\u0113ka un laika, un j\u016bs \u0101tri pagatavosiet izv\u0113l\u0113to uzkodu!<\/p>\n<p><strong>Ier\u012bce visai \u0123imenei!<\/strong><br \/>\nPa\u0161darin\u0101tas vafeles ir deserta veids, ko j\u016bs pagatavosiet kop\u0101 ar savu b\u0113rnu. Pateicoties termostata lampi\u0146\u0101m un \u0113rtajai klip\u0161a aizv\u0113r\u0161anai, m\u016bsu vafe\u013cu pagatavo\u0161anas ier\u012bces lieto\u0161ana ir patie\u0161\u0101m intuit\u012bva. Termostata poga \u013caus iestat\u012bt pareizo temperat\u016bru. Tikai 5 l\u012bdz 15 min\u016btes cep\u0161anas, un j\u016bs varat gatavot vafeles kop\u0101 ar b\u0113rniem. T\u0101s var k\u013c\u016bt par pamatu gardam \u0123imenes desertam ar aug\u013ciem, sald\u0113jumu vai \u0161okol\u0101di. Pirms ier\u012bces t\u012br\u012b\u0161anas ar mitru dr\u0101ni\u0146u t\u0101 ir j\u0101izsl\u0113dz, j\u0101nogaida, kam\u0113r t\u0101 atdzis\u012bs, un tas ir viss darbs, kas jums ir j\u0101dara! Un m\u016bsu ce\u013cved\u012b j\u016bs atrad\u012bsiet receptes gardas vafe\u013cu m\u012bklas pagatavo\u0161anai! Ir v\u0113rts to p\u0101rbaud\u012bt!<\/p>","protected":false},"excerpt":{"rendered":"<p>VAFE\u013bU PANNA ADLER AD 3038. Pl\u0101no vafe\u013cu panna no ra\u017eot\u0101ja ADLER 1500W. AD 3038 vafe\u013cu pagatavo\u0161anas ier\u012bci\u00a0nov\u0113rt\u0113 svaigu vafe\u013cu cien\u012bt\u0101ji, kas m\u012bl \u0113st pat\u012bkami krak\u0161\u0137o\u0161as vafeles. Pateicoties vafe\u013cu pannai, j\u016bs ieg\u016bsiet iesp\u0113ju pagatavot gardu desertu tikai da\u017eu mirk\u013cu laik\u0101, kas nepiecie\u0161ami, lai samais\u012btu m\u012bklu un uzsild\u012btu pl\u0101ksnes. \u0160\u0101d\u0101 veid\u0101, kad rodas v\u0113lme p\u0113c kaut k\u0101 [&hellip;]<\/p>\n","protected":false},"featured_media":38710,"comment_status":"closed","ping_status":"closed","template":"","meta":{"inline_featured_image":false},"product_cat":[532],"product_tag":[],"yst_prominent_words":[],"class_list":{"0":"post-38689","1":"product","2":"type-product","3":"status-publish","4":"has-post-thumbnail","6":"product_cat-vafelu-pankuku-pannas","8":"first","9":"instock","10":"taxable","11":"shipping-taxable","12":"purchasable","13":"product-type-simple"},"jetpack_sharing_enabled":true,"_links":{"self":[{"href":"https:\/\/ddt.lv\/lv\/wp-json\/wp\/v2\/product\/38689"}],"collection":[{"href":"https:\/\/ddt.lv\/lv\/wp-json\/wp\/v2\/product"}],"about":[{"href":"https:\/\/ddt.lv\/lv\/wp-json\/wp\/v2\/types\/product"}],"replies":[{"embeddable":true,"href":"https:\/\/ddt.lv\/lv\/wp-json\/wp\/v2\/comments?post=38689"}],"wp:featuredmedia":[{"embeddable":true,"href":"https:\/\/ddt.lv\/lv\/wp-json\/wp\/v2\/media\/38710"}],"wp:attachment":[{"href":"https:\/\/ddt.lv\/lv\/wp-json\/wp\/v2\/media?parent=38689"}],"wp:term":[{"taxonomy":"product_cat","embeddable":true,"href":"https:\/\/ddt.lv\/lv\/wp-json\/wp\/v2\/product_cat?post=38689"},{"taxonomy":"product_tag","embeddable":true,"href":"https:\/\/ddt.lv\/lv\/wp-json\/wp\/v2\/product_tag?post=38689"},{"taxonomy":"yst_prominent_words","embeddable":true,"href":"https:\/\/ddt.lv\/lv\/wp-json\/wp\/v2\/yst_prominent_words?post=38689"}],"curies":[{"name":"wp","href":"https:\/\/api.w.org\/{rel}","templated":true}]}}