{"id":38582,"date":"2023-12-30T22:00:38","date_gmt":"2023-12-30T20:00:38","guid":{"rendered":"https:\/\/ddt.lv\/lv\/product\/led-virtene-emos-240led-6w-balta-cw-8mod-ip44-24m\/"},"modified":"2026-04-13T10:06:22","modified_gmt":"2026-04-13T07:06:22","slug":"led-virtene-emos-240led-6w-balta-cw-8mod-ip44-24m","status":"publish","type":"product","link":"https:\/\/ddt.lv\/lv\/product\/led-virtene-emos-240led-6w-balta-cw-8mod-ip44-24m\/","title":{"rendered":"LED virtene EMOS 240LED 6W balta CW 8MOD IP44 24m"},"content":{"rendered":"<p>Ziemassv\u0113tku LED virtene EMOS 240LED diodes 6W auksti baltu gaismu CW, 8 vari\u0101cijas 8MOD, piem\u0113rota iek\u0161telp\u0101m un \u0101ra lieto\u0161anai IP44, garums 24m,<\/p>","protected":false},"excerpt":{"rendered":"<p>Ziemassv\u0113tku LED virtene EMOS 240LED diodes 6W auksti baltu gaismu CW, 8 vari\u0101cijas 8MOD, piem\u0113rota iek\u0161telp\u0101m un \u0101ra lieto\u0161anai IP44, garums 24m,<\/p>\n","protected":false},"featured_media":38670,"comment_status":"closed","ping_status":"closed","template":"","meta":{"inline_featured_image":false},"product_cat":[772,912],"product_tag":[],"yst_prominent_words":[],"class_list":{"0":"post-38582","1":"product","2":"type-product","3":"status-publish","4":"has-post-thumbnail","6":"product_cat-atlaides","7":"product_cat-ara-virtenes","9":"first","10":"instock","11":"sale","12":"taxable","13":"shipping-taxable","14":"purchasable","15":"product-type-simple"},"jetpack_sharing_enabled":true,"_links":{"self":[{"href":"https:\/\/ddt.lv\/lv\/wp-json\/wp\/v2\/product\/38582"}],"collection":[{"href":"https:\/\/ddt.lv\/lv\/wp-json\/wp\/v2\/product"}],"about":[{"href":"https:\/\/ddt.lv\/lv\/wp-json\/wp\/v2\/types\/product"}],"replies":[{"embeddable":true,"href":"https:\/\/ddt.lv\/lv\/wp-json\/wp\/v2\/comments?post=38582"}],"wp:featuredmedia":[{"embeddable":true,"href":"https:\/\/ddt.lv\/lv\/wp-json\/wp\/v2\/media\/38670"}],"wp:attachment":[{"href":"https:\/\/ddt.lv\/lv\/wp-json\/wp\/v2\/media?parent=38582"}],"wp:term":[{"taxonomy":"product_cat","embeddable":true,"href":"https:\/\/ddt.lv\/lv\/wp-json\/wp\/v2\/product_cat?post=38582"},{"taxonomy":"product_tag","embeddable":true,"href":"https:\/\/ddt.lv\/lv\/wp-json\/wp\/v2\/product_tag?post=38582"},{"taxonomy":"yst_prominent_words","embeddable":true,"href":"https:\/\/ddt.lv\/lv\/wp-json\/wp\/v2\/yst_prominent_words?post=38582"}],"curies":[{"name":"wp","href":"https:\/\/api.w.org\/{rel}","templated":true}]}}