{"id":38550,"date":"2023-12-29T14:00:34","date_gmt":"2023-12-29T12:00:34","guid":{"rendered":"https:\/\/ddt.lv\/lv\/product\/pagarinatajs-metala-stativa-4-40m-3x2-5-3680w-a-z-ar-sledzi-gumijots-ip44-melns-emos\/"},"modified":"2026-04-13T10:02:35","modified_gmt":"2026-04-13T07:02:35","slug":"pagarinatajs-metala-stativa-4-40m-3x2-5-3680w-a-z-ar-sledzi-gumijots-ip44-melns-emos","status":"publish","type":"product","link":"https:\/\/ddt.lv\/lv\/product\/pagarinatajs-metala-stativa-4-40m-3x2-5-3680w-a-z-ar-sledzi-gumijots-ip44-melns-emos\/","title":{"rendered":"Pagarin\u0101t\u0101js met\u0101la stat\u012bv\u0101 4\/40m 3&#215;2.5 3680W a\/z ar sl\u0113dzi gumijots IP44 melns EMOS"},"content":{"rendered":"<p>S\u012bk\u0101ka inform\u0101cija par Emos Outdoor Cable Drum 40m 230V 1,5mm2 P19224<br \/>\nMet\u0101la kabe\u013ca trumulis 40 m 2,5 mm gumijasneopr\u0113ns ar 4 Schuko ligzd\u0101m<br \/>\nUzticams pal\u012bgs visiem profesion\u0101\u013ciem &#8211; pagarin\u0101t\u0101js ar robustu konstrukcijas spoli un met\u0101la korpusu. \u013bauj piesl\u0113gt l\u012bdz \u010detr\u0101m elektroier\u012bc\u0113m. Pateicoties 2,5 mm\u00b2 diametra vads, piln\u012bb\u0101 sat\u012btais kabelis var iztur\u0113t l\u012bdz pat 3 680 W (16 A) p\u0101rslodzi. Galven\u0101 priek\u0161roc\u012bba ir 40 m garums, kas \u013cauj str\u0101d\u0101t elast\u012bgi, neierobe\u017eoti. H07RN stieple var iztur\u0113t vid\u0113ju vai augstu meh\u0101nisko spriegumu. Pagarin\u0101t\u0101ju var izmantot ar\u012b mitr\u0101 vid\u0113, jo tas ir \u016bdensiztur\u012bgs un karstumiztur\u012bgs no -25 \u00b0C l\u012bdz +60 \u00b0C.<\/p>\n<p>Kabe\u013ca garums: 40 m<br \/>\nVai jums ir nepiecie\u0161ams str\u0101vas savienojums un nev\u0113laties, lai kabe\u013ca garums b\u016btu ierobe\u017eots? 40 m pagarin\u0101tais kabelis pied\u0101v\u0101 pla\u0161u pielietojumu kl\u0101stu daudz\u0101s jom\u0101s \u2013 gan celtniec\u012bb\u0101, gan lauksaimniec\u012bb\u0101. To var izmantot visda\u017e\u0101d\u0101kajiem pielietojumiem, piem\u0113ram, kabe\u013ca spole nodro\u0161ina nep\u0101rtrauktu uzt\u012b\u0161anu, ietaupot laiku un ener\u0123iju. Blo\u0137\u0113\u0161anas bremze nov\u0113r\u0161 nejau\u0161u att\u012b\u0161anu.<\/p>\n<p>Stingr\u0101 spoles konstrukcija un trumu\u013ca met\u0101la korpuss garant\u0113 ilgu kalpo\u0161anas laiku un uzticamu lieto\u0161anu. Priek\u0161roc\u012bba ir iztur\u012bga konstrukcija un \u0113rta v\u0101rpstas vad\u0101m\u012bba.<\/p>\n<p>4 2P + PE SCHUKO ligzdas<br \/>\nDarba laik\u0101 J\u016bs nov\u0113rt\u0113siet iesp\u0113ju 230 V~ rozet\u0113m piesl\u0113gt l\u012bdz pat 4 elektroier\u012bc\u0113m vienlaikus. Termiskais dro\u0161in\u0101t\u0101js aizsarg\u0101 pievienot\u0101s ier\u012bces. Ja elektrot\u012bkls ir p\u0101rslogots, siltuma dro\u0161in\u0101t\u0101js p\u0101rtrauks \u0137\u0113di un nov\u0113rs\u012bs j\u016bsu apr\u012bkojuma boj\u0101jumus.<\/p>\n<p>Aizsardz\u012bbas klase: IP44<br \/>\nVai str\u0101d\u0101jat viet\u0101, kur kabelis var non\u0101kt saskar\u0113 ar \u016bdeni? Nav j\u0101uztraucas. IP44 aizsardz\u012bbas l\u012bmenis nodro\u0161ina aizsardz\u012bbu pret \u016bdens \u0161\u013cakat\u0101m no visiem virzieniem. Turkl\u0101t elektroiek\u0101rtas ar \u0161o aizsardz\u012bbas l\u012bmeni iztur sve\u0161\u0137erme\u0146u, piem\u0113ram, mazu instrumentu vai vadu (&gt; 1 mm) iek\u013c\u016b\u0161anu. T\u0101tad j\u016bs varat izmantot kabeli, nebaidoties no boj\u0101jumiem vai savainojumiem. Aizsardz\u012bbas l\u012bmenis ir noteikts \u010cSN EN 60529.<\/p>\n<p>2,5 mm\u00b2 \u0161\u0137\u0113rsgriezuma kabelis H07RN-F<br \/>\n\u012apa\u0161i iztur\u012bgs H07RN vad\u012bt\u0101js ar 2,5 mm\u00b2 \u0161\u0137\u0113rsgriezums ir iztur\u012bgs pret mitrumu un termisk\u0101m sv\u0101rst\u012bb\u0101m no -25 \u00b0C l\u012bdz +60 \u00b0C. Uz to var pa\u013cauties vis\u0101s zon\u0101s, kas pak\u013cautas vid\u0113jai vai lielai meh\u0101niskai slodzei, ar main\u012bgiem temperat\u016bras un mitruma apst\u0101k\u013ciem.<\/p>\n<p>Maks. slodze uzt\u012btam kabelim 230 V~: 5,2 A max\/1 200 W, maks. slodze piln\u012bb\u0101 sat\u012btam kabelim 230 V~: 16 A max\/3 680 W.<\/p>","protected":false},"excerpt":{"rendered":"<p>S\u012bk\u0101ka inform\u0101cija par Emos Outdoor Cable Drum 40m 230V 1,5mm2 P19224 Met\u0101la kabe\u013ca trumulis 40 m 2,5 mm gumijasneopr\u0113ns ar 4 Schuko ligzd\u0101m Uzticams pal\u012bgs visiem profesion\u0101\u013ciem &#8211; pagarin\u0101t\u0101js ar robustu konstrukcijas spoli un met\u0101la korpusu. \u013bauj piesl\u0113gt l\u012bdz \u010detr\u0101m elektroier\u012bc\u0113m. Pateicoties 2,5 mm\u00b2 diametra vads, piln\u012bb\u0101 sat\u012btais kabelis var iztur\u0113t l\u012bdz pat 3 680 [&hellip;]<\/p>\n","protected":false},"featured_media":38657,"comment_status":"closed","ping_status":"closed","template":"","meta":{"inline_featured_image":false},"product_cat":[1343],"product_tag":[],"yst_prominent_words":[],"class_list":{"0":"post-38550","1":"product","2":"type-product","3":"status-publish","4":"has-post-thumbnail","6":"product_cat-pagarinataji-spole","8":"first","9":"instock","10":"taxable","11":"shipping-taxable","12":"purchasable","13":"product-type-simple"},"jetpack_sharing_enabled":true,"_links":{"self":[{"href":"https:\/\/ddt.lv\/lv\/wp-json\/wp\/v2\/product\/38550"}],"collection":[{"href":"https:\/\/ddt.lv\/lv\/wp-json\/wp\/v2\/product"}],"about":[{"href":"https:\/\/ddt.lv\/lv\/wp-json\/wp\/v2\/types\/product"}],"replies":[{"embeddable":true,"href":"https:\/\/ddt.lv\/lv\/wp-json\/wp\/v2\/comments?post=38550"}],"wp:featuredmedia":[{"embeddable":true,"href":"https:\/\/ddt.lv\/lv\/wp-json\/wp\/v2\/media\/38657"}],"wp:attachment":[{"href":"https:\/\/ddt.lv\/lv\/wp-json\/wp\/v2\/media?parent=38550"}],"wp:term":[{"taxonomy":"product_cat","embeddable":true,"href":"https:\/\/ddt.lv\/lv\/wp-json\/wp\/v2\/product_cat?post=38550"},{"taxonomy":"product_tag","embeddable":true,"href":"https:\/\/ddt.lv\/lv\/wp-json\/wp\/v2\/product_tag?post=38550"},{"taxonomy":"yst_prominent_words","embeddable":true,"href":"https:\/\/ddt.lv\/lv\/wp-json\/wp\/v2\/yst_prominent_words?post=38550"}],"curies":[{"name":"wp","href":"https:\/\/api.w.org\/{rel}","templated":true}]}}