{"id":38549,"date":"2023-12-29T14:00:34","date_gmt":"2023-12-29T12:00:34","guid":{"rendered":"https:\/\/ddt.lv\/lv\/product\/led-projektors-space-ww-2w-ip20-usb-3xaaa-emos\/"},"modified":"2026-04-13T10:06:24","modified_gmt":"2026-04-13T07:06:24","slug":"led-projektors-space-ww-2w-ip20-usb-3xaaa-emos","status":"publish","type":"product","link":"https:\/\/ddt.lv\/lv\/product\/led-projektors-space-ww-2w-ip20-usb-3xaaa-emos\/","title":{"rendered":"LED PROJEKTORS SPACE WW 2W IP20 USB+3xAAA EMOS"},"content":{"rendered":"<p>Projektors, kas paredz\u0113ts lieto\u0161anai iek\u0161telp\u0101s un projic\u0113 kust\u012bgus zvaig\u017e\u0146u un plan\u0113tu mot\u012bvus silt\u0101 balt\u0101 kr\u0101s\u0101 uz sienas, griestiem vai m\u0113bel\u0113m. Projektors tiek darbin\u0101ts ar AAA baterij\u0101m vai ar USB adaptera pal\u012bdz\u012bbu, t\u0101p\u0113c t\u0101 lieto\u0161ana ne tikai b\u0113rnu istab\u0101 ir piln\u012bgi dro\u0161a. \u013baujiet saviem b\u0113rniem bezr\u016bp\u012bgi aizmigt, skatoties uz nomierino\u0161aj\u0101m zvaig\u017e\u0146otaj\u0101m debes\u012bm.<\/p>","protected":false},"excerpt":{"rendered":"<p>Projektors, kas paredz\u0113ts lieto\u0161anai iek\u0161telp\u0101s un projic\u0113 kust\u012bgus zvaig\u017e\u0146u un plan\u0113tu mot\u012bvus silt\u0101 balt\u0101 kr\u0101s\u0101 uz sienas, griestiem vai m\u0113bel\u0113m. Projektors tiek darbin\u0101ts ar AAA baterij\u0101m vai ar USB adaptera pal\u012bdz\u012bbu, t\u0101p\u0113c t\u0101 lieto\u0161ana ne tikai b\u0113rnu istab\u0101 ir piln\u012bgi dro\u0161a. \u013baujiet saviem b\u0113rniem bezr\u016bp\u012bgi aizmigt, skatoties uz nomierino\u0161aj\u0101m zvaig\u017e\u0146otaj\u0101m debes\u012bm.<\/p>\n","protected":false},"featured_media":38650,"comment_status":"closed","ping_status":"closed","template":"","meta":{"inline_featured_image":false},"product_cat":[913],"product_tag":[],"yst_prominent_words":[],"class_list":{"0":"post-38549","1":"product","2":"type-product","3":"status-publish","4":"has-post-thumbnail","6":"product_cat-iekstelpu-dekori-led-virtenes-un-dekoracijas","8":"first","9":"instock","10":"taxable","11":"shipping-taxable","12":"purchasable","13":"product-type-simple"},"jetpack_sharing_enabled":true,"_links":{"self":[{"href":"https:\/\/ddt.lv\/lv\/wp-json\/wp\/v2\/product\/38549"}],"collection":[{"href":"https:\/\/ddt.lv\/lv\/wp-json\/wp\/v2\/product"}],"about":[{"href":"https:\/\/ddt.lv\/lv\/wp-json\/wp\/v2\/types\/product"}],"replies":[{"embeddable":true,"href":"https:\/\/ddt.lv\/lv\/wp-json\/wp\/v2\/comments?post=38549"}],"wp:featuredmedia":[{"embeddable":true,"href":"https:\/\/ddt.lv\/lv\/wp-json\/wp\/v2\/media\/38650"}],"wp:attachment":[{"href":"https:\/\/ddt.lv\/lv\/wp-json\/wp\/v2\/media?parent=38549"}],"wp:term":[{"taxonomy":"product_cat","embeddable":true,"href":"https:\/\/ddt.lv\/lv\/wp-json\/wp\/v2\/product_cat?post=38549"},{"taxonomy":"product_tag","embeddable":true,"href":"https:\/\/ddt.lv\/lv\/wp-json\/wp\/v2\/product_tag?post=38549"},{"taxonomy":"yst_prominent_words","embeddable":true,"href":"https:\/\/ddt.lv\/lv\/wp-json\/wp\/v2\/yst_prominent_words?post=38549"}],"curies":[{"name":"wp","href":"https:\/\/api.w.org\/{rel}","templated":true}]}}