{"id":38545,"date":"2023-12-29T14:00:32","date_gmt":"2023-12-29T12:00:32","guid":{"rendered":"https:\/\/ddt.lv\/lv\/product\/virtene-z-sv-gosmart-80led-rgb-ip44-8m-t-wi-fi-progr-emos\/"},"modified":"2026-04-13T10:06:23","modified_gmt":"2026-04-13T07:06:23","slug":"virtene-z-sv-gosmart-80led-rgb-ip44-8m-t-wi-fi-progr-emos","status":"publish","type":"product","link":"https:\/\/ddt.lv\/lv\/product\/virtene-ziemassv-gosmart-80led-rgb-ip44-8m-t-wi-fi-progr-emos\/","title":{"rendered":"Virtene Z-sv.GoSmart 80LED RGB IP44 8m T Wi-Fi progr.EMOS"},"content":{"rendered":"<p>GoSmart Ziemassv\u0113tku egl\u012b\u0161u lampi\u0146as 80LED diodes, 8m gara, ar pulti RGB 64 programmas, izmantojamas gan iek\u0161telp\u0101s, gan \u0101rpus t\u0101m IP44,\u00a0 vad\u0101ma caur aplik\u0101ciju, izmantojot Wi-Fi, D4ZR01 no ra\u017eot\u0101ja EMOS.<\/p>\n<p>EMOS unik\u0101laj\u0101m egl\u012b\u0161u lampi\u0146\u0101m D4ZR0 ir da\u017e\u0101das funkcijas, kuras tiek vad\u012btas, izmantojot WI-FI. J\u0101lejupiel\u0101d\u0113 GoSmarty aplik\u0101cija, kas \u013caus izv\u0113l\u0113ties da\u017e\u0101das gaismas funkcijas. Mums ir pat 64 RGB daudzfunkcijas, no kur\u0101m izv\u0113l\u0113ties, kas noteikti iepriecin\u0101s ikvienu. Ziemassv\u0113tku egl\u012btes gaismas ir 8 metrus garas, un t\u0101m ir melns vads, kura izm\u0113rs ir 5 metri. Lamp\u0101m ir IP44 aizsardz\u012bbas pak\u0101pe, t\u0101p\u0113c t\u0101s var uzst\u0101d\u012bt gan iek\u0161telp\u0101s, gan \u0101r\u0101. Ieb\u016bv\u0113t\u0101s gaismas diodes izstaro kr\u0101sainu gaismu ar jaudu 8,4 W. M\u0113s iesak\u0101m apskat\u012bt visu EMOS Ziemassv\u0113tku s\u0113riju.<\/p>","protected":false},"excerpt":{"rendered":"<p>GoSmart Ziemassv\u0113tku egl\u012b\u0161u lampi\u0146as 80LED diodes, 8m gara, ar pulti RGB 64 programmas, izmantojamas gan iek\u0161telp\u0101s, gan \u0101rpus t\u0101m IP44,\u00a0 vad\u0101ma caur aplik\u0101ciju, izmantojot Wi-Fi, D4ZR01 no ra\u017eot\u0101ja EMOS. EMOS unik\u0101laj\u0101m egl\u012b\u0161u lampi\u0146\u0101m D4ZR0 ir da\u017e\u0101das funkcijas, kuras tiek vad\u012btas, izmantojot WI-FI. J\u0101lejupiel\u0101d\u0113 GoSmarty aplik\u0101cija, kas \u013caus izv\u0113l\u0113ties da\u017e\u0101das gaismas funkcijas. Mums ir pat 64 [&hellip;]<\/p>\n","protected":false},"featured_media":38614,"comment_status":"closed","ping_status":"closed","template":"","meta":{"inline_featured_image":false},"product_cat":[772,912],"product_tag":[],"yst_prominent_words":[],"class_list":{"0":"post-38545","1":"product","2":"type-product","3":"status-publish","4":"has-post-thumbnail","6":"product_cat-atlaides","7":"product_cat-ara-virtenes","9":"first","10":"instock","11":"sale","12":"taxable","13":"shipping-taxable","14":"purchasable","15":"product-type-simple"},"jetpack_sharing_enabled":true,"_links":{"self":[{"href":"https:\/\/ddt.lv\/lv\/wp-json\/wp\/v2\/product\/38545"}],"collection":[{"href":"https:\/\/ddt.lv\/lv\/wp-json\/wp\/v2\/product"}],"about":[{"href":"https:\/\/ddt.lv\/lv\/wp-json\/wp\/v2\/types\/product"}],"replies":[{"embeddable":true,"href":"https:\/\/ddt.lv\/lv\/wp-json\/wp\/v2\/comments?post=38545"}],"wp:featuredmedia":[{"embeddable":true,"href":"https:\/\/ddt.lv\/lv\/wp-json\/wp\/v2\/media\/38614"}],"wp:attachment":[{"href":"https:\/\/ddt.lv\/lv\/wp-json\/wp\/v2\/media?parent=38545"}],"wp:term":[{"taxonomy":"product_cat","embeddable":true,"href":"https:\/\/ddt.lv\/lv\/wp-json\/wp\/v2\/product_cat?post=38545"},{"taxonomy":"product_tag","embeddable":true,"href":"https:\/\/ddt.lv\/lv\/wp-json\/wp\/v2\/product_tag?post=38545"},{"taxonomy":"yst_prominent_words","embeddable":true,"href":"https:\/\/ddt.lv\/lv\/wp-json\/wp\/v2\/yst_prominent_words?post=38545"}],"curies":[{"name":"wp","href":"https:\/\/api.w.org\/{rel}","templated":true}]}}