{"id":38544,"date":"2023-12-29T14:00:32","date_gmt":"2023-12-29T12:00:32","guid":{"rendered":"https:\/\/ddt.lv\/lv\/product\/led-virtene-emos-240led-6w-balta-ww-ip44-24m-ar-taimeri\/"},"modified":"2026-04-13T10:05:44","modified_gmt":"2026-04-13T07:05:44","slug":"led-virtene-emos-240led-6w-balta-ww-ip44-24m-ar-taimeri","status":"publish","type":"product","link":"https:\/\/ddt.lv\/lv\/product\/led-virtene-emos-240led-6w-balta-ww-ip44-24m-ar-taimeri\/","title":{"rendered":"LED virtene EMOS 240LED 6W balta WW IP44 24m, ar taimeri"},"content":{"rendered":"<p><\/p>\n<div class=\"box-detail__description__text\">\n<div class=\"in-user-text\">\n<div class=\"emos-row-bg\">\n<div class=\"emos-box-1of2\">\n<div class=\"emos-box-text\">\n<h3>Ziemassv\u0113tku egl\u012b\u0161u lampi\u0146as 240LEDdiodes, 24m gara, ar silti baltu gaismu, taimeri, izmantojamas gan iek\u0161telp\u0101s, gan \u0101rpus t\u0101m IP44,\u00a0 no ra\u017eot\u0101ja EMOS.<\/h3>\n<h3>Virtenes CLASSIC &#8211; standarta<\/h3>\n<p>Virtenes CLASSIC &#8211; standarta jau sen ir <strong>lab\u0101k pirkt\u0101s m\u016bsu pied\u0101v\u0101jum\u0101<\/strong>\u00a0un pied\u0101v\u0101 pla\u0161u\u00a0<strong>izmanto\u0161anas spektru ne tikai Ziemassv\u0113tku rot\u0101jumu un atmosf\u0113ras rad\u012b\u0161anai.\u00a0<\/strong>Atkar\u012bb\u0101 no\u00a0izv\u0113l\u0113t\u0101 gaismas garuma un kr\u0101sas\u00a0<strong>t\u0101s\u00a0par\u016bp\u0113jas par maziem rot\u0101jumiem interjer\u0101, Ziemassv\u0113tku egl\u012btes izgaismo\u0161anu\u00a0un\u00a0liel\u0101k\u0101m egl\u012bt\u0113m\u00a0d\u0101rz\u0101. J\u016bs varat viegli rad\u012bt\u00a0svin\u012bbu atmosf\u0113ru \u0123imenes sv\u0113tkos,\u00a0laul\u012bb\u0101s\u00a0vai\u00a0b\u0113rnu ball\u012bt\u0113.\u00a0Tom\u0113ra funkcija noteikti j\u016bs iepriecin\u0101s, kad t\u0101 tiek aktiviz\u0113ta, Virtene atk\u0101rtoti iedegas 6 stundas un p\u0113c tam izsl\u0113dzas uz 18 stund\u0101m.\u00a0<\/strong><\/p>\n<p><strong>KLASISK\u0100S virtenes standarta ir iztur\u012bgas pret mitrumu, pateicoties IP44 aizsardz\u012bbai, un piem\u0113rotas\u00a0vis\u0101m iek\u0161telpu un \u0101ra dekor\u0101cij\u0101m.<\/strong><\/p>\n<\/div>\n<\/div>\n<\/div>\n<\/div>\n<\/div>\n<div class=\"emos-row-bg\">\n<div class=\"emos-row\">\n<div class=\"emos-box-1of2 small-order-2 medium-order-1\">\n<div class=\"emos-box-image\"><strong>CLASSIC s\u0113rijas virtenes<\/strong><\/div>\n<\/div>\n<div class=\"emos-box-1of2\">\n<div class=\"emos-box-text\">\n<p><strong>EMOS CLASSIC LED Virtenes ir pieejamas vair\u0101k\u0101s form\u0101s\u00a0&#8211;\u00a0klasisk\u0101s virtenes, klasteri un stalakt\u012bti.\u00a0T\u0101s ir neaizst\u0101jamas, lai\u00a0rada pareizo sv\u0113tku atmosf\u0113ru.\u00a0Tas lieliski izskat\u012bsies\u00a0uz tradicion\u0101l\u0101s Ziemassv\u0113tku egl\u012btes, t\u0101s ir piem\u0113rotas\u00a0m\u0113be\u013cu, margu, siju\u00a0vai\u00a0durvju dekor\u0113\u0161anai interjer\u0101.Tos var izmantot ar\u012b \u0101r\u0101, lai\u00a0apgaismotu kr\u016bmus, kokus, pergolas, lapenes\u00a0u.c.<\/strong><\/p>\n<p><strong>Izv\u0113l\u0113tajiem virtenes veidiem ir 8 l\u012bdz 64 gaismas re\u017e\u012bmi, mirgojo\u0161s, pak\u0101peniska kr\u0101su mai\u0146a, anim\u0101cija vai t\u0101lvad\u012bbas pults. Praktiski ir mode\u013ci ar taimera funkciju, kas var izgaismot egl\u012bti regul\u0101ros interv\u0101los, un jums nav j\u0101uztraucas par to iesl\u0113g\u0161anu un izsl\u0113g\u0161anu. J\u016bs varat izv\u0113l\u0113ties no\u00a0pla\u0161a garumu un kr\u0101su kl\u0101sta,\u00a0un\u00a0ir pieejami mode\u013ci ar\u00a0jaudas adapteri\u00a0un ar akumulatoru.\u00a0<\/strong><\/p>\n<p><strong>Ne tikai Ziemassv\u0113tku egl\u012btes izgaismo\u0161anai m\u0113s pied\u0101v\u0101jam neskait\u0101mas LED virtenes ar EMOS z\u012bmolu, kas izce\u013cas ar zemu ener\u0123ijas pat\u0113ri\u0146u\u00a0un\u00a0ilgu kalpo\u0161anas laiku. Varat izv\u0113l\u0113ties tikai iek\u0161telp\u0101s (IP20), tikai \u0101rpus telp\u0101m (IP44) vai ar akumulatoru darbin\u0101mas virtenes, kas ir ide\u0101li piem\u0113rotas dekor\u0113\u0161anai viet\u0101s, kur nav pieejams elektr\u012bbas piesl\u0113gums. Ir\u00a0\u010detras LED gaismas virtenes, kas at\u0161\u0137iras p\u0113c LED izm\u0113ra un formas &#8211; NANO\u00a0&#8211;\u00a0CLASSIC\u00a0&#8211;\u00a0CHERRY\u00a0&#8211;\u00a0TRADITIONAL. Iz\u0161\u0137iro\u0161ie krit\u0113riji pareiz\u0101s virtenes izv\u0113lei ir t\u0101s garums, gaismas diodu skaits un gaismas kr\u0101sa.<\/strong><\/p>\n<\/div>\n<\/div>\n<\/div>\n<\/div>\n<p><\/p>","protected":false},"excerpt":{"rendered":"<p>Ziemassv\u0113tku egl\u012b\u0161u lampi\u0146as 240LEDdiodes, 24m gara, ar silti baltu gaismu, taimeri, izmantojamas gan iek\u0161telp\u0101s, gan \u0101rpus t\u0101m IP44,\u00a0 no ra\u017eot\u0101ja EMOS. Virtenes CLASSIC &#8211; standarta Virtenes CLASSIC &#8211; standarta jau sen ir lab\u0101k pirkt\u0101s m\u016bsu pied\u0101v\u0101jum\u0101\u00a0un pied\u0101v\u0101 pla\u0161u\u00a0izmanto\u0161anas spektru ne tikai Ziemassv\u0113tku rot\u0101jumu un atmosf\u0113ras rad\u012b\u0161anai.\u00a0Atkar\u012bb\u0101 no\u00a0izv\u0113l\u0113t\u0101 gaismas garuma un kr\u0101sas\u00a0t\u0101s\u00a0par\u016bp\u0113jas par maziem rot\u0101jumiem interjer\u0101, [&hellip;]<\/p>\n","protected":false},"featured_media":38624,"comment_status":"closed","ping_status":"closed","template":"","meta":{"inline_featured_image":false},"product_cat":[912],"product_tag":[],"yst_prominent_words":[],"class_list":{"0":"post-38544","1":"product","2":"type-product","3":"status-publish","4":"has-post-thumbnail","6":"product_cat-ara-virtenes","8":"first","9":"outofstock","10":"taxable","11":"shipping-taxable","12":"purchasable","13":"product-type-simple"},"jetpack_sharing_enabled":true,"_links":{"self":[{"href":"https:\/\/ddt.lv\/lv\/wp-json\/wp\/v2\/product\/38544"}],"collection":[{"href":"https:\/\/ddt.lv\/lv\/wp-json\/wp\/v2\/product"}],"about":[{"href":"https:\/\/ddt.lv\/lv\/wp-json\/wp\/v2\/types\/product"}],"replies":[{"embeddable":true,"href":"https:\/\/ddt.lv\/lv\/wp-json\/wp\/v2\/comments?post=38544"}],"wp:featuredmedia":[{"embeddable":true,"href":"https:\/\/ddt.lv\/lv\/wp-json\/wp\/v2\/media\/38624"}],"wp:attachment":[{"href":"https:\/\/ddt.lv\/lv\/wp-json\/wp\/v2\/media?parent=38544"}],"wp:term":[{"taxonomy":"product_cat","embeddable":true,"href":"https:\/\/ddt.lv\/lv\/wp-json\/wp\/v2\/product_cat?post=38544"},{"taxonomy":"product_tag","embeddable":true,"href":"https:\/\/ddt.lv\/lv\/wp-json\/wp\/v2\/product_tag?post=38544"},{"taxonomy":"yst_prominent_words","embeddable":true,"href":"https:\/\/ddt.lv\/lv\/wp-json\/wp\/v2\/yst_prominent_words?post=38544"}],"curies":[{"name":"wp","href":"https:\/\/api.w.org\/{rel}","templated":true}]}}