{"id":38539,"date":"2023-12-29T13:20:33","date_gmt":"2023-12-29T11:20:33","guid":{"rendered":"https:\/\/ddt.lv\/lv\/product\/virtene-ziemassvetku-450led-nano-saluts-6w-zala-ww-ip20-8m-taimeris-emos\/"},"modified":"2026-04-13T10:05:38","modified_gmt":"2026-04-13T07:05:38","slug":"virtene-ziemassvetku-450led-nano-saluts-6w-zala-ww-ip20-8m-taimeris-emos","status":"publish","type":"product","link":"https:\/\/ddt.lv\/lv\/product\/virtene-ziemassvetku-450led-nano-saluts-6w-zala-ww-ip20-8m-taimeris-emos\/","title":{"rendered":"Virtene Ziemassv\u0113tku 450LED nano sal\u016bts 6W za\u013ca WW IP20 8m taimeris EMOS"},"content":{"rendered":"<p>Ziemassv\u0113tku virtene NANO ar 450LED diod\u0113m 28m, no ra\u017eot\u0101ja EMOS.<\/p>\n<p>Ziemassv\u0113tlu virtene NANO ir <strong>elegants aksesu\u0101rs<\/strong>, kas noteikti k\u013c\u016bs par j\u016bsu uzticamu pal\u012bgu, veidojot\u00a0<strong>ne tikai Ziemassv\u0113tku kompoz\u012bcijas<\/strong>. NANO virtenes ir piem\u0113rotas lieto\u0161anai gan telp\u0101s, gan \u0101rpus telp\u0101m, un <strong>t\u0101m ir taimera funkcija<\/strong>, kas ir integr\u0113ta tie\u0161i baro\u0161anas blok\u0101. Viegl\u0101 stieple ir \u012bpa\u0161i pl\u0101na, un to var br\u012bvi saliekt atbilsto\u0161i sav\u0101m v\u0113lm\u0113m. NANO \u0137\u0113des var\u00a0<strong>uzst\u0101d\u012bt uz Ziemassv\u0113tku egl\u012btes<\/strong>,\u00a0<strong>uz\u00a0slied\u0113m,\u00a0durvju r\u0101mjiem\u00a0vai izmantot da\u017e\u0101d\u0101s Ziemassv\u0113tku kompoz\u012bcij\u0101s, piem\u0113ram,\u00a0v\u0101zes ar zariem.<\/strong><\/p>\n<h3><strong>Elegant\u0101 NANO s\u0113rija<\/strong><\/h3>\n<p><strong>Elegant\u0101s NANO LED virtenes no EMOS ir pieejamas vair\u0101k\u0101s form\u0101s &#8211; ugu\u0146o\u0161ana, klasisk\u0101s virtenes, klasteri un aizkari. <\/strong>D\u0113\u013c\u00a0<strong>smalk\u0101s<\/strong>,\u00a0<strong>gandr\u012bz neman\u0101m\u0101s stieples<\/strong>, virtenes viegl\u0101s da\u013cas skaisti izce\u013cas un var tikt izmantotas <strong>da\u017e\u0101du interjera da\u013cu, tostarp sv\u0113tku galda, dekor\u0113\u0161anai<\/strong>. Vara\u00a0<strong>vadu var izloc\u012bt p\u0113c sav\u0101m v\u0113lm\u0113m<\/strong>, un gaismi\u0146as var apt\u012bt, piem\u0113ram, adventes vainagu vai j\u016bsu m\u012b\u013c\u0101ko\u00a0<strong>skulpt\u016bru uz plaukta<\/strong>. \u0136\u0113de nodro\u0161in\u0101s ar\u012b stil\u012bgu rot\u0101jumu un pat\u012bkamu apgaismojumu, kad\u00a0<strong>ievietota burk\u0101 vai latern\u0101.<\/strong><\/p>\n<p>Univers\u0101l\u0101s NANO gaismas ir ac\u012bmredzama izv\u0113le\u00a0<strong>jaukas atmosf\u0113ras rad\u012b\u0161anai da\u017e\u0101dos sv\u0113tku pas\u0101kumos<\/strong>.<\/p>","protected":false},"excerpt":{"rendered":"<p>Ziemassv\u0113tku virtene NANO ar 450LED diod\u0113m 28m, no ra\u017eot\u0101ja EMOS. Ziemassv\u0113tlu virtene NANO ir elegants aksesu\u0101rs, kas noteikti k\u013c\u016bs par j\u016bsu uzticamu pal\u012bgu, veidojot\u00a0ne tikai Ziemassv\u0113tku kompoz\u012bcijas. NANO virtenes ir piem\u0113rotas lieto\u0161anai gan telp\u0101s, gan \u0101rpus telp\u0101m, un t\u0101m ir taimera funkcija, kas ir integr\u0113ta tie\u0161i baro\u0161anas blok\u0101. Viegl\u0101 stieple ir \u012bpa\u0161i pl\u0101na, un to [&hellip;]<\/p>\n","protected":false},"featured_media":38583,"comment_status":"closed","ping_status":"closed","template":"","meta":{"inline_featured_image":false},"product_cat":[772,911],"product_tag":[],"yst_prominent_words":[],"class_list":{"0":"post-38539","1":"product","2":"type-product","3":"status-publish","4":"has-post-thumbnail","6":"product_cat-atlaides","7":"product_cat-iekstelpu-virtenes","9":"first","10":"instock","11":"sale","12":"taxable","13":"shipping-taxable","14":"purchasable","15":"product-type-simple"},"jetpack_sharing_enabled":true,"_links":{"self":[{"href":"https:\/\/ddt.lv\/lv\/wp-json\/wp\/v2\/product\/38539"}],"collection":[{"href":"https:\/\/ddt.lv\/lv\/wp-json\/wp\/v2\/product"}],"about":[{"href":"https:\/\/ddt.lv\/lv\/wp-json\/wp\/v2\/types\/product"}],"replies":[{"embeddable":true,"href":"https:\/\/ddt.lv\/lv\/wp-json\/wp\/v2\/comments?post=38539"}],"wp:featuredmedia":[{"embeddable":true,"href":"https:\/\/ddt.lv\/lv\/wp-json\/wp\/v2\/media\/38583"}],"wp:attachment":[{"href":"https:\/\/ddt.lv\/lv\/wp-json\/wp\/v2\/media?parent=38539"}],"wp:term":[{"taxonomy":"product_cat","embeddable":true,"href":"https:\/\/ddt.lv\/lv\/wp-json\/wp\/v2\/product_cat?post=38539"},{"taxonomy":"product_tag","embeddable":true,"href":"https:\/\/ddt.lv\/lv\/wp-json\/wp\/v2\/product_tag?post=38539"},{"taxonomy":"yst_prominent_words","embeddable":true,"href":"https:\/\/ddt.lv\/lv\/wp-json\/wp\/v2\/yst_prominent_words?post=38539"}],"curies":[{"name":"wp","href":"https:\/\/api.w.org\/{rel}","templated":true}]}}