{"id":38189,"date":"2023-10-24T11:00:41","date_gmt":"2023-10-24T08:00:41","guid":{"rendered":"https:\/\/ddt.lv\/lv\/product\/wi-fi-gosmart-ip-3002s-rozete-a-z-3680w-balta-android-ios-emos\/"},"modified":"2026-04-13T10:02:32","modified_gmt":"2026-04-13T07:02:32","slug":"wi-fi-gosmart-ip-3002s-rozete-a-z-3680w-balta-android-ios-emos","status":"publish","type":"product","link":"https:\/\/ddt.lv\/lv\/product\/wi-fi-gosmart-ip-3002s-rozete-a-z-3680w-balta-android-ios-emos\/","title":{"rendered":"Wi-Fi GoSmart IP-3002S  rozete a\/z 3680W balta Android, iOS EMOS"},"content":{"rendered":"<p>Smart Wifi ligzda Emos P5531 ir moderna ier\u012bce, kas \u013cauj vad\u012bt piesl\u0113gt\u0101s ier\u012bces no att\u0101luma, uzraudz\u012bt to elektroener\u0123ijas pat\u0113ri\u0146u, izveidot grafikus un autom\u0101tiskos iesl\u0113g\u0161anas\/izsl\u0113g\u0161anas iestat\u012bjumus, k\u0101 ar\u012b konfigur\u0113t aizkav\u0113tu ier\u012b\u010du izsl\u0113g\u0161anu. Kontaktligzda tiek savienota ar t\u012bklu, izmantojot WFI vai Bluetooth, un ir sader\u012bga ar EMOSGoSmart produktiem un TUYA ier\u012bc\u0113m. Varat ar\u012b vad\u012bt kontaktligzdu ar balsi, izmantojot Google pal\u012bgu.<\/p>\n<p>Viedajai Wifi ligzdai Emos P5531 ir daudz funkciju un iestat\u012bjumu, kas \u013cauj konfigur\u0113t pievienoto ier\u012b\u010du darb\u012bbu atbilsto\u0161i sav\u0101m vajadz\u012bb\u0101m un \u0113rt\u012bb\u0101m.<\/p>\n<p>Smart Wifi ligzda Emos P5531 ir inovat\u012bva ier\u012bce, kas \u013cauj padar\u012bt m\u0101jokli \u0113rt\u0101ku, dro\u0161\u0101ku un energoefekt\u012bv\u0101ku. J\u016bs varat viegli kontrol\u0113t savas ier\u012bces, izmantojot viedt\u0101lruni vai balsi, izveidot grafikus un autom\u0101tiskus iesl\u0113g\u0161anas\/izsl\u0113g\u0161anas iestat\u012bjumus un skat\u012bt to ener\u0123ijas pat\u0113ri\u0146u.<\/p>\n<p>Vied\u0101 Wifi ligzda Emos P5531 ir ide\u0101ls pal\u012bgs j\u016bsu m\u0101j\u0101m. Kad ier\u012bce ir instal\u0113ta izv\u0113l\u0113taj\u0101 viet\u0101, vienk\u0101r\u0161i pievienojiet ier\u012bci savam m\u0101jas Wi-Fi t\u012bklam un savienojiet to p\u0101r\u012b ar EMOS GoSmart mobilo lietotni, kas pieejama gan Android, gan iOS mobilajiem t\u0101lru\u0146iem. Varat ar\u012b izmantot balss vad\u012bbu, pateicoties sader\u012bbai ar Amazon Alexa un Google Assistant. Integr\u0101cija ar EMOS GoSmart un TUYA Izveidojiet savu viedo m\u0101ju ar EMOS GoSmart un cit\u0101m ar TUYA sader\u012bg\u0101m viedier\u012bc\u0113m. Savienojiet atsevi\u0161\u0137as ier\u012bces, konfigur\u0113jiet to darb\u012bbu automatiz\u0101ciju un vadiet t\u0101s att\u0101lin\u0101ti, izmantojot piln\u012bb\u0101 lokaliz\u0113tu un intuit\u012bvu mobilo lietotni.<\/p>","protected":false},"excerpt":{"rendered":"<p>Smart Wifi ligzda Emos P5531 ir moderna ier\u012bce, kas \u013cauj vad\u012bt piesl\u0113gt\u0101s ier\u012bces no att\u0101luma, uzraudz\u012bt to elektroener\u0123ijas pat\u0113ri\u0146u, izveidot grafikus un autom\u0101tiskos iesl\u0113g\u0161anas\/izsl\u0113g\u0161anas iestat\u012bjumus, k\u0101 ar\u012b konfigur\u0113t aizkav\u0113tu ier\u012b\u010du izsl\u0113g\u0161anu. Kontaktligzda tiek savienota ar t\u012bklu, izmantojot WFI vai Bluetooth, un ir sader\u012bga ar EMOSGoSmart produktiem un TUYA ier\u012bc\u0113m. Varat ar\u012b vad\u012bt kontaktligzdu ar balsi, [&hellip;]<\/p>\n","protected":false},"featured_media":38211,"comment_status":"closed","ping_status":"closed","template":"","meta":{"inline_featured_image":false},"product_cat":[1634],"product_tag":[],"yst_prominent_words":[],"class_list":{"0":"post-38189","1":"product","2":"type-product","3":"status-publish","4":"has-post-thumbnail","6":"product_cat-wifi-videokameras-rozetes","8":"first","9":"instock","10":"taxable","11":"shipping-taxable","12":"purchasable","13":"product-type-simple"},"jetpack_sharing_enabled":true,"_links":{"self":[{"href":"https:\/\/ddt.lv\/lv\/wp-json\/wp\/v2\/product\/38189"}],"collection":[{"href":"https:\/\/ddt.lv\/lv\/wp-json\/wp\/v2\/product"}],"about":[{"href":"https:\/\/ddt.lv\/lv\/wp-json\/wp\/v2\/types\/product"}],"replies":[{"embeddable":true,"href":"https:\/\/ddt.lv\/lv\/wp-json\/wp\/v2\/comments?post=38189"}],"wp:featuredmedia":[{"embeddable":true,"href":"https:\/\/ddt.lv\/lv\/wp-json\/wp\/v2\/media\/38211"}],"wp:attachment":[{"href":"https:\/\/ddt.lv\/lv\/wp-json\/wp\/v2\/media?parent=38189"}],"wp:term":[{"taxonomy":"product_cat","embeddable":true,"href":"https:\/\/ddt.lv\/lv\/wp-json\/wp\/v2\/product_cat?post=38189"},{"taxonomy":"product_tag","embeddable":true,"href":"https:\/\/ddt.lv\/lv\/wp-json\/wp\/v2\/product_tag?post=38189"},{"taxonomy":"yst_prominent_words","embeddable":true,"href":"https:\/\/ddt.lv\/lv\/wp-json\/wp\/v2\/yst_prominent_words?post=38189"}],"curies":[{"name":"wp","href":"https:\/\/api.w.org\/{rel}","templated":true}]}}