{"id":38188,"date":"2023-10-24T11:00:41","date_gmt":"2023-10-24T08:00:41","guid":{"rendered":"https:\/\/ddt.lv\/lv\/product\/gosmart-outdoor-bateriju-kamera-ip-200-snap-wi-fi-130-ip65-android-ios\/"},"modified":"2026-04-13T10:02:31","modified_gmt":"2026-04-13T07:02:31","slug":"gosmart-outdoor-bateriju-kamera-ip-200-snap-wi-fi-130-ip65-android-ios","status":"publish","type":"product","link":"https:\/\/ddt.lv\/lv\/product\/gosmart-outdoor-bateriju-kamera-ip-200-snap-wi-fi-130-ip65-android-ios\/","title":{"rendered":"GoSmart Outdoor bateriju kamera IP-200 SNAP Wi-Fi 130\u00b0 IP65 Android, iOS"},"content":{"rendered":"<p>ai v\u0113laties lieliski apsarg\u0101t savu m\u0101ju, dz\u012bvokli vai pieskat\u012bt blakus eso\u0161o d\u0101rzu, gar\u0101\u017eu vai nemier\u012bgu m\u0101jdz\u012bvnieku? Tad jums var\u0113tu patikt vied\u0101 kamera IP-200 SNAP, kas ir apr\u012bkota ar daudz\u0101m inteli\u0123ent\u0101m dro\u0161\u012bbas funkcij\u0101m.<\/p>\n<p>D\u0113\u013c\u00a0<strong>vieglas uzst\u0101d\u012b\u0161anas<\/strong>,\u00a0<strong>darb\u012bbas bez akumulatora<\/strong>\u00a0un\u00a0<strong>univers\u0101las lieto\u0161anas telp\u0101s un \u0101rpus t\u0101m<\/strong>\u00a0t\u0101 k\u013c\u016bs par uzticamu j\u016bsu m\u0101jas sargsuni j\u016bsu promb\u016btnes laik\u0101.<\/p>\n<p>Kamerai ir\u00a0<strong>pla\u0161a le\u0146\u0137a objekt\u012bvs, Full HD iz\u0161\u0137irtsp\u0113ja un nakts redzam\u012bba<\/strong>, un j\u016bs ieg\u016bsiet perfektu un\u00a0<strong>neobjekt\u012bvu<\/strong>\u00a0p\u0101rskatu par apk\u0101rt notieko\u0161o apk\u0101rtn\u0113. P\u0113c aktiviz\u0113\u0161anas t\u0101 ar mobil\u0101 t\u0101lru\u0146a starpniec\u012bbu\u00a0<strong>br\u012bdina j\u016bs par fiks\u0113to kust\u012bbu objekt\u012bva redzeslauk\u0101<\/strong>\u00a0un\u00a0<strong>ieraksta ierakst\u012b\u0161anu SD kart\u0113 vai m\u0101ko\u0146datu kr\u0101tuv\u0113.\u00a0<\/strong>Un tas v\u0113l nav viss!<\/p>\n<p>Imp-200 SNAP vied\u0101 kamera ir apr\u012bkota ar\u00a0<strong>inteli\u0123entu kust\u012bbas noteik\u0161anu<\/strong>. Ja t\u0101s sensori konstat\u0113s neparastu darb\u012bbu, j\u016bs sa\u0146emsiet\u00a0<strong>pazi\u0146ojumu uz savu mobilo ier\u012bci<\/strong>. Tas dod iesp\u0113ju\u00a0<strong>ar kamer\u0101 ieb\u016bv\u0113to mikrofonu un ska\u013cruni\u00a0re\u0101laj\u0101 laik\u0101 run\u0101t\u00a0re\u0101laj\u0101 laik\u0101\u00a0un\u00a0nomierin\u0101t savu m\u0101jdz\u012bvnieku\u00a0vai\u00a0attur\u0113t nel\u016bgtu apmekl\u0113t\u0101ju.\u00a0Vienulaikus ar pazi\u0146ojuma nos\u016bt\u012b\u0161anu\u00a0kamera s\u0101k uz\u0146emt videoierakstu, ko autom\u0101tiski\u00a0noglab\u0101 m\u0101ko\u0146kamer\u0101\u00a0vai\u00a0mikro SD kart\u0113\u00a0ar ietilp\u012bbu l\u012bdz 128 GB.<\/strong><\/p>\n<p>Ja ir aktiviz\u0113ta\u00a0<strong>cilv\u0113ka noteik\u0161ana<\/strong>, tiks konstat\u0113ta tikai\u00a0<strong>cilv\u0113ka kust\u012bba<\/strong>, bet m\u0101jdz\u012bvnieki vai citi savva\u013cas dz\u012bvnieki tiks ignor\u0113ti. Kameras redzeslauk\u0101 ir iesp\u0113jams iestat\u012bt ar\u012b\u00a0<strong>\u012bpa\u0161u kust\u012bbas noteik\u0161anas zonu<\/strong>\u00a0un sken\u0113t tikai\u00a0<strong>izv\u0113l\u0113tu apsarg\u0101jam\u0101s teritorijas da\u013cu<\/strong>.<\/p>\n<p>Pateicoties\u00a0<strong>WebRTC tehnolo\u0123ijas<\/strong>\u00a0atbalstam, visas kameras funkcijas, tostarp balss un video sazi\u0146a re\u0101l\u0101 laik\u0101, ir pieejamas ar\u012b\u00a0<strong>p\u0101ri t\u012bmek\u013ca p\u0101rl\u016bkprogrammai.<\/strong><\/p>\n<p>&nbsp;<\/p>","protected":false},"excerpt":{"rendered":"<p>ai v\u0113laties lieliski apsarg\u0101t savu m\u0101ju, dz\u012bvokli vai pieskat\u012bt blakus eso\u0161o d\u0101rzu, gar\u0101\u017eu vai nemier\u012bgu m\u0101jdz\u012bvnieku? Tad jums var\u0113tu patikt vied\u0101 kamera IP-200 SNAP, kas ir apr\u012bkota ar daudz\u0101m inteli\u0123ent\u0101m dro\u0161\u012bbas funkcij\u0101m. D\u0113\u013c\u00a0vieglas uzst\u0101d\u012b\u0161anas,\u00a0darb\u012bbas bez akumulatora\u00a0un\u00a0univers\u0101las lieto\u0161anas telp\u0101s un \u0101rpus t\u0101m\u00a0t\u0101 k\u013c\u016bs par uzticamu j\u016bsu m\u0101jas sargsuni j\u016bsu promb\u016btnes laik\u0101. Kamerai ir\u00a0pla\u0161a le\u0146\u0137a objekt\u012bvs, Full [&hellip;]<\/p>\n","protected":false},"featured_media":38210,"comment_status":"closed","ping_status":"closed","template":"","meta":{"inline_featured_image":false},"product_cat":[1634],"product_tag":[],"yst_prominent_words":[],"class_list":{"0":"post-38188","1":"product","2":"type-product","3":"status-publish","4":"has-post-thumbnail","6":"product_cat-wifi-videokameras-rozetes","8":"first","9":"instock","10":"taxable","11":"shipping-taxable","12":"purchasable","13":"product-type-simple"},"jetpack_sharing_enabled":true,"_links":{"self":[{"href":"https:\/\/ddt.lv\/lv\/wp-json\/wp\/v2\/product\/38188"}],"collection":[{"href":"https:\/\/ddt.lv\/lv\/wp-json\/wp\/v2\/product"}],"about":[{"href":"https:\/\/ddt.lv\/lv\/wp-json\/wp\/v2\/types\/product"}],"replies":[{"embeddable":true,"href":"https:\/\/ddt.lv\/lv\/wp-json\/wp\/v2\/comments?post=38188"}],"wp:featuredmedia":[{"embeddable":true,"href":"https:\/\/ddt.lv\/lv\/wp-json\/wp\/v2\/media\/38210"}],"wp:attachment":[{"href":"https:\/\/ddt.lv\/lv\/wp-json\/wp\/v2\/media?parent=38188"}],"wp:term":[{"taxonomy":"product_cat","embeddable":true,"href":"https:\/\/ddt.lv\/lv\/wp-json\/wp\/v2\/product_cat?post=38188"},{"taxonomy":"product_tag","embeddable":true,"href":"https:\/\/ddt.lv\/lv\/wp-json\/wp\/v2\/product_tag?post=38188"},{"taxonomy":"yst_prominent_words","embeddable":true,"href":"https:\/\/ddt.lv\/lv\/wp-json\/wp\/v2\/yst_prominent_words?post=38188"}],"curies":[{"name":"wp","href":"https:\/\/api.w.org\/{rel}","templated":true}]}}