{"id":38187,"date":"2023-10-24T11:00:41","date_gmt":"2023-10-24T08:00:41","guid":{"rendered":"https:\/\/ddt.lv\/lv\/product\/gosmart-portable-scene-kontrolieris-sledzis-ip-2002zw-zigbee-3-0-2-pogas-cr-2430-3-v\/"},"modified":"2026-04-13T10:02:32","modified_gmt":"2026-04-13T07:02:32","slug":"gosmart-portable-scene-kontrolieris-sledzis-ip-2002zw-zigbee-3-0-2-pogas-cr-2430-3-v","status":"publish","type":"product","link":"https:\/\/ddt.lv\/lv\/product\/gosmart-portable-scene-kontrolieris-sledzis-ip-2002zw-zigbee-3-0-2-pogas-cr-2430-3-v\/","title":{"rendered":"GoSmart Portable Scene kontrolieris (sl\u0113dzis) IP-2002ZW, ZigBee 3.0, 2 pogas, CR 2430 3 V"},"content":{"rendered":"<p>Ar p\u0101rn\u0113s\u0101jamo ZigBee IP-2002ZW scen\u0101rija sl\u0113dzi j\u016bs varat vienlaikus vad\u012bt vair\u0101kas m\u0101jas elektroier\u012bces vai apgaismojumu, nospie\u017eot pogu. Izmantojot \u0161\u0101da veida izsmalcin\u0101tu kontrolieri, katrai pogai varat iestat\u012bt citu funkciju (si\u017eetu) un p\u0113c tam to vienk\u0101r\u0161i aktiviz\u0113t. Vai pl\u0101nojat filmu vakaru m\u0101j\u0101s? Nospie\u017eot pogu, vienlaikus varat nolaist \u017eal\u016bzijas, aptum\u0161ot telpas apgaismojumu un izsl\u0113gt gaisa kondicion\u0113t\u0101ju.<\/p>\n<p>Katra poga atpaz\u012bst tr\u012bs piesk\u0101riena re\u017e\u012bmus \u2013 parasto vienu nospie\u0161anu, dubultpiesk\u0101rienu vai ilgsto\u0161u pogas nospie\u0161anu. Tas sniedz jums pavisam 6 kombin\u0101cijas m\u0101jas iestat\u012b\u0161anai un \u0113rtai vad\u012bbai.<\/p>\n<p>Varat savienot IP-2002ZW scen\u0101rija sl\u0113dzi ar cit\u0101m viedaj\u0101m m\u0101jas ier\u012bc\u0113m, izmantojot m\u0101jas WIFI t\u012bklam pievienoto ZigBee v\u0101rteju. Izmantojiet EMOS GoSmart mobilo lietotni, lai iestat\u012btu katru ainu.<\/p>\n<p>Ier\u012bces sazin\u0101s sav\u0101 starp\u0101, izmantojot moderno ZigBee protokolu, kas ir paz\u012bstams ar savu augsto dro\u0161\u012bbas un stabilit\u0101tes l\u012bmeni. M\u0113s garant\u0113jam, ka j\u016bsu viedier\u012bces vienm\u0113r darbosies nevainojami un b\u016bs aizsarg\u0101tas no hakeru uzbrukumiem.<\/p>\n<p>Pateicoties ier\u012b\u010du, kas darbojas ar ZigBee protokolu, augstajai efektivit\u0101tei un zemajam ener\u0123ijas pat\u0113ri\u0146am, CR2430 akumulatora darb\u012bbas laiks, kas darbina kontrolieri, ir \u0101rk\u0101rt\u012bgi gar\u0161, t\u0101p\u0113c nav nepiecie\u0161ams piesl\u0113gties elektrot\u012bklam.<\/p>\n<p>Integr\u0101cija EMOS GoSmart un TUYA sist\u0113m\u0101s.<\/p>","protected":false},"excerpt":{"rendered":"<p>Ar p\u0101rn\u0113s\u0101jamo ZigBee IP-2002ZW scen\u0101rija sl\u0113dzi j\u016bs varat vienlaikus vad\u012bt vair\u0101kas m\u0101jas elektroier\u012bces vai apgaismojumu, nospie\u017eot pogu. Izmantojot \u0161\u0101da veida izsmalcin\u0101tu kontrolieri, katrai pogai varat iestat\u012bt citu funkciju (si\u017eetu) un p\u0113c tam to vienk\u0101r\u0161i aktiviz\u0113t. Vai pl\u0101nojat filmu vakaru m\u0101j\u0101s? Nospie\u017eot pogu, vienlaikus varat nolaist \u017eal\u016bzijas, aptum\u0161ot telpas apgaismojumu un izsl\u0113gt gaisa kondicion\u0113t\u0101ju. Katra poga [&hellip;]<\/p>\n","protected":false},"featured_media":38215,"comment_status":"closed","ping_status":"closed","template":"","meta":{"inline_featured_image":false},"product_cat":[1634],"product_tag":[],"yst_prominent_words":[],"class_list":{"0":"post-38187","1":"product","2":"type-product","3":"status-publish","4":"has-post-thumbnail","6":"product_cat-wifi-videokameras-rozetes","8":"first","9":"instock","10":"taxable","11":"shipping-taxable","12":"purchasable","13":"product-type-simple"},"jetpack_sharing_enabled":true,"_links":{"self":[{"href":"https:\/\/ddt.lv\/lv\/wp-json\/wp\/v2\/product\/38187"}],"collection":[{"href":"https:\/\/ddt.lv\/lv\/wp-json\/wp\/v2\/product"}],"about":[{"href":"https:\/\/ddt.lv\/lv\/wp-json\/wp\/v2\/types\/product"}],"replies":[{"embeddable":true,"href":"https:\/\/ddt.lv\/lv\/wp-json\/wp\/v2\/comments?post=38187"}],"wp:featuredmedia":[{"embeddable":true,"href":"https:\/\/ddt.lv\/lv\/wp-json\/wp\/v2\/media\/38215"}],"wp:attachment":[{"href":"https:\/\/ddt.lv\/lv\/wp-json\/wp\/v2\/media?parent=38187"}],"wp:term":[{"taxonomy":"product_cat","embeddable":true,"href":"https:\/\/ddt.lv\/lv\/wp-json\/wp\/v2\/product_cat?post=38187"},{"taxonomy":"product_tag","embeddable":true,"href":"https:\/\/ddt.lv\/lv\/wp-json\/wp\/v2\/product_tag?post=38187"},{"taxonomy":"yst_prominent_words","embeddable":true,"href":"https:\/\/ddt.lv\/lv\/wp-json\/wp\/v2\/yst_prominent_words?post=38187"}],"curies":[{"name":"wp","href":"https:\/\/api.w.org\/{rel}","templated":true}]}}