{"id":38186,"date":"2023-10-24T11:00:40","date_gmt":"2023-10-24T08:00:40","guid":{"rendered":"https:\/\/ddt.lv\/lv\/product\/gosmart-multifunkcionala-varteja-zigbee-gateway-ip-1000z-ar-bluetooth-and-wi-fi\/"},"modified":"2026-04-13T10:02:32","modified_gmt":"2026-04-13T07:02:32","slug":"gosmart-multifunkcionala-varteja-zigbee-gateway-ip-1000z-ar-bluetooth-and-wi-fi","status":"publish","type":"product","link":"https:\/\/ddt.lv\/lv\/product\/gosmart-multifunkcionala-varteja-zigbee-gateway-ip-1000z-ar-bluetooth-and-wi-fi\/","title":{"rendered":"GoSmart Multifunkcion\u0101la v\u0101rteja ZigBee Gateway IP-1000Z ar Bluetooth and Wi-Fi"},"content":{"rendered":"<p>Vai v\u0113laties papla\u0161in\u0101t savu viedo m\u0101ju ar papildu sensoriem un produktiem? Izmantojot GoSmart Gateway IP-1000Z, varat tos \u0113rti savienot un izmantot, lai iestat\u012btu automatiz\u0101ciju t\u0101, it k\u0101 tie b\u016btu tie\u0161i savienoti ar j\u016bsu WIFI t\u012bklu.<\/p>\n<p>Smart Gateway ir daudzfunkcion\u0101ls, jo tas var atbalst\u012bt ne tikai visas ier\u012bces, kas atbalsta Zigbee protokolu, bet ar\u012b Bluetooth sakaru protokolus (BLE un SigMesh). Pievienojiet tam vienk\u0101r\u0161u uzst\u0101d\u012b\u0161anu, visu pievienoto Zigbee sensoru un ier\u012b\u010du zemo ener\u0123ijas pat\u0113ri\u0146u un iesp\u0113ju vad\u012bt \u0161o v\u0101rteju ar balsi, izmantojot Google Assistant un Amazon Alexa, un jums b\u016bs nenov\u0113rt\u0113jams viedais pal\u012bgs j\u016bsu m\u0101j\u0101m.<\/p>","protected":false},"excerpt":{"rendered":"<p>Vai v\u0113laties papla\u0161in\u0101t savu viedo m\u0101ju ar papildu sensoriem un produktiem? Izmantojot GoSmart Gateway IP-1000Z, varat tos \u0113rti savienot un izmantot, lai iestat\u012btu automatiz\u0101ciju t\u0101, it k\u0101 tie b\u016btu tie\u0161i savienoti ar j\u016bsu WIFI t\u012bklu. Smart Gateway ir daudzfunkcion\u0101ls, jo tas var atbalst\u012bt ne tikai visas ier\u012bces, kas atbalsta Zigbee protokolu, bet ar\u012b Bluetooth sakaru [&hellip;]<\/p>\n","protected":false},"featured_media":38201,"comment_status":"closed","ping_status":"closed","template":"","meta":{"inline_featured_image":false},"product_cat":[1634],"product_tag":[],"yst_prominent_words":[],"class_list":{"0":"post-38186","1":"product","2":"type-product","3":"status-publish","4":"has-post-thumbnail","6":"product_cat-wifi-videokameras-rozetes","8":"first","9":"outofstock","10":"taxable","11":"shipping-taxable","12":"purchasable","13":"product-type-simple"},"jetpack_sharing_enabled":true,"_links":{"self":[{"href":"https:\/\/ddt.lv\/lv\/wp-json\/wp\/v2\/product\/38186"}],"collection":[{"href":"https:\/\/ddt.lv\/lv\/wp-json\/wp\/v2\/product"}],"about":[{"href":"https:\/\/ddt.lv\/lv\/wp-json\/wp\/v2\/types\/product"}],"replies":[{"embeddable":true,"href":"https:\/\/ddt.lv\/lv\/wp-json\/wp\/v2\/comments?post=38186"}],"wp:featuredmedia":[{"embeddable":true,"href":"https:\/\/ddt.lv\/lv\/wp-json\/wp\/v2\/media\/38201"}],"wp:attachment":[{"href":"https:\/\/ddt.lv\/lv\/wp-json\/wp\/v2\/media?parent=38186"}],"wp:term":[{"taxonomy":"product_cat","embeddable":true,"href":"https:\/\/ddt.lv\/lv\/wp-json\/wp\/v2\/product_cat?post=38186"},{"taxonomy":"product_tag","embeddable":true,"href":"https:\/\/ddt.lv\/lv\/wp-json\/wp\/v2\/product_tag?post=38186"},{"taxonomy":"yst_prominent_words","embeddable":true,"href":"https:\/\/ddt.lv\/lv\/wp-json\/wp\/v2\/yst_prominent_words?post=38186"}],"curies":[{"name":"wp","href":"https:\/\/api.w.org\/{rel}","templated":true}]}}