{"id":38185,"date":"2023-10-24T11:00:40","date_gmt":"2023-10-24T08:00:40","guid":{"rendered":"https:\/\/ddt.lv\/lv\/product\/wi-fi-ip-600-eye-gosmart-kamera-solar-4x-2-200-mah-ip55-110-emos\/"},"modified":"2026-04-13T10:02:31","modified_gmt":"2026-04-13T07:02:31","slug":"wi-fi-ip-600-eye-gosmart-kamera-solar-4x-2-200-mah-ip55-110-emos","status":"publish","type":"product","link":"https:\/\/ddt.lv\/lv\/product\/wi-fi-ip-600-eye-gosmart-kamera-solar-4x-2-200-mah-ip55-110-emos\/","title":{"rendered":"Wi-Fi IP-600 EYE GoSmart kamera solar + 4\u00d7 2 200 mAh IP55 110&#8242; EMOS"},"content":{"rendered":"<p>Vai esat nol\u0113mis nodro\u0161in\u0101t savu m\u0101ju, vasarn\u012bcu, d\u0101rzu vai uz\u0146\u0113mumu? Vai nev\u0113laties vai pat nevarat instal\u0113t vadus, lai piesl\u0113gtu dro\u0161\u012bbas kameru sist\u0113mu? Tad jums var\u0113tu patikt vied\u0101 kamera IP-600 EYE.<\/p>\n<p><strong>Kameras\u00a0iztur\u012bgais \u016bdensnecaurlaid\u012bgais korpuss\u00a0ir apr\u012bkots ar\u00a0iev\u0113rojamas ietilp\u012bbas 8800 mAh\u00a0baterij\u0101m, kas kop\u0101 ar\u00a0integr\u0113to 3,5 W saules paneli\u00a0var\u00a0nodro\u0161in\u0101t ener\u0123iju darb\u012bbai vair\u0101ku m\u0113ne\u0161u garum\u0101.Ja saules gaismas intensit\u0101te ir pietiekama,\u00a0kameras baterijas darb\u012bbas laik\u0101 visp\u0101r nav j\u0101uzl\u0101d\u0113.<\/strong><\/p>\n<p>Kamera ir\u00a0<strong>apr\u012bkota ar div\u0101m jaud\u012bg\u0101m gaismas diod\u0113m un PIR sensoru<\/strong>, t\u0101p\u0113c to var izmantot ar\u012b\u00a0<strong>k\u0101 pro\u017eektoru<\/strong>, piem\u0113ram, lai apgaismotu brauktuvi.<\/p>\n<h3>Uzlabotas dro\u0161\u012bbas funkcijas<\/h3>\n<p>Imp vied\u0101 kamera IP-600 EYE ir apr\u012bkota ar\u00a0<strong>inteli\u0123entu kust\u012bbas un ska\u0146as noteik\u0161anu<\/strong>. Ja sensori konstat\u0113s neparastas darb\u012bbas,\u00a0<strong>sa\u0146emsiet pazi\u0146ojumu sav\u0101 mobilaj\u0101 ier\u012bc\u0113.<\/strong>\u00a0Tas dod iesp\u0113ju\u00a0<strong>re\u0101llaik\u0101<\/strong>\u00a0uzzin\u0101t, vai j\u016bsu m\u0101jokli ir apmekl\u0113jis nel\u016bgts viesis.<\/p>\n<p>Vienulaikus ar pazi\u0146ojuma nos\u016bt\u012b\u0161anu kamera\u00a0<strong>s\u0101k uz\u0146emt videoierakstus<\/strong>, kurus t\u0101 autom\u0101tiski\u00a0<strong>uzglab\u0101 m\u0101ko\u0146kr\u0101tuv\u0113<\/strong>\u00a0vai\u00a0<strong>mikro SD kart\u0113<\/strong>\u00a0ar ietilp\u012bbu l\u012bdz 128 GB.<\/p>\n<p>Imp-600 EYE vied\u0101 kamera\u00a0<strong>uz\u0146em katru apk\u0101rt\u0113j\u0101s vides deta\u013cu<\/strong>\u00a0ar\u00a0<strong>Full HD<\/strong>\u00a0iz\u0161\u0137irtsp\u0113ju un\u00a0<strong>110\u00b0<\/strong>\u00a0<strong>redzam\u012bbas le\u0146\u0137i<\/strong>. Bezkompromisa att\u0113la kvalit\u0101ti vis\u0101dos apgaismojuma apst\u0101k\u013cos nodro\u0161ina\u00a0<strong>dinamisk\u0101 spilgtuma regul\u0113\u0161ana<\/strong>\u00a0un\u00a0<strong>vienm\u0113r\u012bgs infrasarkanais apgaismojums<\/strong>\u00a0l\u012bdz 9 metru att\u0101lum\u0101. Aizmugures apgaismojumam un piln\u012bgai tumsai nav nek\u0101du izred\u017eu, un att\u0113ls vienm\u0113r b\u016bs perfekts!<\/p>\n<p>Imp-600 EYE vied\u0101s kameras notur\u012bbu pret jebk\u0101diem laikapst\u0101k\u013ciem garant\u0113\u00a0<strong>iztur\u012bgi materi\u0101li un IP55 \u016bdensnecaurlaid\u012bba.<\/strong>\u00a0Kameru nep\u0101rsteigs lietus, v\u0113tra vai p\u0113k\u0161\u0146as sniega lietusg\u0101zes.<\/p>","protected":false},"excerpt":{"rendered":"<p>Vai esat nol\u0113mis nodro\u0161in\u0101t savu m\u0101ju, vasarn\u012bcu, d\u0101rzu vai uz\u0146\u0113mumu? Vai nev\u0113laties vai pat nevarat instal\u0113t vadus, lai piesl\u0113gtu dro\u0161\u012bbas kameru sist\u0113mu? Tad jums var\u0113tu patikt vied\u0101 kamera IP-600 EYE. Kameras\u00a0iztur\u012bgais \u016bdensnecaurlaid\u012bgais korpuss\u00a0ir apr\u012bkots ar\u00a0iev\u0113rojamas ietilp\u012bbas 8800 mAh\u00a0baterij\u0101m, kas kop\u0101 ar\u00a0integr\u0113to 3,5 W saules paneli\u00a0var\u00a0nodro\u0161in\u0101t ener\u0123iju darb\u012bbai vair\u0101ku m\u0113ne\u0161u garum\u0101.Ja saules gaismas intensit\u0101te ir pietiekama,\u00a0kameras [&hellip;]<\/p>\n","protected":false},"featured_media":38192,"comment_status":"closed","ping_status":"closed","template":"","meta":{"inline_featured_image":false},"product_cat":[1634],"product_tag":[],"yst_prominent_words":[],"class_list":{"0":"post-38185","1":"product","2":"type-product","3":"status-publish","4":"has-post-thumbnail","6":"product_cat-wifi-videokameras-rozetes","8":"first","9":"instock","10":"taxable","11":"shipping-taxable","12":"purchasable","13":"product-type-simple"},"jetpack_sharing_enabled":true,"_links":{"self":[{"href":"https:\/\/ddt.lv\/lv\/wp-json\/wp\/v2\/product\/38185"}],"collection":[{"href":"https:\/\/ddt.lv\/lv\/wp-json\/wp\/v2\/product"}],"about":[{"href":"https:\/\/ddt.lv\/lv\/wp-json\/wp\/v2\/types\/product"}],"replies":[{"embeddable":true,"href":"https:\/\/ddt.lv\/lv\/wp-json\/wp\/v2\/comments?post=38185"}],"wp:featuredmedia":[{"embeddable":true,"href":"https:\/\/ddt.lv\/lv\/wp-json\/wp\/v2\/media\/38192"}],"wp:attachment":[{"href":"https:\/\/ddt.lv\/lv\/wp-json\/wp\/v2\/media?parent=38185"}],"wp:term":[{"taxonomy":"product_cat","embeddable":true,"href":"https:\/\/ddt.lv\/lv\/wp-json\/wp\/v2\/product_cat?post=38185"},{"taxonomy":"product_tag","embeddable":true,"href":"https:\/\/ddt.lv\/lv\/wp-json\/wp\/v2\/product_tag?post=38185"},{"taxonomy":"yst_prominent_words","embeddable":true,"href":"https:\/\/ddt.lv\/lv\/wp-json\/wp\/v2\/yst_prominent_words?post=38185"}],"curies":[{"name":"wp","href":"https:\/\/api.w.org\/{rel}","templated":true}]}}