{"id":38155,"date":"2023-10-23T22:20:33","date_gmt":"2023-10-23T19:20:33","guid":{"rendered":"https:\/\/ddt.lv\/lv\/product\/griestu-lampa-vintage-trio-e27x3-melna-metala-ip20\/"},"modified":"2026-04-13T10:05:58","modified_gmt":"2026-04-13T07:05:58","slug":"griestu-lampa-vintage-trio-e27x3-melna-metala-ip20","status":"publish","type":"product","link":"https:\/\/ddt.lv\/lv\/product\/griestu-lampa-vintage-trio-e27x3-melna-metala-ip20\/","title":{"rendered":"Griestu lampa Vintage Trio E27x3, melna met\u0101la IP20"},"content":{"rendered":"<p>Griestu lampa Vintage Trio E27x3, melna met\u0101la IP20 no ra\u017eot\u0101ja Sylvania.<\/p>\n<p>Vintage stila neintegr\u0113ts kulons dekorat\u012bvam un visp\u0101r\u0113jam apgaismojumam. Elegants dizains, kas padara izteiksm\u012bgu un uzlabo ikvienas telpas atmosf\u0113ru. Melns un misi\u0146a met\u0101la korpuss ar izcilu piem\u0113rot\u012bbu un apdari pal\u012bdz izstr\u0101d\u0101jumam izcelties visos interjera iestat\u012bjumos. Regul\u0113jams melns auduma kabelis iek\u013cauts, lai j\u016bs var\u0113tu izveidot lustru, kas vislab\u0101k atbilst j\u016bsu istabas augstumam. Maksim\u0101l\u0101 ieteicam\u0101 LED lampas jauda: 25 W, spuldzes nav iek\u013cautas. Pielietojums: lieliski piem\u0113rots virtuv\u0113m, dz\u012bvojam\u0101m istab\u0101m, \u0113damistab\u0101m, gaite\u0146iem, restor\u0101niem, kafejn\u012bc\u0101m, b\u0101riem un galerij\u0101m. Viegli uzst\u0101d\u0101ms un komplekt\u0101 ar E27 spuldzes tur\u0113t\u0101ju.<\/p>","protected":false},"excerpt":{"rendered":"<p>Griestu lampa Vintage Trio E27x3, melna met\u0101la IP20 no ra\u017eot\u0101ja Sylvania. Vintage stila neintegr\u0113ts kulons dekorat\u012bvam un visp\u0101r\u0113jam apgaismojumam. Elegants dizains, kas padara izteiksm\u012bgu un uzlabo ikvienas telpas atmosf\u0113ru. Melns un misi\u0146a met\u0101la korpuss ar izcilu piem\u0113rot\u012bbu un apdari pal\u012bdz izstr\u0101d\u0101jumam izcelties visos interjera iestat\u012bjumos. Regul\u0113jams melns auduma kabelis iek\u013cauts, lai j\u016bs var\u0113tu izveidot lustru, [&hellip;]<\/p>\n","protected":false},"featured_media":38178,"comment_status":"closed","ping_status":"closed","template":"","meta":{"inline_featured_image":false},"product_cat":[772,901],"product_tag":[],"yst_prominent_words":[],"class_list":{"0":"post-38155","1":"product","2":"type-product","3":"status-publish","4":"has-post-thumbnail","6":"product_cat-atlaides","7":"product_cat-gaismekli-iekarti-gaismekli-apgaismojums","9":"first","10":"instock","11":"sale","12":"taxable","13":"shipping-taxable","14":"purchasable","15":"product-type-simple"},"jetpack_sharing_enabled":true,"_links":{"self":[{"href":"https:\/\/ddt.lv\/lv\/wp-json\/wp\/v2\/product\/38155"}],"collection":[{"href":"https:\/\/ddt.lv\/lv\/wp-json\/wp\/v2\/product"}],"about":[{"href":"https:\/\/ddt.lv\/lv\/wp-json\/wp\/v2\/types\/product"}],"replies":[{"embeddable":true,"href":"https:\/\/ddt.lv\/lv\/wp-json\/wp\/v2\/comments?post=38155"}],"wp:featuredmedia":[{"embeddable":true,"href":"https:\/\/ddt.lv\/lv\/wp-json\/wp\/v2\/media\/38178"}],"wp:attachment":[{"href":"https:\/\/ddt.lv\/lv\/wp-json\/wp\/v2\/media?parent=38155"}],"wp:term":[{"taxonomy":"product_cat","embeddable":true,"href":"https:\/\/ddt.lv\/lv\/wp-json\/wp\/v2\/product_cat?post=38155"},{"taxonomy":"product_tag","embeddable":true,"href":"https:\/\/ddt.lv\/lv\/wp-json\/wp\/v2\/product_tag?post=38155"},{"taxonomy":"yst_prominent_words","embeddable":true,"href":"https:\/\/ddt.lv\/lv\/wp-json\/wp\/v2\/yst_prominent_words?post=38155"}],"curies":[{"name":"wp","href":"https:\/\/api.w.org\/{rel}","templated":true}]}}