{"id":38101,"date":"2023-10-21T21:00:31","date_gmt":"2023-10-21T18:00:31","guid":{"rendered":"https:\/\/ddt.lv\/lv\/product\/termostats-ar-kapilaro-sensoru-0-90c-230v-emos\/"},"modified":"2026-04-13T10:02:19","modified_gmt":"2026-04-13T07:02:19","slug":"termostats-ar-kapilaro-sensoru-0-90c-230v-emos","status":"publish","type":"product","link":"https:\/\/ddt.lv\/lv\/product\/termostats-ar-kapilaro-sensoru-0-90c-230v-emos\/","title":{"rendered":"Termostats ar kapil\u0101ro sensoru 0-90\u00b0C 230V EMOS"},"content":{"rendered":"<p>EMOS digit\u0101lais termostats ar kapil\u0101ru 0.9 \u00d86mm\u00a0 230VAC 5A, P5684<\/p>\n<p>Nolasa \u016bdens temperat\u016bru ekspluat\u0101cijas \u016bdens tvertn\u0113s vai apkures sist\u0113m\u0101s. \u013bauj regul\u0113t \u016bdens temperat\u016bru, uzraudz\u012bt temperat\u016bras robe\u017eas un temperat\u016bras kritumus.<\/p>\n<p><strong>APRAKSTS:<\/strong><\/p>\n<ul>\n<li>Kapil\u0101ra izm\u0113rs (0,9 m, \u00d8 6 mm)<\/li>\n<li>Temperat\u016bras diapazons\u00a0 5\u00b0C\u201390\u00b0C (0,1\u00b0C iz\u0161\u0137irtsp\u0113ja)<\/li>\n<li>Vienk\u0101r\u0161s elektriskais piesl\u0113gums ar bezskr\u016bvju spail\u0113m<\/li>\n<\/ul>\n<p><\/p>","protected":false},"excerpt":{"rendered":"<p>EMOS digit\u0101lais termostats ar kapil\u0101ru 0.9 \u00d86mm\u00a0 230VAC 5A, P5684 Nolasa \u016bdens temperat\u016bru ekspluat\u0101cijas \u016bdens tvertn\u0113s vai apkures sist\u0113m\u0101s. \u013bauj regul\u0113t \u016bdens temperat\u016bru, uzraudz\u012bt temperat\u016bras robe\u017eas un temperat\u016bras kritumus. APRAKSTS: Kapil\u0101ra izm\u0113rs (0,9 m, \u00d8 6 mm) Temperat\u016bras diapazons\u00a0 5\u00b0C\u201390\u00b0C (0,1\u00b0C iz\u0161\u0137irtsp\u0113ja) Vienk\u0101r\u0161s elektriskais piesl\u0113gums ar bezskr\u016bvju spail\u0113m<\/p>\n","protected":false},"featured_media":38131,"comment_status":"closed","ping_status":"closed","template":"","meta":{"inline_featured_image":false},"product_cat":[838],"product_tag":[],"yst_prominent_words":[],"class_list":{"0":"post-38101","1":"product","2":"type-product","3":"status-publish","4":"has-post-thumbnail","6":"product_cat-termostati","8":"first","9":"instock","10":"taxable","11":"shipping-taxable","12":"purchasable","13":"product-type-simple"},"jetpack_sharing_enabled":true,"_links":{"self":[{"href":"https:\/\/ddt.lv\/lv\/wp-json\/wp\/v2\/product\/38101"}],"collection":[{"href":"https:\/\/ddt.lv\/lv\/wp-json\/wp\/v2\/product"}],"about":[{"href":"https:\/\/ddt.lv\/lv\/wp-json\/wp\/v2\/types\/product"}],"replies":[{"embeddable":true,"href":"https:\/\/ddt.lv\/lv\/wp-json\/wp\/v2\/comments?post=38101"}],"wp:featuredmedia":[{"embeddable":true,"href":"https:\/\/ddt.lv\/lv\/wp-json\/wp\/v2\/media\/38131"}],"wp:attachment":[{"href":"https:\/\/ddt.lv\/lv\/wp-json\/wp\/v2\/media?parent=38101"}],"wp:term":[{"taxonomy":"product_cat","embeddable":true,"href":"https:\/\/ddt.lv\/lv\/wp-json\/wp\/v2\/product_cat?post=38101"},{"taxonomy":"product_tag","embeddable":true,"href":"https:\/\/ddt.lv\/lv\/wp-json\/wp\/v2\/product_tag?post=38101"},{"taxonomy":"yst_prominent_words","embeddable":true,"href":"https:\/\/ddt.lv\/lv\/wp-json\/wp\/v2\/yst_prominent_words?post=38101"}],"curies":[{"name":"wp","href":"https:\/\/api.w.org\/{rel}","templated":true}]}}