{"id":38100,"date":"2023-10-21T21:00:31","date_gmt":"2023-10-21T18:00:31","guid":{"rendered":"https:\/\/ddt.lv\/lv\/product\/digitals-termostats-ar-kapilaro-sensoru-0-80c-230v-emos\/"},"modified":"2026-04-08T14:42:07","modified_gmt":"2026-04-08T11:42:07","slug":"digitals-termostats-ar-kapilaro-sensoru-0-80c-230v-emos","status":"publish","type":"product","link":"https:\/\/ddt.lv\/lv\/product\/digitals-termostats-ar-kapilaro-sensoru-0-80c-230v-emos\/","title":{"rendered":"Digit\u0101ls termostats ar kapil\u0101ro sensoru 0-80\u00b0C 230V EMOS"},"content":{"rendered":"<p>Virsmas mont\u0101\u017eas stiprin\u0101juma termostats. Tas m\u0113ra \u016bdens temperat\u016bru m\u0101jsaimniec\u012bbas karst\u0101 \u016bdens tvertn\u0113s un\/vai apkures sist\u0113m\u0101s. Iesp\u0113jo temperat\u016bras regul\u0113\u0161anu, temperat\u016bras ierobe\u017eojumu uzraudz\u012bbu un temperat\u016bras pazemin\u0101\u0161anas funkciju.<\/p>\n<p>\u2022 uz virsmas uzst\u0101d\u0101ms termostats ar displeju, paredz\u0113ts<br \/>\nuzst\u0101d\u012b\u0161anai uz caurul\u0113m<br \/>\n\u2022 vienk\u0101r\u0161a uzst\u0101d\u012b\u0161ana ar spriego\u0161anas atsperi<br \/>\n\u2022 5\u201380 \u00b0C temperat\u016bras diapazons (0,1 \u00b0C iz\u0161\u0137irtsp\u0113ja)<br \/>\n\u2022 vienk\u0101r\u0161s elektriskais piesl\u0113gums ar bezskr\u016bvju spail\u0113m<\/p>","protected":false},"excerpt":{"rendered":"<p>Virsmas mont\u0101\u017eas stiprin\u0101juma termostats. Tas m\u0113ra \u016bdens temperat\u016bru m\u0101jsaimniec\u012bbas karst\u0101 \u016bdens tvertn\u0113s un\/vai apkures sist\u0113m\u0101s. Iesp\u0113jo temperat\u016bras regul\u0113\u0161anu, temperat\u016bras ierobe\u017eojumu uzraudz\u012bbu un temperat\u016bras pazemin\u0101\u0161anas funkciju. \u2022 uz virsmas uzst\u0101d\u0101ms termostats ar displeju, paredz\u0113ts uzst\u0101d\u012b\u0161anai uz caurul\u0113m \u2022 vienk\u0101r\u0161a uzst\u0101d\u012b\u0161ana ar spriego\u0161anas atsperi \u2022 5\u201380 \u00b0C temperat\u016bras diapazons (0,1 \u00b0C iz\u0161\u0137irtsp\u0113ja) \u2022 vienk\u0101r\u0161s elektriskais piesl\u0113gums ar [&hellip;]<\/p>\n","protected":false},"featured_media":38138,"comment_status":"closed","ping_status":"closed","template":"","meta":{"inline_featured_image":false},"product_cat":[772,838],"product_tag":[],"yst_prominent_words":[],"class_list":{"0":"post-38100","1":"product","2":"type-product","3":"status-publish","4":"has-post-thumbnail","6":"product_cat-atlaides","7":"product_cat-termostati","9":"first","10":"instock","11":"sale","12":"taxable","13":"shipping-taxable","14":"purchasable","15":"product-type-simple"},"jetpack_sharing_enabled":true,"_links":{"self":[{"href":"https:\/\/ddt.lv\/lv\/wp-json\/wp\/v2\/product\/38100"}],"collection":[{"href":"https:\/\/ddt.lv\/lv\/wp-json\/wp\/v2\/product"}],"about":[{"href":"https:\/\/ddt.lv\/lv\/wp-json\/wp\/v2\/types\/product"}],"replies":[{"embeddable":true,"href":"https:\/\/ddt.lv\/lv\/wp-json\/wp\/v2\/comments?post=38100"}],"wp:featuredmedia":[{"embeddable":true,"href":"https:\/\/ddt.lv\/lv\/wp-json\/wp\/v2\/media\/38138"}],"wp:attachment":[{"href":"https:\/\/ddt.lv\/lv\/wp-json\/wp\/v2\/media?parent=38100"}],"wp:term":[{"taxonomy":"product_cat","embeddable":true,"href":"https:\/\/ddt.lv\/lv\/wp-json\/wp\/v2\/product_cat?post=38100"},{"taxonomy":"product_tag","embeddable":true,"href":"https:\/\/ddt.lv\/lv\/wp-json\/wp\/v2\/product_tag?post=38100"},{"taxonomy":"yst_prominent_words","embeddable":true,"href":"https:\/\/ddt.lv\/lv\/wp-json\/wp\/v2\/yst_prominent_words?post=38100"}],"curies":[{"name":"wp","href":"https:\/\/api.w.org\/{rel}","templated":true}]}}