{"id":38099,"date":"2023-10-21T21:00:30","date_gmt":"2023-10-21T18:00:30","guid":{"rendered":"https:\/\/ddt.lv\/lv\/product\/digitals-programmejams-termostats-5-35c-2xaaa-emos-p5611ot\/"},"modified":"2026-04-08T14:42:07","modified_gmt":"2026-04-08T11:42:07","slug":"digitals-programmejams-termostats-5-35c-2xaaa-emos-p5611ot","status":"publish","type":"product","link":"https:\/\/ddt.lv\/lv\/product\/digitals-programmejams-termostats-5-35c-2xaaa-emos-p5611ot\/","title":{"rendered":"Digit\u0101ls programm\u0113jams bezvadu termostats 5-35\u00b0C 2xAAA EMOS P5611OT"},"content":{"rendered":"<p>Noder\u012bgs siltuma monitors j\u016bsu m\u0101j\u0101m<br \/>\nIzbaudiet stabilu un ide\u0101lu m\u0101jas temperat\u016bru vasar\u0101 un ziem\u0101. Vairs nek\u0101das temperat\u016bras sv\u0101rst\u012bbas, tikai pat\u012bkams siltums bez raiz\u0113m. Bezvadu telpas termostats ar 6 iepriek\u0161 iestat\u012bt\u0101m un 3 piel\u0101got\u0101m programm\u0101m uzrauga ide\u0101lo temperat\u016bru un kontrol\u0113 apkuri un gaisa kondicion\u0113\u0161anu dienu un nakti. Temperat\u016bras iestat\u012b\u0161anas diapazons no 7\u00b0C l\u012bdz 30\u00b0C nodro\u0161ina komfortablu temperat\u016bru vasar\u0101 un ziem\u0101. Priek\u0161roc\u012bba ir vienk\u0101r\u0161a darb\u012bba un skaidrs aizmugurgaismojuma displejs ar lieliem cipariem un inform\u0101ciju par pa\u0161reiz\u0113jo un v\u0113lamo temperat\u016bru.<\/p>\n<p>Temperat\u016bras iestat\u012b\u0161ana no 7\u00b0C l\u012bdz 30\u00b0C<br \/>\nVairs nav temperat\u016bras triecienu, vairs nav palai\u0161anas uz katlu un nav d\u0101rg\u0101kas atk\u0101rtotas sild\u012b\u0161anas \u2013 termostats uztur jums ide\u0101lu temperat\u016bru. Uzturiet telp\u0101 komfortablu temperat\u016bru, lai j\u016bs justos \u0113rti. Lai ieg\u016btu optim\u0101lu temperat\u016bru, vienk\u0101r\u0161i izv\u0113lieties temperat\u016bru diapazon\u0101 no 7\u00b0C l\u012bdz 30\u00b0C uz termostata, ko var regul\u0113t ar nelielu soli 0,2\u00b0C. P\u0113c tam displej\u0101 var redz\u0113t, vai iestat\u012bt\u0101 temperat\u016bra atbilst faktiskajai temperat\u016brai telp\u0101.<\/p>","protected":false},"excerpt":{"rendered":"<p>Noder\u012bgs siltuma monitors j\u016bsu m\u0101j\u0101m Izbaudiet stabilu un ide\u0101lu m\u0101jas temperat\u016bru vasar\u0101 un ziem\u0101. Vairs nek\u0101das temperat\u016bras sv\u0101rst\u012bbas, tikai pat\u012bkams siltums bez raiz\u0113m. Bezvadu telpas termostats ar 6 iepriek\u0161 iestat\u012bt\u0101m un 3 piel\u0101got\u0101m programm\u0101m uzrauga ide\u0101lo temperat\u016bru un kontrol\u0113 apkuri un gaisa kondicion\u0113\u0161anu dienu un nakti. Temperat\u016bras iestat\u012b\u0161anas diapazons no 7\u00b0C l\u012bdz 30\u00b0C nodro\u0161ina komfortablu [&hellip;]<\/p>\n","protected":false},"featured_media":38125,"comment_status":"closed","ping_status":"closed","template":"","meta":{"inline_featured_image":false},"product_cat":[838],"product_tag":[],"yst_prominent_words":[],"class_list":{"0":"post-38099","1":"product","2":"type-product","3":"status-publish","4":"has-post-thumbnail","6":"product_cat-termostati","8":"first","9":"outofstock","10":"taxable","11":"shipping-taxable","12":"purchasable","13":"product-type-simple"},"jetpack_sharing_enabled":true,"_links":{"self":[{"href":"https:\/\/ddt.lv\/lv\/wp-json\/wp\/v2\/product\/38099"}],"collection":[{"href":"https:\/\/ddt.lv\/lv\/wp-json\/wp\/v2\/product"}],"about":[{"href":"https:\/\/ddt.lv\/lv\/wp-json\/wp\/v2\/types\/product"}],"replies":[{"embeddable":true,"href":"https:\/\/ddt.lv\/lv\/wp-json\/wp\/v2\/comments?post=38099"}],"wp:featuredmedia":[{"embeddable":true,"href":"https:\/\/ddt.lv\/lv\/wp-json\/wp\/v2\/media\/38125"}],"wp:attachment":[{"href":"https:\/\/ddt.lv\/lv\/wp-json\/wp\/v2\/media?parent=38099"}],"wp:term":[{"taxonomy":"product_cat","embeddable":true,"href":"https:\/\/ddt.lv\/lv\/wp-json\/wp\/v2\/product_cat?post=38099"},{"taxonomy":"product_tag","embeddable":true,"href":"https:\/\/ddt.lv\/lv\/wp-json\/wp\/v2\/product_tag?post=38099"},{"taxonomy":"yst_prominent_words","embeddable":true,"href":"https:\/\/ddt.lv\/lv\/wp-json\/wp\/v2\/yst_prominent_words?post=38099"}],"curies":[{"name":"wp","href":"https:\/\/api.w.org\/{rel}","templated":true}]}}