{"id":38098,"date":"2023-10-21T21:00:30","date_gmt":"2023-10-21T18:00:30","guid":{"rendered":"https:\/\/ddt.lv\/lv\/product\/digitals-programmejams-termostats-5-35c-2xaaa-emos-2\/"},"modified":"2026-04-13T10:02:19","modified_gmt":"2026-04-13T07:02:19","slug":"digitals-programmejams-termostats-5-35c-2xaaa-emos-2","status":"publish","type":"product","link":"https:\/\/ddt.lv\/lv\/product\/digitals-programmejams-termostats-5-35c-2xaaa-emos-2\/","title":{"rendered":"Digit\u0101ls programm\u0113jams termostats 5-35\u00b0C 2xAAA EMOS"},"content":{"rendered":"<p>P5606OT termostats ir paredz\u0113ts apkures un gaisa kondicion\u0113\u0161anas sist\u0113mu kontrol\u0113\u0161anai.<\/p>\n<ul class=\"a-unordered-list a-vertical a-spacing-mini\">\n<li class=\"a-spacing-mini\"><span class=\"a-list-item\"><span>Augstas kvalit\u0101tes sienas termostats inteli\u0123entai no laika atkar\u012bgai apkures kontrolei vien\u0123imenes m\u0101j\u0101s, birojos, tirdzniec\u012bbas telp\u0101s, st\u0101vu dz\u012bvok\u013cos, darbn\u012bc\u0101s, apkures zon\u0101s, treni\u0146os un dz\u012bvok\u013cos<\/span><\/span><\/li>\n<li class=\"a-spacing-mini\"><span class=\"a-list-item\"><span>Atbalsts OT (OpenTherm) sakaru protokolam un standarta p\u0101rsl\u0113g\u0161anas relejam, termometram ar faktisk\u0101s un m\u0113r\u0137a temperat\u016bras displeju<\/span><\/span><\/li>\n<li class=\"a-spacing-mini\"><span class=\"a-list-item\"><span>Aizsardz\u012bba pret salu, iesl\u0113g\u0161anas\/izsl\u0113g\u0161anas re\u017e\u012bms, br\u012bvdienu re\u017e\u012bms (br\u012bvdienu programma), termostata blo\u0137\u0113\u0161anas funkcija (p\u0101rsegs), temperat\u016bras kalibr\u0113\u0161ana<\/span><\/span><\/li>\n<li class=\"a-spacing-mini\"><span class=\"a-list-item\"><span>Sl\u0113d\u017ei ar 230 V mai\u0146str\u0101vu vai bezpotenci\u0101la\/p\u0101rsl\u0113g\u0161anas str\u0101vu: 6(2) A\/baro\u0161anas avots: 2 x AA Mignon akumulators (iek\u013cauts komplekt\u0101)\/Izm\u0113ri: 26 x 126 x 84 mm<\/span><\/span><\/li>\n<li class=\"a-spacing-mini\"><span class=\"a-list-item\"><span>Displejs ar fona apgaismojumu, regul\u0113jamu laika programmu vai regul\u0113jamu temperat\u016bru (6 temperat\u016bras izmai\u0146as dien\u0101)<\/span><\/span><\/li>\n<\/ul>\n<p><\/p>","protected":false},"excerpt":{"rendered":"<p>P5606OT termostats ir paredz\u0113ts apkures un gaisa kondicion\u0113\u0161anas sist\u0113mu kontrol\u0113\u0161anai. Augstas kvalit\u0101tes sienas termostats inteli\u0123entai no laika atkar\u012bgai apkures kontrolei vien\u0123imenes m\u0101j\u0101s, birojos, tirdzniec\u012bbas telp\u0101s, st\u0101vu dz\u012bvok\u013cos, darbn\u012bc\u0101s, apkures zon\u0101s, treni\u0146os un dz\u012bvok\u013cos Atbalsts OT (OpenTherm) sakaru protokolam un standarta p\u0101rsl\u0113g\u0161anas relejam, termometram ar faktisk\u0101s un m\u0113r\u0137a temperat\u016bras displeju Aizsardz\u012bba pret salu, iesl\u0113g\u0161anas\/izsl\u0113g\u0161anas re\u017e\u012bms, br\u012bvdienu [&hellip;]<\/p>\n","protected":false},"featured_media":38118,"comment_status":"closed","ping_status":"closed","template":"","meta":{"inline_featured_image":false},"product_cat":[772,838],"product_tag":[],"yst_prominent_words":[],"class_list":{"0":"post-38098","1":"product","2":"type-product","3":"status-publish","4":"has-post-thumbnail","6":"product_cat-atlaides","7":"product_cat-termostati","9":"first","10":"outofstock","11":"sale","12":"taxable","13":"shipping-taxable","14":"purchasable","15":"product-type-simple"},"jetpack_sharing_enabled":true,"_links":{"self":[{"href":"https:\/\/ddt.lv\/lv\/wp-json\/wp\/v2\/product\/38098"}],"collection":[{"href":"https:\/\/ddt.lv\/lv\/wp-json\/wp\/v2\/product"}],"about":[{"href":"https:\/\/ddt.lv\/lv\/wp-json\/wp\/v2\/types\/product"}],"replies":[{"embeddable":true,"href":"https:\/\/ddt.lv\/lv\/wp-json\/wp\/v2\/comments?post=38098"}],"wp:featuredmedia":[{"embeddable":true,"href":"https:\/\/ddt.lv\/lv\/wp-json\/wp\/v2\/media\/38118"}],"wp:attachment":[{"href":"https:\/\/ddt.lv\/lv\/wp-json\/wp\/v2\/media?parent=38098"}],"wp:term":[{"taxonomy":"product_cat","embeddable":true,"href":"https:\/\/ddt.lv\/lv\/wp-json\/wp\/v2\/product_cat?post=38098"},{"taxonomy":"product_tag","embeddable":true,"href":"https:\/\/ddt.lv\/lv\/wp-json\/wp\/v2\/product_tag?post=38098"},{"taxonomy":"yst_prominent_words","embeddable":true,"href":"https:\/\/ddt.lv\/lv\/wp-json\/wp\/v2\/yst_prominent_words?post=38098"}],"curies":[{"name":"wp","href":"https:\/\/api.w.org\/{rel}","templated":true}]}}