{"id":38097,"date":"2023-10-21T21:00:30","date_gmt":"2023-10-21T18:00:30","guid":{"rendered":"https:\/\/ddt.lv\/lv\/product\/termostats-manuals-5-30c-2xaa-emos\/"},"modified":"2026-04-13T10:02:19","modified_gmt":"2026-04-13T07:02:19","slug":"termostats-manuals-5-30c-2xaa-emos","status":"publish","type":"product","link":"https:\/\/ddt.lv\/lv\/product\/termostats-manuals-5-30c-2xaa-emos\/","title":{"rendered":"Termostats manu\u0101ls 5-30\u00b0C 2xAA EMOS"},"content":{"rendered":"<p>Manu\u0101ls istabas termostats<br \/>\nIzvairieties no d\u0101rgas p\u0101rkar\u0161anas un temperat\u016bras sv\u0101rst\u012bb\u0101m un izbaudiet stabilu temperat\u016bras komfortu ne tikai ziem\u0101, bet ar\u012b vasar\u0101. Manu\u0101lais telpas termostats viegli kontrol\u0113 j\u016bsu apkures un dzes\u0113\u0161anas sist\u0113mu un uztur j\u016bsu izv\u0113l\u0113to temperat\u016bru pla\u0161\u0101 diapazon\u0101 no 5\u00b0C l\u012bdz 30\u00b0C. Priek\u0161roc\u012bbas ir vienk\u0101r\u0161a uzst\u0101d\u012b\u0161ana, skaidrs displejs un vienk\u0101r\u0161a manu\u0101la darb\u012bba, ko var vad\u012bt ikviens \u0123imenes loceklis.<\/p>","protected":false},"excerpt":{"rendered":"<p>Manu\u0101ls istabas termostats Izvairieties no d\u0101rgas p\u0101rkar\u0161anas un temperat\u016bras sv\u0101rst\u012bb\u0101m un izbaudiet stabilu temperat\u016bras komfortu ne tikai ziem\u0101, bet ar\u012b vasar\u0101. Manu\u0101lais telpas termostats viegli kontrol\u0113 j\u016bsu apkures un dzes\u0113\u0161anas sist\u0113mu un uztur j\u016bsu izv\u0113l\u0113to temperat\u016bru pla\u0161\u0101 diapazon\u0101 no 5\u00b0C l\u012bdz 30\u00b0C. Priek\u0161roc\u012bbas ir vienk\u0101r\u0161a uzst\u0101d\u012b\u0161ana, skaidrs displejs un vienk\u0101r\u0161a manu\u0101la darb\u012bba, ko var vad\u012bt [&hellip;]<\/p>\n","protected":false},"featured_media":38119,"comment_status":"closed","ping_status":"closed","template":"","meta":{"inline_featured_image":false},"product_cat":[772,838],"product_tag":[],"yst_prominent_words":[],"class_list":{"0":"post-38097","1":"product","2":"type-product","3":"status-publish","4":"has-post-thumbnail","6":"product_cat-atlaides","7":"product_cat-termostati","9":"first","10":"outofstock","11":"sale","12":"taxable","13":"shipping-taxable","14":"purchasable","15":"product-type-simple"},"jetpack_sharing_enabled":true,"_links":{"self":[{"href":"https:\/\/ddt.lv\/lv\/wp-json\/wp\/v2\/product\/38097"}],"collection":[{"href":"https:\/\/ddt.lv\/lv\/wp-json\/wp\/v2\/product"}],"about":[{"href":"https:\/\/ddt.lv\/lv\/wp-json\/wp\/v2\/types\/product"}],"replies":[{"embeddable":true,"href":"https:\/\/ddt.lv\/lv\/wp-json\/wp\/v2\/comments?post=38097"}],"wp:featuredmedia":[{"embeddable":true,"href":"https:\/\/ddt.lv\/lv\/wp-json\/wp\/v2\/media\/38119"}],"wp:attachment":[{"href":"https:\/\/ddt.lv\/lv\/wp-json\/wp\/v2\/media?parent=38097"}],"wp:term":[{"taxonomy":"product_cat","embeddable":true,"href":"https:\/\/ddt.lv\/lv\/wp-json\/wp\/v2\/product_cat?post=38097"},{"taxonomy":"product_tag","embeddable":true,"href":"https:\/\/ddt.lv\/lv\/wp-json\/wp\/v2\/product_tag?post=38097"},{"taxonomy":"yst_prominent_words","embeddable":true,"href":"https:\/\/ddt.lv\/lv\/wp-json\/wp\/v2\/yst_prominent_words?post=38097"}],"curies":[{"name":"wp","href":"https:\/\/api.w.org\/{rel}","templated":true}]}}