{"id":38091,"date":"2023-10-19T12:20:53","date_gmt":"2023-10-19T09:20:53","guid":{"rendered":"https:\/\/ddt.lv\/lv\/product\/russkij-s-led-gls-a65-e27-14-vt94-vt-1400-lm-rgb-zigbee-pult-distanczionnogo-upravleniya-emos-sp\/"},"modified":"2026-04-08T14:45:54","modified_gmt":"2026-04-08T11:45:54","slug":"russkij-s-led-gls-a65-e27-14-vt94-vt-1400-lm-rgb-zigbee-pult-distanczionnogo-upravleniya-emos-sp","status":"publish","type":"product","link":"https:\/\/ddt.lv\/lv\/product\/russkij-s-led-gls-a65-e27-14-vt94-vt-1400-lm-rgb-zigbee-pult-distanczionnogo-upravleniya-emos-sp\/","title":{"rendered":"LED MR16\/GU10 4.8W(35W) 400lm RGB ZigBee DIM EMOS"},"content":{"rendered":"<p>LED MR16\/GU10 spuldze 4.8W(35W) 400lm RGB ZigBee DIM dimm\u0113jama no ra\u017eot\u0101ja EMOS.<\/p>","protected":false},"excerpt":{"rendered":"<p>LED MR16\/GU10 spuldze 4.8W(35W) 400lm RGB ZigBee DIM dimm\u0113jama no ra\u017eot\u0101ja EMOS.<\/p>\n","protected":false},"featured_media":38111,"comment_status":"closed","ping_status":"closed","template":"","meta":{"inline_featured_image":false},"product_cat":[1299],"product_tag":[],"yst_prominent_words":[],"class_list":{"0":"post-38091","1":"product","2":"type-product","3":"status-publish","4":"has-post-thumbnail","6":"product_cat-viedas-spuldzes","8":"first","9":"instock","10":"taxable","11":"shipping-taxable","12":"purchasable","13":"product-type-simple"},"jetpack_sharing_enabled":true,"_links":{"self":[{"href":"https:\/\/ddt.lv\/lv\/wp-json\/wp\/v2\/product\/38091"}],"collection":[{"href":"https:\/\/ddt.lv\/lv\/wp-json\/wp\/v2\/product"}],"about":[{"href":"https:\/\/ddt.lv\/lv\/wp-json\/wp\/v2\/types\/product"}],"replies":[{"embeddable":true,"href":"https:\/\/ddt.lv\/lv\/wp-json\/wp\/v2\/comments?post=38091"}],"wp:featuredmedia":[{"embeddable":true,"href":"https:\/\/ddt.lv\/lv\/wp-json\/wp\/v2\/media\/38111"}],"wp:attachment":[{"href":"https:\/\/ddt.lv\/lv\/wp-json\/wp\/v2\/media?parent=38091"}],"wp:term":[{"taxonomy":"product_cat","embeddable":true,"href":"https:\/\/ddt.lv\/lv\/wp-json\/wp\/v2\/product_cat?post=38091"},{"taxonomy":"product_tag","embeddable":true,"href":"https:\/\/ddt.lv\/lv\/wp-json\/wp\/v2\/product_tag?post=38091"},{"taxonomy":"yst_prominent_words","embeddable":true,"href":"https:\/\/ddt.lv\/lv\/wp-json\/wp\/v2\/yst_prominent_words?post=38091"}],"curies":[{"name":"wp","href":"https:\/\/api.w.org\/{rel}","templated":true}]}}