{"id":37987,"date":"2023-10-05T11:20:25","date_gmt":"2023-10-05T08:20:25","guid":{"rendered":"https:\/\/ddt.lv\/lv\/product\/led-gls-a65-e27-14w94w-1400lm-rgb-wi-fi-talv-p-emos-sp\/"},"modified":"2026-04-02T09:35:31","modified_gmt":"2026-04-02T06:35:31","slug":"led-gls-a65-e27-14w94w-1400lm-rgb-wi-fi-talv-p-emos-sp","status":"publish","type":"product","link":"https:\/\/ddt.lv\/lv\/product\/led-gls-a65-e27-14w94w-1400lm-rgb-wi-fi-talv-p-emos-sp\/","title":{"rendered":"LED GLS A65 E27 14W(94W) 1400lm RGB Wi-Fi t\u0101lv.p. EMOS sp."},"content":{"rendered":"<p>LED GLS A65 E27 14W(94W) 1400lm RGB ZigBee WiFi spuldze  no ra\u017eot\u0101ja EMOS.<\/p>","protected":false},"excerpt":{"rendered":"<p>LED GLS A65 E27 14W(94W) 1400lm RGB ZigBee WiFi spuldze no ra\u017eot\u0101ja EMOS.<\/p>\n","protected":false},"featured_media":38084,"comment_status":"closed","ping_status":"closed","template":"","meta":{"inline_featured_image":false},"product_cat":[1299],"product_tag":[],"yst_prominent_words":[],"class_list":{"0":"post-37987","1":"product","2":"type-product","3":"status-publish","4":"has-post-thumbnail","6":"product_cat-viedas-spuldzes","8":"first","9":"instock","10":"taxable","11":"shipping-taxable","12":"purchasable","13":"product-type-simple"},"jetpack_sharing_enabled":true,"_links":{"self":[{"href":"https:\/\/ddt.lv\/lv\/wp-json\/wp\/v2\/product\/37987"}],"collection":[{"href":"https:\/\/ddt.lv\/lv\/wp-json\/wp\/v2\/product"}],"about":[{"href":"https:\/\/ddt.lv\/lv\/wp-json\/wp\/v2\/types\/product"}],"replies":[{"embeddable":true,"href":"https:\/\/ddt.lv\/lv\/wp-json\/wp\/v2\/comments?post=37987"}],"wp:featuredmedia":[{"embeddable":true,"href":"https:\/\/ddt.lv\/lv\/wp-json\/wp\/v2\/media\/38084"}],"wp:attachment":[{"href":"https:\/\/ddt.lv\/lv\/wp-json\/wp\/v2\/media?parent=37987"}],"wp:term":[{"taxonomy":"product_cat","embeddable":true,"href":"https:\/\/ddt.lv\/lv\/wp-json\/wp\/v2\/product_cat?post=37987"},{"taxonomy":"product_tag","embeddable":true,"href":"https:\/\/ddt.lv\/lv\/wp-json\/wp\/v2\/product_tag?post=37987"},{"taxonomy":"yst_prominent_words","embeddable":true,"href":"https:\/\/ddt.lv\/lv\/wp-json\/wp\/v2\/yst_prominent_words?post=37987"}],"curies":[{"name":"wp","href":"https:\/\/api.w.org\/{rel}","templated":true}]}}