{"id":37986,"date":"2023-10-05T11:20:25","date_gmt":"2023-10-05T08:20:25","guid":{"rendered":"https:\/\/ddt.lv\/lv\/product\/led-g9-4w-230v-470lm-4000k-spuldze-emos\/"},"modified":"2026-04-22T14:05:31","modified_gmt":"2026-04-22T11:05:31","slug":"led-g9-4w-230v-470lm-4000k-spuldze-emos","status":"publish","type":"product","link":"https:\/\/ddt.lv\/lv\/product\/led-g9-4w-230v-470lm-4000k-spuldze-emos\/","title":{"rendered":"LED G9 4W 230V 470lm 4000K spuldze EMOS"},"content":{"rendered":"<p>Div\u0101m ZQ9545 spuldz\u0113m no EMOS ir silta gaismas kr\u0101sa ar kr\u0101su temperat\u016bru 3000K. Ieb\u016bv\u0113t\u0101s LED diodes raksturo ilgs kalpo\u0161anas laiks un energoefektivit\u0101te. Gaismas avota jauda ir 4W, kas ir l\u012bdzv\u0113rt\u012bga 40W kv\u0113lspuldzei. Gaismas pl\u016bsma ir 470 lm. Precei ir 3 gadu ra\u017eot\u0101ja garantija.<\/p>\n<p>\u0160\u012b ir augstas kvalit\u0101tes lampa, kas ir ide\u0101li piem\u0113rota izmanto\u0161anai da\u017e\u0101dos apgaismojuma veidos, nodro\u0161inot gan energoefektivit\u0101ti, gan lielisku gaismas atdevi ar neitr\u0101lu balt\u0101s kr\u0101sas temperat\u016bru.<\/p>\n<p>\u2705 Uzlabot\u0101 LED sist\u0113ma nodro\u0161ina sp\u0113c\u012bgu gaismas staru ar 470 l\u016bmenu spilgtumu, kas ir l\u012bdzv\u0113rt\u012bgs tradicion\u0101lajai 40 W spuldzei.<\/p>\n<p>\u2705 Pateicoties tam, spuldze ietaupa ener\u0123iju un samazina elektr\u012bbas r\u0113\u0137inus, vienlaikus nodro\u0161inot vienm\u0113r\u012bgu apgaismojumu katr\u0101 telpas st\u016br\u012b.<\/p>\n<p>\u2705 Tas ir viegli uzst\u0101d\u0101ms un der standarta G9 lampas tur\u0113t\u0101jam, kas noz\u012bm\u0113, ka to var izmantot jebkur\u0101 sader\u012bg\u0101 lampas tur\u0113t\u0101j\u0101.<\/p>\n<p>\u2705 T\u0101 iztur\u012bga konstrukcija un ilgs kalpo\u0161anas laiks sniedz jums ilgtermi\u0146a ieguvumus.<\/p>","protected":false},"excerpt":{"rendered":"<p>Div\u0101m ZQ9545 spuldz\u0113m no EMOS ir silta gaismas kr\u0101sa ar kr\u0101su temperat\u016bru 3000K. Ieb\u016bv\u0113t\u0101s LED diodes raksturo ilgs kalpo\u0161anas laiks un energoefektivit\u0101te. Gaismas avota jauda ir 4W, kas ir l\u012bdzv\u0113rt\u012bga 40W kv\u0113lspuldzei. Gaismas pl\u016bsma ir 470 lm. Precei ir 3 gadu ra\u017eot\u0101ja garantija. \u0160\u012b ir augstas kvalit\u0101tes lampa, kas ir ide\u0101li piem\u0113rota izmanto\u0161anai da\u017e\u0101dos apgaismojuma [&hellip;]<\/p>\n","protected":false},"featured_media":38088,"comment_status":"closed","ping_status":"closed","template":"","meta":{"inline_featured_image":false},"product_cat":[854],"product_tag":[],"yst_prominent_words":[],"class_list":{"0":"post-37986","1":"product","2":"type-product","3":"status-publish","4":"has-post-thumbnail","6":"product_cat-g9-spuldzes","8":"first","9":"instock","10":"taxable","11":"shipping-taxable","12":"purchasable","13":"product-type-simple"},"jetpack_sharing_enabled":true,"_links":{"self":[{"href":"https:\/\/ddt.lv\/lv\/wp-json\/wp\/v2\/product\/37986"}],"collection":[{"href":"https:\/\/ddt.lv\/lv\/wp-json\/wp\/v2\/product"}],"about":[{"href":"https:\/\/ddt.lv\/lv\/wp-json\/wp\/v2\/types\/product"}],"replies":[{"embeddable":true,"href":"https:\/\/ddt.lv\/lv\/wp-json\/wp\/v2\/comments?post=37986"}],"wp:featuredmedia":[{"embeddable":true,"href":"https:\/\/ddt.lv\/lv\/wp-json\/wp\/v2\/media\/38088"}],"wp:attachment":[{"href":"https:\/\/ddt.lv\/lv\/wp-json\/wp\/v2\/media?parent=37986"}],"wp:term":[{"taxonomy":"product_cat","embeddable":true,"href":"https:\/\/ddt.lv\/lv\/wp-json\/wp\/v2\/product_cat?post=37986"},{"taxonomy":"product_tag","embeddable":true,"href":"https:\/\/ddt.lv\/lv\/wp-json\/wp\/v2\/product_tag?post=37986"},{"taxonomy":"yst_prominent_words","embeddable":true,"href":"https:\/\/ddt.lv\/lv\/wp-json\/wp\/v2\/yst_prominent_words?post=37986"}],"curies":[{"name":"wp","href":"https:\/\/api.w.org\/{rel}","templated":true}]}}