{"id":37985,"date":"2023-10-05T11:20:24","date_gmt":"2023-10-05T08:20:24","guid":{"rendered":"https:\/\/ddt.lv\/lv\/product\/led-g9-4w-230v-470lm-3000k-spuldze-emos\/"},"modified":"2026-04-01T00:25:59","modified_gmt":"2026-03-31T21:25:59","slug":"led-g9-4w-230v-470lm-3000k-spuldze-emos","status":"publish","type":"product","link":"https:\/\/ddt.lv\/lv\/product\/led-g9-4w-230v-470lm-3000k-spuldze-emos\/","title":{"rendered":"LED G9 4W 230V 470lm 3000K spuldze EMOS"},"content":{"rendered":"<p>Div\u0101m ZQ9544 LED spuldz\u0113m no EMOS ir silta gaismas kr\u0101sa ar kr\u0101su temperat\u016bru 3000K. Ieb\u016bv\u0113t\u0101s LED diodes raksturo ilgs kalpo\u0161anas laiks un energoefektivit\u0101te. Gaismas avota jauda ir 4W, kas ir l\u012bdzv\u0113rt\u012bga 40W kv\u0113lspuldzei. Gaismas pl\u016bsma ir 470 lm. Precei ir 3 gadu ra\u017eot\u0101ja garantija.<\/p>","protected":false},"excerpt":{"rendered":"<p>Div\u0101m ZQ9544 LED spuldz\u0113m no EMOS ir silta gaismas kr\u0101sa ar kr\u0101su temperat\u016bru 3000K. Ieb\u016bv\u0113t\u0101s LED diodes raksturo ilgs kalpo\u0161anas laiks un energoefektivit\u0101te. Gaismas avota jauda ir 4W, kas ir l\u012bdzv\u0113rt\u012bga 40W kv\u0113lspuldzei. Gaismas pl\u016bsma ir 470 lm. Precei ir 3 gadu ra\u017eot\u0101ja garantija.<\/p>\n","protected":false},"featured_media":38079,"comment_status":"closed","ping_status":"closed","template":"","meta":{"inline_featured_image":false},"product_cat":[854],"product_tag":[],"yst_prominent_words":[],"class_list":{"0":"post-37985","1":"product","2":"type-product","3":"status-publish","4":"has-post-thumbnail","6":"product_cat-g9-spuldzes","8":"first","9":"instock","10":"taxable","11":"shipping-taxable","12":"purchasable","13":"product-type-simple"},"jetpack_sharing_enabled":true,"_links":{"self":[{"href":"https:\/\/ddt.lv\/lv\/wp-json\/wp\/v2\/product\/37985"}],"collection":[{"href":"https:\/\/ddt.lv\/lv\/wp-json\/wp\/v2\/product"}],"about":[{"href":"https:\/\/ddt.lv\/lv\/wp-json\/wp\/v2\/types\/product"}],"replies":[{"embeddable":true,"href":"https:\/\/ddt.lv\/lv\/wp-json\/wp\/v2\/comments?post=37985"}],"wp:featuredmedia":[{"embeddable":true,"href":"https:\/\/ddt.lv\/lv\/wp-json\/wp\/v2\/media\/38079"}],"wp:attachment":[{"href":"https:\/\/ddt.lv\/lv\/wp-json\/wp\/v2\/media?parent=37985"}],"wp:term":[{"taxonomy":"product_cat","embeddable":true,"href":"https:\/\/ddt.lv\/lv\/wp-json\/wp\/v2\/product_cat?post=37985"},{"taxonomy":"product_tag","embeddable":true,"href":"https:\/\/ddt.lv\/lv\/wp-json\/wp\/v2\/product_tag?post=37985"},{"taxonomy":"yst_prominent_words","embeddable":true,"href":"https:\/\/ddt.lv\/lv\/wp-json\/wp\/v2\/yst_prominent_words?post=37985"}],"curies":[{"name":"wp","href":"https:\/\/api.w.org\/{rel}","templated":true}]}}