{"id":37707,"date":"2023-07-12T00:20:32","date_gmt":"2023-07-11T21:20:32","guid":{"rendered":"https:\/\/ddt.lv\/lv\/product\/led-gaismeklis-ar-pulti-ewa-100w-8250lm-gaismas-intensitetes-dimmesana-nakts-rezims-ar-atminu-avide\/"},"modified":"2026-04-06T11:00:39","modified_gmt":"2026-04-06T08:00:39","slug":"led-gaismeklis-ar-pulti-ewa-100w-8250lm-gaismas-intensitetes-dimmesana-nakts-rezims-ar-atminu-avide","status":"publish","type":"product","link":"https:\/\/ddt.lv\/lv\/product\/led-gaismeklis-ar-pulti-ewa-100w-8250lm-gaismas-intensitetes-dimmesana-nakts-rezims-ar-atminu-avide\/","title":{"rendered":"LED gaismeklis ar pulti  EWA 100W 8250lm gaismas intensit\u0113tes dimm\u0113\u0161ana, nakts re\u017e\u012bms, ar atmi\u0146u  Avide"},"content":{"rendered":"","protected":false},"excerpt":{"rendered":"","protected":false},"featured_media":37726,"comment_status":"closed","ping_status":"closed","template":"","meta":{"inline_featured_image":false},"product_cat":[898],"product_tag":[],"yst_prominent_words":[],"class_list":{"0":"post-37707","1":"product","2":"type-product","3":"status-publish","4":"has-post-thumbnail","6":"product_cat-led-dizaina-gaismekli","8":"first","9":"outofstock","10":"taxable","11":"shipping-taxable","12":"purchasable","13":"product-type-simple"},"jetpack_sharing_enabled":true,"_links":{"self":[{"href":"https:\/\/ddt.lv\/lv\/wp-json\/wp\/v2\/product\/37707"}],"collection":[{"href":"https:\/\/ddt.lv\/lv\/wp-json\/wp\/v2\/product"}],"about":[{"href":"https:\/\/ddt.lv\/lv\/wp-json\/wp\/v2\/types\/product"}],"replies":[{"embeddable":true,"href":"https:\/\/ddt.lv\/lv\/wp-json\/wp\/v2\/comments?post=37707"}],"wp:featuredmedia":[{"embeddable":true,"href":"https:\/\/ddt.lv\/lv\/wp-json\/wp\/v2\/media\/37726"}],"wp:attachment":[{"href":"https:\/\/ddt.lv\/lv\/wp-json\/wp\/v2\/media?parent=37707"}],"wp:term":[{"taxonomy":"product_cat","embeddable":true,"href":"https:\/\/ddt.lv\/lv\/wp-json\/wp\/v2\/product_cat?post=37707"},{"taxonomy":"product_tag","embeddable":true,"href":"https:\/\/ddt.lv\/lv\/wp-json\/wp\/v2\/product_tag?post=37707"},{"taxonomy":"yst_prominent_words","embeddable":true,"href":"https:\/\/ddt.lv\/lv\/wp-json\/wp\/v2\/yst_prominent_words?post=37707"}],"curies":[{"name":"wp","href":"https:\/\/api.w.org\/{rel}","templated":true}]}}