{"id":37606,"date":"2023-06-21T17:00:23","date_gmt":"2023-06-21T14:00:23","guid":{"rendered":"https:\/\/ddt.lv\/lv\/product\/lukturis-kempinga-3w-led-solar-usb-230v-3xaa120lm-ip54\/"},"modified":"2026-04-27T08:42:26","modified_gmt":"2026-04-27T05:42:26","slug":"lukturis-kempinga-3w-led-solar-usb-230v-3xaa120lm-ip54","status":"publish","type":"product","link":"https:\/\/ddt.lv\/lv\/product\/lukturis-kempinga-3w-led-solar-usb-230v-3xaa120lm-ip54\/","title":{"rendered":"Lukturis Kempinga 3W LED Solar\/USB\/(3xAA) Litija akumulators, 120lm IP54"},"content":{"rendered":"<p>Izv\u0113lieties m\u016bsu Entac kempinga lukturi, lai sp\u0113tu nodro\u0161in\u0101t gaismu pat vistum\u0161\u0101kaj\u0101 nakt\u012b, ko pavad\u012bsiet pie dabas kemping\u0101. Pateicoties saules uzl\u0101des panelim, tas pied\u0101v\u0101 energoefekt\u012bvu un spo\u017eu apgaismojuma iesp\u0113ju. Saules uzl\u0101di nor\u0101da sarkan\u0101 gaismas diode s\u0101nos, un, ja nepiecie\u0161ams, tas darbojas ar\u012b ar trim AA baterij\u0101m. Papildus iesp\u0113jama uzl\u0101de izmantojot USB.<\/p>\n<p>Pateicoties luktura formai, tas nodro\u0161ina gaismu visapk\u0101rt, 360 \u00b0 le\u0146\u0137\u012b.<\/p>\n<p>Entac kempinga lukturi var izmantot ar\u012b k\u0101 str\u0101vas banku (powerbanku), t\u0101d\u0113j\u0101di atrodoties kemping\u0101, m\u0113s varam nodro\u0161in\u0101t nepiecie\u0161amo elektroener\u0123iju \u010detr\u0101m elektrisk\u0101m ier\u012bc\u0113m. Luktur\u012b izmantojamais akumulators\/baterija\u00a0 Li-Ion 18650 ir nomain\u0101ms.<\/p>\n<p>Produktam ir 3W jauda un 120 l\u016bmenu spilgtums. T\u0101 maksim\u0101lais darb\u012bbas laiks ir l\u012bdz 5 stund\u0101m.<\/p>","protected":false},"excerpt":{"rendered":"<p>Izv\u0113lieties m\u016bsu Entac kempinga lukturi, lai sp\u0113tu nodro\u0161in\u0101t gaismu pat vistum\u0161\u0101kaj\u0101 nakt\u012b, ko pavad\u012bsiet pie dabas kemping\u0101. Pateicoties saules uzl\u0101des panelim, tas pied\u0101v\u0101 energoefekt\u012bvu un spo\u017eu apgaismojuma iesp\u0113ju. Saules uzl\u0101di nor\u0101da sarkan\u0101 gaismas diode s\u0101nos, un, ja nepiecie\u0161ams, tas darbojas ar\u012b ar trim AA baterij\u0101m. Papildus iesp\u0113jama uzl\u0101de izmantojot USB. Pateicoties luktura formai, tas nodro\u0161ina [&hellip;]<\/p>\n","protected":false},"featured_media":37688,"comment_status":"closed","ping_status":"closed","template":"","meta":{"inline_featured_image":false},"product_cat":[1584,1594,772,729],"product_tag":[],"yst_prominent_words":[],"class_list":{"0":"post-37606","1":"product","2":"type-product","3":"status-publish","4":"has-post-thumbnail","6":"product_cat-grilli-gazes-plitinas-degli","7":"product_cat-lukturi-preces-aktivai-atputai","8":"product_cat-atlaides","9":"product_cat-laternas","11":"first","12":"outofstock","13":"sale","14":"taxable","15":"shipping-taxable","16":"purchasable","17":"product-type-simple"},"jetpack_sharing_enabled":true,"_links":{"self":[{"href":"https:\/\/ddt.lv\/lv\/wp-json\/wp\/v2\/product\/37606"}],"collection":[{"href":"https:\/\/ddt.lv\/lv\/wp-json\/wp\/v2\/product"}],"about":[{"href":"https:\/\/ddt.lv\/lv\/wp-json\/wp\/v2\/types\/product"}],"replies":[{"embeddable":true,"href":"https:\/\/ddt.lv\/lv\/wp-json\/wp\/v2\/comments?post=37606"}],"wp:featuredmedia":[{"embeddable":true,"href":"https:\/\/ddt.lv\/lv\/wp-json\/wp\/v2\/media\/37688"}],"wp:attachment":[{"href":"https:\/\/ddt.lv\/lv\/wp-json\/wp\/v2\/media?parent=37606"}],"wp:term":[{"taxonomy":"product_cat","embeddable":true,"href":"https:\/\/ddt.lv\/lv\/wp-json\/wp\/v2\/product_cat?post=37606"},{"taxonomy":"product_tag","embeddable":true,"href":"https:\/\/ddt.lv\/lv\/wp-json\/wp\/v2\/product_tag?post=37606"},{"taxonomy":"yst_prominent_words","embeddable":true,"href":"https:\/\/ddt.lv\/lv\/wp-json\/wp\/v2\/yst_prominent_words?post=37606"}],"curies":[{"name":"wp","href":"https:\/\/api.w.org\/{rel}","templated":true}]}}