{"id":37549,"date":"2023-06-11T12:00:33","date_gmt":"2023-06-11T09:00:33","guid":{"rendered":"https:\/\/ddt.lv\/lv\/product\/lukturis-uv-moskitu-kempinga-230v-2w-ip20\/"},"modified":"2026-04-08T14:27:38","modified_gmt":"2026-04-08T11:27:38","slug":"lukturis-uv-moskitu-kempinga-230v-2w-ip20","status":"publish","type":"product","link":"https:\/\/ddt.lv\/lv\/product\/lukturis-uv-moskitu-kempinga-230v-2w-ip20\/","title":{"rendered":"Lukturis UV mosk\u012btu, kempinga, 230V 2W IP20"},"content":{"rendered":"<p>Lukturis UV mosk\u012btu, kempinga, 230V 2W IP20<\/p>\n<p>UV elektrisk\u0101 mosk\u012btu lampa &#8211; visu kukai\u0146u izn\u012bcin\u0101t\u0101js<\/p>\n<p>Jaunums!<\/p>\n<p>Lampas izstaro \u012bpa\u0161u UV kr\u0101su gaismu, kas piesaista kukai\u0146us augstsprieguma t\u012bklam un autom\u0101tiski tos izn\u012bcina.<br \/>\nTam ir p\u0101rvietojama tvertne, kur\u0101 tiek sav\u0101kti izn\u012bcin\u0101tie kukai\u0146i p\u0113c tam, kad augstsprieguma t\u012bkls tos ir izcepis. UV gaisma piesaista lidojo\u0161os kukai\u0146us.<br \/>\nNekait\u012bgs un dro\u0161s cilv\u0113kiem un dz\u012bvniekiem! Bez \u0137\u012bmisk\u0101m viel\u0101m, bez smar\u017eas, kluss un netoksisks.<br \/>\nLampas ir ide\u0101li piem\u0113rotas dz\u012bvojam\u0101m istab\u0101m un gu\u013camistab\u0101m, virtuv\u0113m, viesn\u012bc\u0101m, restor\u0101niem&#8230; un cit\u0101m vid\u0113m, kur var par\u0101d\u012bties kukai\u0146i.<\/p>","protected":false},"excerpt":{"rendered":"<p>Lukturis UV mosk\u012btu, kempinga, 230V 2W IP20 UV elektrisk\u0101 mosk\u012btu lampa &#8211; visu kukai\u0146u izn\u012bcin\u0101t\u0101js Jaunums! Lampas izstaro \u012bpa\u0161u UV kr\u0101su gaismu, kas piesaista kukai\u0146us augstsprieguma t\u012bklam un autom\u0101tiski tos izn\u012bcina. Tam ir p\u0101rvietojama tvertne, kur\u0101 tiek sav\u0101kti izn\u012bcin\u0101tie kukai\u0146i p\u0113c tam, kad augstsprieguma t\u012bkls tos ir izcepis. UV gaisma piesaista lidojo\u0161os kukai\u0146us. Nekait\u012bgs un [&hellip;]<\/p>\n","protected":false},"featured_media":37585,"comment_status":"closed","ping_status":"closed","template":"","meta":{"inline_featured_image":false},"product_cat":[1594],"product_tag":[],"yst_prominent_words":[],"class_list":{"0":"post-37549","1":"product","2":"type-product","3":"status-publish","4":"has-post-thumbnail","6":"product_cat-lukturi-preces-aktivai-atputai","8":"first","9":"outofstock","10":"taxable","11":"shipping-taxable","12":"purchasable","13":"product-type-simple"},"jetpack_sharing_enabled":true,"_links":{"self":[{"href":"https:\/\/ddt.lv\/lv\/wp-json\/wp\/v2\/product\/37549"}],"collection":[{"href":"https:\/\/ddt.lv\/lv\/wp-json\/wp\/v2\/product"}],"about":[{"href":"https:\/\/ddt.lv\/lv\/wp-json\/wp\/v2\/types\/product"}],"replies":[{"embeddable":true,"href":"https:\/\/ddt.lv\/lv\/wp-json\/wp\/v2\/comments?post=37549"}],"wp:featuredmedia":[{"embeddable":true,"href":"https:\/\/ddt.lv\/lv\/wp-json\/wp\/v2\/media\/37585"}],"wp:attachment":[{"href":"https:\/\/ddt.lv\/lv\/wp-json\/wp\/v2\/media?parent=37549"}],"wp:term":[{"taxonomy":"product_cat","embeddable":true,"href":"https:\/\/ddt.lv\/lv\/wp-json\/wp\/v2\/product_cat?post=37549"},{"taxonomy":"product_tag","embeddable":true,"href":"https:\/\/ddt.lv\/lv\/wp-json\/wp\/v2\/product_tag?post=37549"},{"taxonomy":"yst_prominent_words","embeddable":true,"href":"https:\/\/ddt.lv\/lv\/wp-json\/wp\/v2\/yst_prominent_words?post=37549"}],"curies":[{"name":"wp","href":"https:\/\/api.w.org\/{rel}","templated":true}]}}