{"id":37547,"date":"2023-06-11T12:00:33","date_gmt":"2023-06-11T09:00:33","guid":{"rendered":"https:\/\/ddt.lv\/lv\/product\/darza-gaismeklis-org-stikls-nerus-30cm-ni-mh-200mah-6h\/"},"modified":"2026-04-01T00:07:27","modified_gmt":"2026-03-31T21:07:27","slug":"darza-gaismeklis-org-stikls-nerus-30cm-ni-mh-200mah-6h","status":"publish","type":"product","link":"https:\/\/ddt.lv\/lv\/product\/darza-gaismeklis-org-stikls-nerus-30cm-ni-mh-200mah-6h\/","title":{"rendered":"D\u0101rza gaismeklis, org. stikls, ner\u016bs.30cm, Ni-Mh 200mAh 6h"},"content":{"rendered":"<p>D\u0101rza gaismeklis, organisk\u0101\u00a0 stikla, ner\u016bs\u0113jo\u0161s t\u0113rauds, augstums, 30cm, Sol\u0101r\u0101\u00a0 baterija Ni-Mh 200mAh, darb\u012bbas ilgums pie pilnas uzlades l\u012bdz 6h.<\/p>","protected":false},"excerpt":{"rendered":"<p>D\u0101rza gaismeklis, organisk\u0101\u00a0 stikla, ner\u016bs\u0113jo\u0161s t\u0113rauds, augstums, 30cm, Sol\u0101r\u0101\u00a0 baterija Ni-Mh 200mAh, darb\u012bbas ilgums pie pilnas uzlades l\u012bdz 6h.<\/p>\n","protected":false},"featured_media":37608,"comment_status":"closed","ping_status":"closed","template":"","meta":{"inline_featured_image":false},"product_cat":[1587,772],"product_tag":[],"yst_prominent_words":[],"class_list":{"0":"post-37547","1":"product","2":"type-product","3":"status-publish","4":"has-post-thumbnail","6":"product_cat-apgaismojums-virtenes","7":"product_cat-atlaides","9":"first","10":"instock","11":"sale","12":"taxable","13":"shipping-taxable","14":"purchasable","15":"product-type-simple"},"jetpack_sharing_enabled":true,"_links":{"self":[{"href":"https:\/\/ddt.lv\/lv\/wp-json\/wp\/v2\/product\/37547"}],"collection":[{"href":"https:\/\/ddt.lv\/lv\/wp-json\/wp\/v2\/product"}],"about":[{"href":"https:\/\/ddt.lv\/lv\/wp-json\/wp\/v2\/types\/product"}],"replies":[{"embeddable":true,"href":"https:\/\/ddt.lv\/lv\/wp-json\/wp\/v2\/comments?post=37547"}],"wp:featuredmedia":[{"embeddable":true,"href":"https:\/\/ddt.lv\/lv\/wp-json\/wp\/v2\/media\/37608"}],"wp:attachment":[{"href":"https:\/\/ddt.lv\/lv\/wp-json\/wp\/v2\/media?parent=37547"}],"wp:term":[{"taxonomy":"product_cat","embeddable":true,"href":"https:\/\/ddt.lv\/lv\/wp-json\/wp\/v2\/product_cat?post=37547"},{"taxonomy":"product_tag","embeddable":true,"href":"https:\/\/ddt.lv\/lv\/wp-json\/wp\/v2\/product_tag?post=37547"},{"taxonomy":"yst_prominent_words","embeddable":true,"href":"https:\/\/ddt.lv\/lv\/wp-json\/wp\/v2\/yst_prominent_words?post=37547"}],"curies":[{"name":"wp","href":"https:\/\/api.w.org\/{rel}","templated":true}]}}