{"id":37546,"date":"2023-06-11T12:00:32","date_gmt":"2023-06-11T09:00:32","guid":{"rendered":"https:\/\/ddt.lv\/lv\/product\/darza-gaismeklis-stikls-nerus-57cm-ni-mh-500mah-8h\/"},"modified":"2026-04-01T00:07:01","modified_gmt":"2026-03-31T21:07:01","slug":"darza-gaismeklis-stikls-nerus-57cm-ni-mh-500mah-8h","status":"publish","type":"product","link":"https:\/\/ddt.lv\/lv\/product\/darza-gaismeklis-stikls-nerus-57cm-ni-mh-500mah-8h\/","title":{"rendered":"D\u0101rza gaismeklis stikls, ner\u016bs. 57cm, Ni-Mh 500mAh 8h"},"content":{"rendered":"<p>D\u0101rza gaismeklis stikla kupols, ner\u016bs\u0113jo\u0161a t\u0113rauda, augstums 57cm, Ni-Mh 500mAh saules baterija, p\u0113c pilnas uzl\u0101des &#8211; deg\u0161anas ilgums l\u012bdz 8h.<\/p>\n<p>Skaista ner\u016bs\u0113jo\u0161\u0101 t\u0113rauda un stikla kombin\u0101cija. laternas stikla dizains lau\u017e izejo\u0161o gaismu.<br \/>\nPadariet savu d\u0101rzu \u012bpa\u0161u ar \u0161o patie\u0161\u0101m skaisto 57 cm augsto stikla moza\u012bkas saules lampu.<br \/>\nJ\u016bs varat to \u0101tri un viegli novietot ar grie\u0161anas stat\u012bva pal\u012bdz\u012bbu. Padoms: pirms pirm\u0101s lieto\u0161anas reizes uzl\u0101d\u0113jiet lampu tie\u0161os saules staros 12 stundas. Pirm\u0101 uzl\u0101de var iev\u0113rojami palielin\u0101t akumulatora darb\u012bbas laiku.<\/p>","protected":false},"excerpt":{"rendered":"<p>D\u0101rza gaismeklis stikla kupols, ner\u016bs\u0113jo\u0161a t\u0113rauda, augstums 57cm, Ni-Mh 500mAh saules baterija, p\u0113c pilnas uzl\u0101des &#8211; deg\u0161anas ilgums l\u012bdz 8h. Skaista ner\u016bs\u0113jo\u0161\u0101 t\u0113rauda un stikla kombin\u0101cija. laternas stikla dizains lau\u017e izejo\u0161o gaismu. Padariet savu d\u0101rzu \u012bpa\u0161u ar \u0161o patie\u0161\u0101m skaisto 57 cm augsto stikla moza\u012bkas saules lampu. J\u016bs varat to \u0101tri un viegli novietot ar [&hellip;]<\/p>\n","protected":false},"featured_media":37583,"comment_status":"closed","ping_status":"closed","template":"","meta":{"inline_featured_image":false},"product_cat":[1587,772],"product_tag":[],"yst_prominent_words":[],"class_list":{"0":"post-37546","1":"product","2":"type-product","3":"status-publish","4":"has-post-thumbnail","6":"product_cat-apgaismojums-virtenes","7":"product_cat-atlaides","9":"first","10":"instock","11":"sale","12":"taxable","13":"shipping-taxable","14":"purchasable","15":"product-type-simple"},"jetpack_sharing_enabled":true,"_links":{"self":[{"href":"https:\/\/ddt.lv\/lv\/wp-json\/wp\/v2\/product\/37546"}],"collection":[{"href":"https:\/\/ddt.lv\/lv\/wp-json\/wp\/v2\/product"}],"about":[{"href":"https:\/\/ddt.lv\/lv\/wp-json\/wp\/v2\/types\/product"}],"replies":[{"embeddable":true,"href":"https:\/\/ddt.lv\/lv\/wp-json\/wp\/v2\/comments?post=37546"}],"wp:featuredmedia":[{"embeddable":true,"href":"https:\/\/ddt.lv\/lv\/wp-json\/wp\/v2\/media\/37583"}],"wp:attachment":[{"href":"https:\/\/ddt.lv\/lv\/wp-json\/wp\/v2\/media?parent=37546"}],"wp:term":[{"taxonomy":"product_cat","embeddable":true,"href":"https:\/\/ddt.lv\/lv\/wp-json\/wp\/v2\/product_cat?post=37546"},{"taxonomy":"product_tag","embeddable":true,"href":"https:\/\/ddt.lv\/lv\/wp-json\/wp\/v2\/product_tag?post=37546"},{"taxonomy":"yst_prominent_words","embeddable":true,"href":"https:\/\/ddt.lv\/lv\/wp-json\/wp\/v2\/yst_prominent_words?post=37546"}],"curies":[{"name":"wp","href":"https:\/\/api.w.org\/{rel}","templated":true}]}}