{"id":37493,"date":"2023-06-01T21:40:31","date_gmt":"2023-06-01T18:40:31","guid":{"rendered":"https:\/\/ddt.lv\/lv\/product\/digitals-programmejams-termostats-5-35c-2xaaa-emos\/"},"modified":"2026-04-08T14:41:14","modified_gmt":"2026-04-08T11:41:14","slug":"digitals-programmejams-termostats-5-35c-2xaaa-emos","status":"publish","type":"product","link":"https:\/\/ddt.lv\/lv\/product\/digitals-programmejams-termostats-5-35c-2xaaa-emos\/","title":{"rendered":"Digit\u0101ls programm\u0113jams termostats 5-35\u00b0C 2xAAA EMOS"},"content":{"rendered":"<p><\/p>\n<div><\/div>\n<div class=\"QcsUad BDJ8fb BLojaf sMVRZe wneUed\">\n<div class=\"XL3Kf\">\n<div class=\"a8FIud X0rvP\">\n<div data-show-delay-ms=\"250\" data-append-to-body=\"false\" data-propagate-tooltip-mouseover-events=\"true\" data-anchor-corner=\"bottom-end\" data-enable-skip-handler=\"false\" data-popup-corner=\"top-end\">\n<div class=\" B2mKhd  eQGGme xGUN1\">Termostats P5607 ir paredz\u0113ts apkures un gaisa kondicion\u0113\u0161anas sist\u0113mu vad\u012b\u0161anai.<\/div>\n<div>Noder\u012bgs siltuma aizsargs j\u016bsu m\u0101j\u0101m<br \/>\nIzbaudiet stabilu un ide\u0101lu temperat\u016bru m\u0101j\u0101s vasar\u0101 un ziem\u0101. Vairs nav main\u012bgas temperat\u016bras, tikai \u0113rts siltums bez raiz\u0113m. Vadu telpas termostats ar programm\u0113jamiem iestat\u012bjumiem uzrauga ide\u0101lo temperat\u016bru un kontrol\u0113 apkures sist\u0113mu un gaisa kondicion\u0113\u0161anu dienu un nakti. Temperat\u016bras iestat\u012b\u0161anas diapazons no 5 \u00b0C l\u012bdz 35 \u00b0C nodro\u0161ina komfortablu temperat\u016bru vasar\u0101 un ziem\u0101. Priek\u0161roc\u012bbas ir ar\u012b vienk\u0101r\u0161a darb\u012bba un salas\u0101ms aizmugurgaismojuma displejs ar lieliem cipariem un inform\u0101ciju par pa\u0161reiz\u0113jo un v\u0113lamo temperat\u016bru.<\/div>\n<div>Izveidojiet \u0113rtu m\u0101ju vai biroju, kas ir tie\u0161i t\u0101ds, k\u0101ds jums pat\u012bk. Vienk\u0101r\u0161i nospiediet pogu un izv\u0113lieties temperat\u016bras diapazonu no 5\u00b0C l\u012bdz 35\u00b0C. J\u016bsu ide\u0101l\u0101 temperat\u016bra ir 20,6 \u00b0C? Nek\u0101du probl\u0113mu! Termostats var regul\u0113t temperat\u016bru pa 0,2 \u00b0C. Temperat\u016bras novirze ir \u00b1 0,1 \u00b0C. Digit\u0101lais termostats m\u0113ra ar\u012b pa\u0161reiz\u0113jo telpas temperat\u016bru diapazon\u0101 no 0 \u00b0C l\u012bdz 40 \u00b0C ar precizit\u0101ti 0,1 \u00b0C. Aizsardz\u012bba pret salu \u013cauj izmantot termostatu pat \u0113k\u0101s, kuras ziem\u0101 netiek apsild\u012btas.<\/div>\n<\/div>\n<\/div>\n<\/div>\n<\/div>\n<p><\/p>","protected":false},"excerpt":{"rendered":"<p>Termostats P5607 ir paredz\u0113ts apkures un gaisa kondicion\u0113\u0161anas sist\u0113mu vad\u012b\u0161anai. Noder\u012bgs siltuma aizsargs j\u016bsu m\u0101j\u0101m Izbaudiet stabilu un ide\u0101lu temperat\u016bru m\u0101j\u0101s vasar\u0101 un ziem\u0101. Vairs nav main\u012bgas temperat\u016bras, tikai \u0113rts siltums bez raiz\u0113m. Vadu telpas termostats ar programm\u0113jamiem iestat\u012bjumiem uzrauga ide\u0101lo temperat\u016bru un kontrol\u0113 apkures sist\u0113mu un gaisa kondicion\u0113\u0161anu dienu un nakti. Temperat\u016bras iestat\u012b\u0161anas diapazons [&hellip;]<\/p>\n","protected":false},"featured_media":37499,"comment_status":"closed","ping_status":"closed","template":"","meta":{"inline_featured_image":false},"product_cat":[838],"product_tag":[],"yst_prominent_words":[],"class_list":{"0":"post-37493","1":"product","2":"type-product","3":"status-publish","4":"has-post-thumbnail","6":"product_cat-termostati","8":"first","9":"instock","10":"taxable","11":"shipping-taxable","12":"purchasable","13":"product-type-simple"},"jetpack_sharing_enabled":true,"_links":{"self":[{"href":"https:\/\/ddt.lv\/lv\/wp-json\/wp\/v2\/product\/37493"}],"collection":[{"href":"https:\/\/ddt.lv\/lv\/wp-json\/wp\/v2\/product"}],"about":[{"href":"https:\/\/ddt.lv\/lv\/wp-json\/wp\/v2\/types\/product"}],"replies":[{"embeddable":true,"href":"https:\/\/ddt.lv\/lv\/wp-json\/wp\/v2\/comments?post=37493"}],"wp:featuredmedia":[{"embeddable":true,"href":"https:\/\/ddt.lv\/lv\/wp-json\/wp\/v2\/media\/37499"}],"wp:attachment":[{"href":"https:\/\/ddt.lv\/lv\/wp-json\/wp\/v2\/media?parent=37493"}],"wp:term":[{"taxonomy":"product_cat","embeddable":true,"href":"https:\/\/ddt.lv\/lv\/wp-json\/wp\/v2\/product_cat?post=37493"},{"taxonomy":"product_tag","embeddable":true,"href":"https:\/\/ddt.lv\/lv\/wp-json\/wp\/v2\/product_tag?post=37493"},{"taxonomy":"yst_prominent_words","embeddable":true,"href":"https:\/\/ddt.lv\/lv\/wp-json\/wp\/v2\/yst_prominent_words?post=37493"}],"curies":[{"name":"wp","href":"https:\/\/api.w.org\/{rel}","templated":true}]}}