{"id":37483,"date":"2023-06-01T20:40:32","date_gmt":"2023-06-01T17:40:32","guid":{"rendered":"https:\/\/ddt.lv\/lv\/product\/english-three-piece-lawn-sprinkler-12-5mm-flo\/"},"modified":"2026-04-08T14:32:34","modified_gmt":"2026-04-08T11:32:34","slug":"english-three-piece-lawn-sprinkler-12-5mm-flo","status":"publish","type":"product","link":"https:\/\/ddt.lv\/lv\/product\/trisdaligs-smidzinatajs-zalienam-12-5mm-flo\/","title":{"rendered":"Tr\u012bsda\u013c\u012bgs smidzin\u0101t\u0101js z\u0101lienam 12.5mm FLO"},"content":{"rendered":"<p>FLO 89262 impulsu tr\u012bssprauslu smidzin\u0101t\u0101js ir \u0113rts statisks stiprin\u0101jums noteikt\u0101m viet\u0101m. \u0160o smidzin\u0101t\u0101ju var nostiprin\u0101t jebkur\u0101 piem\u0113rot\u0101 viet\u0101, pateicoties uzticam\u0101m uzga\u013ca tap\u0101m, ar kuru ir \u013coti viegli iek\u013c\u016bt zem\u0113.<\/p>\n<p>FLO 89262 impulsu tr\u012bssprauslu smidzin\u0101t\u0101js sp\u0113j veikt 360 gr\u0101du ap\u013cveida ap\u016bde\u0146o\u0161anu. Ier\u012bce var aptvert apgabalus, kuru diametrs ir l\u012bdz 14 metriem. \u0112rt\u0101kai lieto\u0161anai impulsu izsmidzin\u0101t\u0101js ir apr\u012bkots ar speci\u0101lu aizb\u0101zni, ar kuru var \u0101tri atsl\u0113gt \u016bdens padevi.<\/p>\n<p>FLO 89262 impulsu tr\u012bssprauslu izsmidzin\u0101t\u0101js ir izgatavots no augstas kvalit\u0101tes materi\u0101liem un ir iztur\u012bgs pret da\u017e\u0101diem meh\u0101niskiem un mitruma efektiem. Smidzin\u0101t\u0101ja izm\u0113ri ir 330x165x52 mm ar svaru 64 grami, un v\u012btne ir piem\u0113rota \u0161\u013c\u016bten\u0113m ar 1\/2 collu diametru.<\/p>","protected":false},"excerpt":{"rendered":"<p>FLO 89262 impulsu tr\u012bssprauslu smidzin\u0101t\u0101js ir \u0113rts statisks stiprin\u0101jums noteikt\u0101m viet\u0101m. \u0160o smidzin\u0101t\u0101ju var nostiprin\u0101t jebkur\u0101 piem\u0113rot\u0101 viet\u0101, pateicoties uzticam\u0101m uzga\u013ca tap\u0101m, ar kuru ir \u013coti viegli iek\u013c\u016bt zem\u0113. FLO 89262 impulsu tr\u012bssprauslu smidzin\u0101t\u0101js sp\u0113j veikt 360 gr\u0101du ap\u013cveida ap\u016bde\u0146o\u0161anu. Ier\u012bce var aptvert apgabalus, kuru diametrs ir l\u012bdz 14 metriem. \u0112rt\u0101kai lieto\u0161anai impulsu izsmidzin\u0101t\u0101js ir [&hellip;]<\/p>\n","protected":false},"featured_media":37490,"comment_status":"closed","ping_status":"closed","template":"","meta":{"inline_featured_image":false},"product_cat":[1582],"product_tag":[],"yst_prominent_words":[],"class_list":{"0":"post-37483","1":"product","2":"type-product","3":"status-publish","4":"has-post-thumbnail","6":"product_cat-darza-instrumenti","8":"first","9":"instock","10":"taxable","11":"shipping-taxable","12":"purchasable","13":"product-type-simple"},"jetpack_sharing_enabled":true,"_links":{"self":[{"href":"https:\/\/ddt.lv\/lv\/wp-json\/wp\/v2\/product\/37483"}],"collection":[{"href":"https:\/\/ddt.lv\/lv\/wp-json\/wp\/v2\/product"}],"about":[{"href":"https:\/\/ddt.lv\/lv\/wp-json\/wp\/v2\/types\/product"}],"replies":[{"embeddable":true,"href":"https:\/\/ddt.lv\/lv\/wp-json\/wp\/v2\/comments?post=37483"}],"wp:featuredmedia":[{"embeddable":true,"href":"https:\/\/ddt.lv\/lv\/wp-json\/wp\/v2\/media\/37490"}],"wp:attachment":[{"href":"https:\/\/ddt.lv\/lv\/wp-json\/wp\/v2\/media?parent=37483"}],"wp:term":[{"taxonomy":"product_cat","embeddable":true,"href":"https:\/\/ddt.lv\/lv\/wp-json\/wp\/v2\/product_cat?post=37483"},{"taxonomy":"product_tag","embeddable":true,"href":"https:\/\/ddt.lv\/lv\/wp-json\/wp\/v2\/product_tag?post=37483"},{"taxonomy":"yst_prominent_words","embeddable":true,"href":"https:\/\/ddt.lv\/lv\/wp-json\/wp\/v2\/yst_prominent_words?post=37483"}],"curies":[{"name":"wp","href":"https:\/\/api.w.org\/{rel}","templated":true}]}}