{"id":37482,"date":"2023-06-01T20:40:31","date_gmt":"2023-06-01T17:40:31","guid":{"rendered":"https:\/\/ddt.lv\/lv\/product\/english-fountain-8w-600l-3-nozzles-ipx8-flo\/"},"modified":"2026-04-08T14:32:14","modified_gmt":"2026-04-08T11:32:14","slug":"english-fountain-8w-600l-3-nozzles-ipx8-flo","status":"publish","type":"product","link":"https:\/\/ddt.lv\/lv\/product\/english-fountain-8w-600l-3-nozzles-ipx8-flo\/","title":{"rendered":"Str\u016bklaka 8W 600L (3 uzga\u013ci) IPX8 FLO"},"content":{"rendered":"<p>Str\u016bklakas s\u016bknis FLO. Paredz\u0113ts t\u012bra \u016bdens s\u016bkn\u0113\u0161anai. S\u016bkni izmanto d\u012b\u0137os, d\u0101rza fig\u016bri\u0146\u0101s un str\u016bklak\u0101s. Apr\u012bkots ar \u012bpa\u0161u no\u0146emamu t\u012br\u012b\u0161anas filtru, lai nov\u0113rstu net\u012brumu iek\u013c\u016b\u0161anu iek\u0161\u0101. S\u016bknim ir 3 spai\u013cu komplekts ar da\u017e\u0101du konfigur\u0101ciju iesp\u0113ju, kas \u013cauj ieg\u016bt vair\u0101kus interesantus \u016bdens str\u016bklas efektus.<\/p>","protected":false},"excerpt":{"rendered":"<p>Str\u016bklakas s\u016bknis FLO. Paredz\u0113ts t\u012bra \u016bdens s\u016bkn\u0113\u0161anai. S\u016bkni izmanto d\u012b\u0137os, d\u0101rza fig\u016bri\u0146\u0101s un str\u016bklak\u0101s. Apr\u012bkots ar \u012bpa\u0161u no\u0146emamu t\u012br\u012b\u0161anas filtru, lai nov\u0113rstu net\u012brumu iek\u013c\u016b\u0161anu iek\u0161\u0101. S\u016bknim ir 3 spai\u013cu komplekts ar da\u017e\u0101du konfigur\u0101ciju iesp\u0113ju, kas \u013cauj ieg\u016bt vair\u0101kus interesantus \u016bdens str\u016bklas efektus.<\/p>\n","protected":false},"featured_media":37487,"comment_status":"closed","ping_status":"closed","template":"","meta":{"inline_featured_image":false},"product_cat":[1582],"product_tag":[],"yst_prominent_words":[],"class_list":{"0":"post-37482","1":"product","2":"type-product","3":"status-publish","4":"has-post-thumbnail","6":"product_cat-darza-instrumenti","8":"first","9":"instock","10":"taxable","11":"shipping-taxable","12":"purchasable","13":"product-type-simple"},"jetpack_sharing_enabled":true,"_links":{"self":[{"href":"https:\/\/ddt.lv\/lv\/wp-json\/wp\/v2\/product\/37482"}],"collection":[{"href":"https:\/\/ddt.lv\/lv\/wp-json\/wp\/v2\/product"}],"about":[{"href":"https:\/\/ddt.lv\/lv\/wp-json\/wp\/v2\/types\/product"}],"replies":[{"embeddable":true,"href":"https:\/\/ddt.lv\/lv\/wp-json\/wp\/v2\/comments?post=37482"}],"wp:featuredmedia":[{"embeddable":true,"href":"https:\/\/ddt.lv\/lv\/wp-json\/wp\/v2\/media\/37487"}],"wp:attachment":[{"href":"https:\/\/ddt.lv\/lv\/wp-json\/wp\/v2\/media?parent=37482"}],"wp:term":[{"taxonomy":"product_cat","embeddable":true,"href":"https:\/\/ddt.lv\/lv\/wp-json\/wp\/v2\/product_cat?post=37482"},{"taxonomy":"product_tag","embeddable":true,"href":"https:\/\/ddt.lv\/lv\/wp-json\/wp\/v2\/product_tag?post=37482"},{"taxonomy":"yst_prominent_words","embeddable":true,"href":"https:\/\/ddt.lv\/lv\/wp-json\/wp\/v2\/yst_prominent_words?post=37482"}],"curies":[{"name":"wp","href":"https:\/\/api.w.org\/{rel}","templated":true}]}}