{"id":37469,"date":"2023-05-31T22:20:43","date_gmt":"2023-05-31T19:20:43","guid":{"rendered":"https:\/\/ddt.lv\/lv\/product\/virtene-terasem-15-spuldzem-e27-15m-ip44-max-15x48w-savienojama-lidz-200m-vai-720w-avide\/"},"modified":"2026-04-08T14:37:44","modified_gmt":"2026-04-08T11:37:44","slug":"virtene-terasem-15-spuldzem-e27-15m-ip44-max-15x48w-savienojama-lidz-200m-vai-720w-avide","status":"publish","type":"product","link":"https:\/\/ddt.lv\/lv\/product\/virtene-terasem-15-spuldzem-e27-15m-ip44-max-15x48w-savienojama-lidz-200m-vai-720w-avide\/","title":{"rendered":"Virtene teras\u0113m 15 spuldz\u0113m E27 15m IP44 max.15x48W  Savienojama l\u012bdz 200m vai 720W AVIDE"},"content":{"rendered":"<p>Lieliska izv\u0113le \u0101ra dekor\u0113\u0161anai! \u0160is modelis izce\u013cas ar to, ka LED lampi\u0146u virtenes vads ir melns, kas rada gl\u012btu izskatu vid\u0113. \u0160\u012b5 m gar\u0101 LED gaismi\u0146u virtene ir mitrumiztur\u012bga un piem\u0113rota lieto\u0161anai \u0101rpus telp\u0101m. Visi kontaktu savienojumi ir izol\u0113ti, t\u0101d\u0113j\u0101di nodro\u0161inot \u016bdensnecaurlaid\u012bbu. Virtenes ir iesp\u0113jams savienot citu ar citu, l\u012bdz pat 200m gar\u0101 virten\u0113.<\/p>","protected":false},"excerpt":{"rendered":"<p>Lieliska izv\u0113le \u0101ra dekor\u0113\u0161anai! \u0160is modelis izce\u013cas ar to, ka LED lampi\u0146u virtenes vads ir melns, kas rada gl\u012btu izskatu vid\u0113. \u0160\u012b5 m gar\u0101 LED gaismi\u0146u virtene ir mitrumiztur\u012bga un piem\u0113rota lieto\u0161anai \u0101rpus telp\u0101m. Visi kontaktu savienojumi ir izol\u0113ti, t\u0101d\u0113j\u0101di nodro\u0161inot \u016bdensnecaurlaid\u012bbu. Virtenes ir iesp\u0113jams savienot citu ar citu, l\u012bdz pat 200m gar\u0101 virten\u0113.<\/p>\n","protected":false},"featured_media":37478,"comment_status":"closed","ping_status":"closed","template":"","meta":{"inline_featured_image":false},"product_cat":[1587,912],"product_tag":[],"yst_prominent_words":[],"class_list":{"0":"post-37469","1":"product","2":"type-product","3":"status-publish","4":"has-post-thumbnail","6":"product_cat-apgaismojums-virtenes","7":"product_cat-ara-virtenes","9":"first","10":"instock","11":"taxable","12":"shipping-taxable","13":"purchasable","14":"product-type-simple"},"jetpack_sharing_enabled":true,"_links":{"self":[{"href":"https:\/\/ddt.lv\/lv\/wp-json\/wp\/v2\/product\/37469"}],"collection":[{"href":"https:\/\/ddt.lv\/lv\/wp-json\/wp\/v2\/product"}],"about":[{"href":"https:\/\/ddt.lv\/lv\/wp-json\/wp\/v2\/types\/product"}],"replies":[{"embeddable":true,"href":"https:\/\/ddt.lv\/lv\/wp-json\/wp\/v2\/comments?post=37469"}],"wp:featuredmedia":[{"embeddable":true,"href":"https:\/\/ddt.lv\/lv\/wp-json\/wp\/v2\/media\/37478"}],"wp:attachment":[{"href":"https:\/\/ddt.lv\/lv\/wp-json\/wp\/v2\/media?parent=37469"}],"wp:term":[{"taxonomy":"product_cat","embeddable":true,"href":"https:\/\/ddt.lv\/lv\/wp-json\/wp\/v2\/product_cat?post=37469"},{"taxonomy":"product_tag","embeddable":true,"href":"https:\/\/ddt.lv\/lv\/wp-json\/wp\/v2\/product_tag?post=37469"},{"taxonomy":"yst_prominent_words","embeddable":true,"href":"https:\/\/ddt.lv\/lv\/wp-json\/wp\/v2\/yst_prominent_words?post=37469"}],"curies":[{"name":"wp","href":"https:\/\/api.w.org\/{rel}","templated":true}]}}