{"id":37468,"date":"2023-05-31T22:20:41","date_gmt":"2023-05-31T19:20:41","guid":{"rendered":"https:\/\/ddt.lv\/lv\/product\/english-wolf-akku-rasenschere-finesse-30-r-accuschere-30r\/"},"modified":"2026-04-08T14:32:36","modified_gmt":"2026-04-08T11:32:36","slug":"english-wolf-akku-rasenschere-finesse-30-r-accuschere-30r","status":"publish","type":"product","link":"https:\/\/ddt.lv\/lv\/product\/english-wolf-akku-rasenschere-finesse-30-r-accuschere-30r\/","title":{"rendered":"Elektriskas z\u0101liena un kr\u016bmu \u0161\u0137\u0113res 3.7V Wolf Garten"},"content":{"rendered":"<p>WOLF-Garten e-multi-star\u00ae dz\u012bv\u017eogu \u0161\u0137\u0113r\u0113m 30R ir divk\u0101r\u0161as darb\u012bbas asme\u0146i, un t\u0101s ir ide\u0101li piem\u0113rotas dz\u012bv\u017eogu apgrie\u0161anai. Ar p\u0101rbaud\u012bto multi-star\u00ae klik\u0161\u0137a savienojumu j\u016bs varat viegli piestiprin\u0101t dz\u012bv\u017eoga \u0161\u0137\u0113res pie e-multi-star\u00ae bezvadu roktura BS 140 eM. Pateicoties groz\u0101majai galvai, dz\u012bv\u017eoga \u0161\u0137\u0113res var \u013coti \u0113rti lietot bez k\u0101pn\u0113m. Apr\u012bkots ar dubult\u0101s darb\u012bbas asme\u0146iem ar 16 mm att\u0101lumu starp zobiem. <\/p>","protected":false},"excerpt":{"rendered":"<p>WOLF-Garten e-multi-star\u00ae dz\u012bv\u017eogu \u0161\u0137\u0113r\u0113m 30R ir divk\u0101r\u0161as darb\u012bbas asme\u0146i, un t\u0101s ir ide\u0101li piem\u0113rotas dz\u012bv\u017eogu apgrie\u0161anai. Ar p\u0101rbaud\u012bto multi-star\u00ae klik\u0161\u0137a savienojumu j\u016bs varat viegli piestiprin\u0101t dz\u012bv\u017eoga \u0161\u0137\u0113res pie e-multi-star\u00ae bezvadu roktura BS 140 eM. Pateicoties groz\u0101majai galvai, dz\u012bv\u017eoga \u0161\u0137\u0113res var \u013coti \u0113rti lietot bez k\u0101pn\u0113m. Apr\u012bkots ar dubult\u0101s darb\u012bbas asme\u0146iem ar 16 mm att\u0101lumu starp [&hellip;]<\/p>\n","protected":false},"featured_media":37470,"comment_status":"closed","ping_status":"closed","template":"","meta":{"inline_featured_image":false},"product_cat":[1582,772],"product_tag":[],"yst_prominent_words":[],"class_list":{"0":"post-37468","1":"product","2":"type-product","3":"status-publish","4":"has-post-thumbnail","6":"product_cat-darza-instrumenti","7":"product_cat-atlaides","9":"first","10":"instock","11":"sale","12":"taxable","13":"shipping-taxable","14":"purchasable","15":"product-type-simple"},"jetpack_sharing_enabled":true,"_links":{"self":[{"href":"https:\/\/ddt.lv\/lv\/wp-json\/wp\/v2\/product\/37468"}],"collection":[{"href":"https:\/\/ddt.lv\/lv\/wp-json\/wp\/v2\/product"}],"about":[{"href":"https:\/\/ddt.lv\/lv\/wp-json\/wp\/v2\/types\/product"}],"replies":[{"embeddable":true,"href":"https:\/\/ddt.lv\/lv\/wp-json\/wp\/v2\/comments?post=37468"}],"wp:featuredmedia":[{"embeddable":true,"href":"https:\/\/ddt.lv\/lv\/wp-json\/wp\/v2\/media\/37470"}],"wp:attachment":[{"href":"https:\/\/ddt.lv\/lv\/wp-json\/wp\/v2\/media?parent=37468"}],"wp:term":[{"taxonomy":"product_cat","embeddable":true,"href":"https:\/\/ddt.lv\/lv\/wp-json\/wp\/v2\/product_cat?post=37468"},{"taxonomy":"product_tag","embeddable":true,"href":"https:\/\/ddt.lv\/lv\/wp-json\/wp\/v2\/product_tag?post=37468"},{"taxonomy":"yst_prominent_words","embeddable":true,"href":"https:\/\/ddt.lv\/lv\/wp-json\/wp\/v2\/yst_prominent_words?post=37468"}],"curies":[{"name":"wp","href":"https:\/\/api.w.org\/{rel}","templated":true}]}}