{"id":37466,"date":"2023-05-31T19:20:32","date_gmt":"2023-05-31T16:20:32","guid":{"rendered":"https:\/\/ddt.lv\/lv\/product\/digitala-bezvadu-meteostacija-e0387-3xaaa-2aaa-5v-dc-emos\/"},"modified":"2026-04-01T00:22:32","modified_gmt":"2026-03-31T21:22:32","slug":"digitala-bezvadu-meteostacija-e0387-3xaaa-2aaa-5v-dc-emos","status":"publish","type":"product","link":"https:\/\/ddt.lv\/lv\/product\/digitala-bezvadu-meteostacija-e0387-3xaaa-2aaa-5v-dc-emos\/","title":{"rendered":"Digit\u0101la bezvadu meteostacija E0387 (3xAAA+2AAA+5V DC) EMOS"},"content":{"rendered":"<p>M\u0101jas bezvadu meteostacija E0387<br \/>\nVai pirms izie\u0161anas no m\u0101j\u0101m p\u0101rbaud\u0101t laika prognozi? Vai esat neizpratn\u0113 par to, ko vilkt mugur\u0101? T\u0101d\u0101 gad\u012bjum\u0101 ir pien\u0101cis laiks ieg\u0101d\u0101ties uzticamu m\u0101jas meteorolo\u0123isko staciju E0387, kas atbild\u012bs augst\u0101m pras\u012bb\u0101m un k\u013c\u016bs par neaizvietojamu pal\u012bgu j\u016bsu m\u0101j\u0101s!<\/p>\n<p>Kas j\u016bs noteikti iepriecin\u0101s ar modernu staciju? Protams, b\u016bs temperat\u016bras un mitruma m\u0113r\u012b\u0161ana iek\u0161pus\u0113 un \u0101r\u0101, laika prognoze, DCF funkcija (radiopulkstenis) vai komforta skata displejs. Tom\u0113r tas pied\u0101v\u0101 ar\u012b da\u017eas maz\u0101k izplat\u012btas funkcijas, piem\u0113ram, m\u0113ness f\u0101zes displeju, anim\u0113tu mitruma displeju un spiediena m\u0113r\u012b\u0161anu un ierakst\u012b\u0161anu.<\/p>\n<p>Iek\u0161telpu temperat\u016bras m\u0113r\u012b\u0161anas diapazons ir -10 \u00b0C l\u012bdz +50 \u00b0C, bet \u0101ra temperat\u016bra &#8211; -40 \u00b0C l\u012bdz +60 \u00b0C.<\/p>\n<p>Laiks var tikt par\u0101d\u012bts 12 vai 24 stundu form\u0101t\u0101.Rokas m\u0101jas stacijai ir ar\u012b modin\u0101t\u0101js, kas pied\u0101v\u0101 ar\u012b atk\u0101rtotas modin\u0101\u0161anas funkciju.<\/p>\n<p>Uzst\u0101dot kalend\u0101ru, iesp\u0113jams izv\u0113l\u0113ties k\u0101du no septi\u0146\u0101m pasaules valod\u0101m.\u013boti popul\u0101ra ir DCF funkcija (autom\u0101tisk\u0101 laika iestat\u012b\u0161ana), pateicoties kurai pulkstenis vienm\u0113r r\u0101da prec\u012bzu laiku, bez papildus regul\u0113\u0161anas.<\/p>\n<p>Stacija par\u0101da ar\u012b barometrisko spiedienu, m\u0113ness f\u0101zi, un ir spiediena v\u0113stures grafiks par p\u0113d\u0113j\u0101m 12 stund\u0101m. Nedaudz neparasta, bet v\u0113l praktisk\u0101ka ir ledus br\u012bdin\u0101juma ikona.<\/p>\n<p>Laika prognoze? Nek\u0101du probl\u0113mu!<br \/>\nKo v\u0113l var dar\u012bt \u0161\u012b bezvadu m\u0101jas meteorolo\u0123isk\u0101 stacija? Laikapst\u0101k\u013cu prognoze, balstoties uz atmosf\u0113ras spiedienu tuv\u0101kaj\u0101m 12-24 stund\u0101m apk\u0101rtnei 15-20 kilometru att\u0101lum\u0101. Sal\u012bdzinot ar pamata mode\u013ciem, tas \u013cauj iestat\u012bt ar\u012b temperat\u016bras trauksmi (aug\u0161\u0113jo un apak\u0161\u0113jo robe\u017eu).<\/p>\n<p>Atsevi\u0161\u0137s temperat\u016bras un mitruma tenden\u010du indikators un par\u0101da to maksim\u0101l\u0101s un minim\u0101l\u0101s izm\u0113r\u012bt\u0101s v\u0113rt\u012bbas. Jums b\u016bs ne tikai inform\u0101cija par pa\u0161reiz\u0113jo v\u0113rt\u012bbu, bet ar\u012b nenoliedzama priek\u0161roc\u012bba ir komforta ikona, pateicoties kurai j\u016bs uzreiz uzzin\u0101siet, vai mitrums vid\u0113 ir optim\u0101ls.<\/p>\n<p>Neuzkr\u012bto\u0161s papildin\u0101jums m\u0101j\u0101m<br \/>\nJ\u016bs zin\u0101t, ka \u0161\u012b ier\u012bce lieliski izskat\u012bsies j\u016bsu m\u0101j\u0101s. Melnais re\u017e\u0123is pie\u0161\u0137ir meteorolo\u0123iskajai stacijai m\u016b\u017e\u012bgu izskatu, un iesp\u0113ja to piek\u0101rt pie sienas vai novietot uz galda padara to viegli iek\u013caujamu jebkur\u0101 interjer\u0101.<\/p>\n<p>Kr\u0101sains, \u0113rts View displejs ir \u013coti viegli las\u0101ms un lieliski redzams no vis\u0101m pus\u0113m. Neap\u0161aub\u0101ma priek\u0161roc\u012bba ir autom\u0101tiskais displeja fona apgaismojums, pateicoties kuram fona apgaismojuma laiku var piel\u0101got ikdienas aktivit\u0101t\u0113m un cit\u0101m pras\u012bb\u0101m.<\/p>\n<p>Meteorolo\u0123isk\u0101 stacija darbojas ar 3 AA baterij\u0101m un no elektrot\u012bkla (iek\u013cauts adapteris) Sensoram nepiecie\u0161amas 2 AA baterijas Padomi jau laikus br\u012bdin\u0101s par nepiecie\u0161am\u012bbu nomain\u012bt akumulatoru.<\/p>","protected":false},"excerpt":{"rendered":"<p>M\u0101jas bezvadu meteostacija E0387 Vai pirms izie\u0161anas no m\u0101j\u0101m p\u0101rbaud\u0101t laika prognozi? Vai esat neizpratn\u0113 par to, ko vilkt mugur\u0101? T\u0101d\u0101 gad\u012bjum\u0101 ir pien\u0101cis laiks ieg\u0101d\u0101ties uzticamu m\u0101jas meteorolo\u0123isko staciju E0387, kas atbild\u012bs augst\u0101m pras\u012bb\u0101m un k\u013c\u016bs par neaizvietojamu pal\u012bgu j\u016bsu m\u0101j\u0101s! Kas j\u016bs noteikti iepriecin\u0101s ar modernu staciju? Protams, b\u016bs temperat\u016bras un mitruma m\u0113r\u012b\u0161ana [&hellip;]<\/p>\n","protected":false},"featured_media":37507,"comment_status":"closed","ping_status":"closed","template":"","meta":{"inline_featured_image":false},"product_cat":[541],"product_tag":[],"yst_prominent_words":[],"class_list":{"0":"post-37466","1":"product","2":"type-product","3":"status-publish","4":"has-post-thumbnail","6":"product_cat-termometri-meteostacijas","8":"first","9":"outofstock","10":"taxable","11":"shipping-taxable","12":"purchasable","13":"product-type-simple"},"jetpack_sharing_enabled":true,"_links":{"self":[{"href":"https:\/\/ddt.lv\/lv\/wp-json\/wp\/v2\/product\/37466"}],"collection":[{"href":"https:\/\/ddt.lv\/lv\/wp-json\/wp\/v2\/product"}],"about":[{"href":"https:\/\/ddt.lv\/lv\/wp-json\/wp\/v2\/types\/product"}],"replies":[{"embeddable":true,"href":"https:\/\/ddt.lv\/lv\/wp-json\/wp\/v2\/comments?post=37466"}],"wp:featuredmedia":[{"embeddable":true,"href":"https:\/\/ddt.lv\/lv\/wp-json\/wp\/v2\/media\/37507"}],"wp:attachment":[{"href":"https:\/\/ddt.lv\/lv\/wp-json\/wp\/v2\/media?parent=37466"}],"wp:term":[{"taxonomy":"product_cat","embeddable":true,"href":"https:\/\/ddt.lv\/lv\/wp-json\/wp\/v2\/product_cat?post=37466"},{"taxonomy":"product_tag","embeddable":true,"href":"https:\/\/ddt.lv\/lv\/wp-json\/wp\/v2\/product_tag?post=37466"},{"taxonomy":"yst_prominent_words","embeddable":true,"href":"https:\/\/ddt.lv\/lv\/wp-json\/wp\/v2\/yst_prominent_words?post=37466"}],"curies":[{"name":"wp","href":"https:\/\/api.w.org\/{rel}","templated":true}]}}