{"id":37448,"date":"2023-05-31T11:41:09","date_gmt":"2023-05-31T08:41:09","guid":{"rendered":"https:\/\/ddt.lv\/lv\/product\/3-7v-3000mah-18650-li-ion-akumulators-sony-el-cig-hi-a\/"},"modified":"2026-04-13T09:57:18","modified_gmt":"2026-04-13T06:57:18","slug":"3-7v-3000mah-18650-li-ion-akumulators-sony-el-cig-hi-a","status":"publish","type":"product","link":"https:\/\/ddt.lv\/lv\/product\/3-7v-3000mah-18650-li-ion-akumulators-sony-el-cig-hi-a\/","title":{"rendered":"3.7V 3000mAh 18650 Li-ion akumulators SONY EL\/Cig HI\/A"},"content":{"rendered":"<p>Sony 18650 VTC6 3120mAh augstas izl\u0101des akumulators, 100% ori\u0123in\u0101lie Sony izstr\u0101d\u0101jumi.<br \/>\nIlgs glab\u0101\u0161anas laiks, viegls svars un augsts ener\u0123ijas bl\u012bvums, tiek izmantots ar liel\u0101ko da\u013cu 18650 TC un VW MOD.<\/p>","protected":false},"excerpt":{"rendered":"<p>Sony 18650 VTC6 3120mAh augstas izl\u0101des akumulators, 100% ori\u0123in\u0101lie Sony izstr\u0101d\u0101jumi. Ilgs glab\u0101\u0161anas laiks, viegls svars un augsts ener\u0123ijas bl\u012bvums, tiek izmantots ar liel\u0101ko da\u013cu 18650 TC un VW MOD.<\/p>\n","protected":false},"featured_media":37514,"comment_status":"closed","ping_status":"closed","template":"","meta":{"inline_featured_image":false},"product_cat":[456],"product_tag":[],"yst_prominent_words":[],"class_list":{"0":"post-37448","1":"product","2":"type-product","3":"status-publish","4":"has-post-thumbnail","6":"product_cat-cf-akumulatori","8":"first","9":"instock","10":"taxable","11":"shipping-taxable","12":"purchasable","13":"product-type-simple"},"jetpack_sharing_enabled":true,"_links":{"self":[{"href":"https:\/\/ddt.lv\/lv\/wp-json\/wp\/v2\/product\/37448"}],"collection":[{"href":"https:\/\/ddt.lv\/lv\/wp-json\/wp\/v2\/product"}],"about":[{"href":"https:\/\/ddt.lv\/lv\/wp-json\/wp\/v2\/types\/product"}],"replies":[{"embeddable":true,"href":"https:\/\/ddt.lv\/lv\/wp-json\/wp\/v2\/comments?post=37448"}],"wp:featuredmedia":[{"embeddable":true,"href":"https:\/\/ddt.lv\/lv\/wp-json\/wp\/v2\/media\/37514"}],"wp:attachment":[{"href":"https:\/\/ddt.lv\/lv\/wp-json\/wp\/v2\/media?parent=37448"}],"wp:term":[{"taxonomy":"product_cat","embeddable":true,"href":"https:\/\/ddt.lv\/lv\/wp-json\/wp\/v2\/product_cat?post=37448"},{"taxonomy":"product_tag","embeddable":true,"href":"https:\/\/ddt.lv\/lv\/wp-json\/wp\/v2\/product_tag?post=37448"},{"taxonomy":"yst_prominent_words","embeddable":true,"href":"https:\/\/ddt.lv\/lv\/wp-json\/wp\/v2\/yst_prominent_words?post=37448"}],"curies":[{"name":"wp","href":"https:\/\/api.w.org\/{rel}","templated":true}]}}