{"id":37435,"date":"2023-05-31T11:20:27","date_gmt":"2023-05-31T08:20:27","guid":{"rendered":"https:\/\/ddt.lv\/lv\/product\/led-prozektors-10w-ip65-900lm-3000k-smd-melns-plans-inesa\/"},"modified":"2026-04-08T14:42:46","modified_gmt":"2026-04-08T11:42:46","slug":"led-prozektors-10w-ip65-900lm-3000k-smd-melns-plans-inesa","status":"publish","type":"product","link":"https:\/\/ddt.lv\/lv\/product\/led-prozektors-10w-ip65-900lm-3000k-smd-melns-plans-inesa\/","title":{"rendered":"LED pro\u017eektors 10W IP65 900lm 3000K SMD melns pl\u0101ns INESA"},"content":{"rendered":"<p>LED pro\u017eektors 10W IP65 900lm 3000K SMD melns, pl\u0101ns no ra\u017eot\u0101ja INESA<\/p>\n<p>Nomin\u0101l\u0101 jauda 10,0 W. Nomin\u0101lais spriegums 220-240V. Darba frekvence 50\/60Hz. Nomin\u0101l\u0101 str\u0101va 0,22A. Jaudas koeficients 0,9. Nomin\u0101l\u0101 gaismas pl\u016bsma 900LM. Nomin\u0101lais stara le\u0146\u0137is (pusp\u012b\u0137a v\u0113rt\u012bba) 110\u00b0. Korel\u0113t\u0101 kr\u0101su temperat\u016bra 3000K. IP klase 65. Kr\u0101su atveido\u0161anas indekss (Ra) 80. Kop\u0113jais garums 251 mm. Kop\u0113jais platums 41 mm. Kop\u0113jais augstums 222 mm. Svars 1,26 kg. Nomin\u0101lais kalpo\u0161anas laiks 25 000 h.<\/p>","protected":false},"excerpt":{"rendered":"<p>LED pro\u017eektors 10W IP65 900lm 3000K SMD melns, pl\u0101ns no ra\u017eot\u0101ja INESA Nomin\u0101l\u0101 jauda 10,0 W. Nomin\u0101lais spriegums 220-240V. Darba frekvence 50\/60Hz. Nomin\u0101l\u0101 str\u0101va 0,22A. Jaudas koeficients 0,9. Nomin\u0101l\u0101 gaismas pl\u016bsma 900LM. Nomin\u0101lais stara le\u0146\u0137is (pusp\u012b\u0137a v\u0113rt\u012bba) 110\u00b0. Korel\u0113t\u0101 kr\u0101su temperat\u016bra 3000K. IP klase 65. Kr\u0101su atveido\u0161anas indekss (Ra) 80. Kop\u0113jais garums 251 mm. Kop\u0113jais [&hellip;]<\/p>\n","protected":false},"featured_media":37453,"comment_status":"closed","ping_status":"closed","template":"","meta":{"inline_featured_image":false},"product_cat":[772,908],"product_tag":[],"yst_prominent_words":[],"class_list":{"0":"post-37435","1":"product","2":"type-product","3":"status-publish","4":"has-post-thumbnail","6":"product_cat-atlaides","7":"product_cat-led-prozektori","9":"first","10":"outofstock","11":"sale","12":"taxable","13":"shipping-taxable","14":"purchasable","15":"product-type-simple"},"jetpack_sharing_enabled":true,"_links":{"self":[{"href":"https:\/\/ddt.lv\/lv\/wp-json\/wp\/v2\/product\/37435"}],"collection":[{"href":"https:\/\/ddt.lv\/lv\/wp-json\/wp\/v2\/product"}],"about":[{"href":"https:\/\/ddt.lv\/lv\/wp-json\/wp\/v2\/types\/product"}],"replies":[{"embeddable":true,"href":"https:\/\/ddt.lv\/lv\/wp-json\/wp\/v2\/comments?post=37435"}],"wp:featuredmedia":[{"embeddable":true,"href":"https:\/\/ddt.lv\/lv\/wp-json\/wp\/v2\/media\/37453"}],"wp:attachment":[{"href":"https:\/\/ddt.lv\/lv\/wp-json\/wp\/v2\/media?parent=37435"}],"wp:term":[{"taxonomy":"product_cat","embeddable":true,"href":"https:\/\/ddt.lv\/lv\/wp-json\/wp\/v2\/product_cat?post=37435"},{"taxonomy":"product_tag","embeddable":true,"href":"https:\/\/ddt.lv\/lv\/wp-json\/wp\/v2\/product_tag?post=37435"},{"taxonomy":"yst_prominent_words","embeddable":true,"href":"https:\/\/ddt.lv\/lv\/wp-json\/wp\/v2\/yst_prominent_words?post=37435"}],"curies":[{"name":"wp","href":"https:\/\/api.w.org\/{rel}","templated":true}]}}