{"id":37434,"date":"2023-05-31T11:20:26","date_gmt":"2023-05-31T08:20:26","guid":{"rendered":"https:\/\/ddt.lv\/lv\/product\/led-solar-prozektors-15w4k600lm-ip65-ar-sens-pults\/"},"modified":"2026-04-13T10:05:56","modified_gmt":"2026-04-13T07:05:56","slug":"led-solar-prozektors-15w4k600lm-ip65-ar-sens-pults","status":"publish","type":"product","link":"https:\/\/ddt.lv\/lv\/product\/led-solar-prozektors-15w4k600lm-ip65-ar-sens-pults\/","title":{"rendered":"LED Solar pro\u017eektors 15W,4K,600lm IP65 ar sens. pults"},"content":{"rendered":"<p><span class=\"HwtZe\" lang=\"lv\"><span class=\"jCAhz ChMk0b\"><span class=\"ryNqvb\">Entac Solar lampa tiek uzl\u0101d\u0113ta dienasgaism\u0101 un iedegas kr\u0113slas laik\u0101.<\/span><\/span> <span class=\"jCAhz ChMk0b\"><span class=\"ryNqvb\">Produkts<\/span><\/span> <span class=\"jCAhz ChMk0b\"><span class=\"ryNqvb\">ietver ieb\u016bv\u0113tu uzl\u0101d\u0113jamu akumulatoru, kas tiek autom\u0101tiski uzl\u0101d\u0113ts, izmantojot saules ener\u0123iju<\/span><\/span> <span class=\"jCAhz ChMk0b\"><span class=\"ryNqvb\">panelis.<\/span><\/span> <span class=\"jCAhz ChMk0b\"><span class=\"ryNqvb\">Pirms pirm\u0101s lieto\u0161anas reizes uzl\u0101d\u0113jiet lampu tie\u0161os saules staros 12 stundas.<\/span><\/span> <span class=\"jCAhz ChMk0b\"><span class=\"ryNqvb\">Pirmais<\/span><\/span> <span class=\"jCAhz ChMk0b\"><span class=\"ryNqvb\">uzl\u0101de var iev\u0113rojami palielin\u0101t akumulatora darb\u012bbas laiku.<\/span><\/span> <span class=\"jCAhz ChMk0b\"><span class=\"ryNqvb\">Akumulatora uzl\u0101des laiks ir aptuveni 8-10 stundas,<\/span><\/span> <span class=\"jCAhz ChMk0b\"><span class=\"ryNqvb\">apgaismojums apm\u0113ram 6 stundas.<\/span><\/span> <span class=\"jCAhz ChMk0b\"><span class=\"ryNqvb\">Apgaismo\u0161anas laiks ir atkar\u012bgs ar\u012b no saules intensit\u0101tes.<\/span><\/span> <span class=\"jCAhz ChMk0b\"><span class=\"ryNqvb\">M\u0113s neiesak\u0101m produktu priek\u0161<\/span><\/span> <span class=\"jCAhz ChMk0b\"><span class=\"ryNqvb\">lieto\u0161anai iek\u0161telp\u0101s, jo, ja nav tie\u0161as saules gaismas, akumulators<\/span><\/span> <span class=\"jCAhz ChMk0b\"><span class=\"ryNqvb\">to nevar uzl\u0101d\u0113t un lampi\u0146a neiedegas.<\/span><\/span> <span class=\"jCAhz ChMk0b\"><span class=\"ryNqvb\">Produktam ir iesl\u0113g\u0161anas\/izsl\u0113g\u0161anas sl\u0113dzis.<\/span><\/span> <span class=\"jCAhz ChMk0b\"><span class=\"ryNqvb\">Ja \u0161is<\/span><\/span> <span class=\"jCAhz ChMk0b\"><span class=\"ryNqvb\">sl\u0113dzi poz\u012bcij\u0101 OFF, lai akumulators neuzl\u0101d\u0113tos un kr\u0113slas laik\u0101 iedegtos gaisma<\/span><\/span> <span class=\"jCAhz ChMk0b\"><span class=\"ryNqvb\">neiedegas.<\/span><\/span><\/span><\/p>","protected":false},"excerpt":{"rendered":"<p>Entac Solar lampa tiek uzl\u0101d\u0113ta dienasgaism\u0101 un iedegas kr\u0113slas laik\u0101. Produkts ietver ieb\u016bv\u0113tu uzl\u0101d\u0113jamu akumulatoru, kas tiek autom\u0101tiski uzl\u0101d\u0113ts, izmantojot saules ener\u0123iju panelis. Pirms pirm\u0101s lieto\u0161anas reizes uzl\u0101d\u0113jiet lampu tie\u0161os saules staros 12 stundas. Pirmais uzl\u0101de var iev\u0113rojami palielin\u0101t akumulatora darb\u012bbas laiku. Akumulatora uzl\u0101des laiks ir aptuveni 8-10 stundas, apgaismojums apm\u0113ram 6 stundas. Apgaismo\u0161anas laiks [&hellip;]<\/p>\n","protected":false},"featured_media":37450,"comment_status":"closed","ping_status":"closed","template":"","meta":{"inline_featured_image":false},"product_cat":[772,908],"product_tag":[],"yst_prominent_words":[],"class_list":{"0":"post-37434","1":"product","2":"type-product","3":"status-publish","4":"has-post-thumbnail","6":"product_cat-atlaides","7":"product_cat-led-prozektori","9":"first","10":"instock","11":"sale","12":"taxable","13":"shipping-taxable","14":"purchasable","15":"product-type-simple"},"jetpack_sharing_enabled":true,"_links":{"self":[{"href":"https:\/\/ddt.lv\/lv\/wp-json\/wp\/v2\/product\/37434"}],"collection":[{"href":"https:\/\/ddt.lv\/lv\/wp-json\/wp\/v2\/product"}],"about":[{"href":"https:\/\/ddt.lv\/lv\/wp-json\/wp\/v2\/types\/product"}],"replies":[{"embeddable":true,"href":"https:\/\/ddt.lv\/lv\/wp-json\/wp\/v2\/comments?post=37434"}],"wp:featuredmedia":[{"embeddable":true,"href":"https:\/\/ddt.lv\/lv\/wp-json\/wp\/v2\/media\/37450"}],"wp:attachment":[{"href":"https:\/\/ddt.lv\/lv\/wp-json\/wp\/v2\/media?parent=37434"}],"wp:term":[{"taxonomy":"product_cat","embeddable":true,"href":"https:\/\/ddt.lv\/lv\/wp-json\/wp\/v2\/product_cat?post=37434"},{"taxonomy":"product_tag","embeddable":true,"href":"https:\/\/ddt.lv\/lv\/wp-json\/wp\/v2\/product_tag?post=37434"},{"taxonomy":"yst_prominent_words","embeddable":true,"href":"https:\/\/ddt.lv\/lv\/wp-json\/wp\/v2\/yst_prominent_words?post=37434"}],"curies":[{"name":"wp","href":"https:\/\/api.w.org\/{rel}","templated":true}]}}